{"id":12,"date":"2024-12-13T10:29:09","date_gmt":"2024-12-13T10:29:09","guid":{"rendered":"https:\/\/omissmartcity.com\/?page_id=12"},"modified":"2025-08-17T22:17:49","modified_gmt":"2025-08-17T22:17:49","slug":"about-us","status":"publish","type":"page","link":"https:\/\/omissmartcity.com\/hr\/about-us\/","title":{"rendered":"O nama"},"content":{"rendered":"<div data-elementor-type=\"wp-page\" data-elementor-id=\"12\" class=\"elementor elementor-12\" data-elementor-post-type=\"page\">\n\t\t\t\t<div class=\"elementor-element elementor-element-57ddd75 e-flex e-con-boxed e-con e-parent\" data-id=\"57ddd75\" data-element_type=\"container\" data-settings=\"{&quot;jet_parallax_layout_list&quot;:[]}\">\n\t\t\t\t\t<div class=\"e-con-inner\">\n\t\t\t\t<div class=\"elementor-element elementor-element-0c0450b elementor-widget elementor-widget-heading\" data-id=\"0c0450b\" data-element_type=\"widget\" data-widget_type=\"heading.default\">\n\t\t\t\t<div class=\"elementor-widget-container\">\n\t\t\t\t\t<h2 class=\"elementor-heading-title elementor-size-default\">O Omi\u0161 Smart City-u<\/h2>\t\t\t\t<\/div>\n\t\t\t\t<\/div>\n\t\t\t\t\t<\/div>\n\t\t\t\t<\/div>\n\t\t<div class=\"elementor-element elementor-element-c735921 e-flex e-con-boxed e-con e-parent\" data-id=\"c735921\" data-element_type=\"container\" data-settings=\"{&quot;jet_parallax_layout_list&quot;:[]}\">\n\t\t\t\t\t<div class=\"e-con-inner\">\n\t\t\t\t<div class=\"elementor-element elementor-element-927fdd0 elementor-widget elementor-widget-text-editor\" data-id=\"927fdd0\" data-element_type=\"widget\" data-widget_type=\"text-editor.default\">\n\t\t\t\t<div class=\"elementor-widget-container\">\n\t\t\t\t\t\t\t\t\t<h2 data-start=\"73\" data-end=\"91\">Omi\u0161SmartCity<\/h2><p data-start=\"188\" data-end=\"229\"><strong data-start=\"188\" data-end=\"229\">Informirajte se i do\u017eivite najbolje.<\/strong><\/p><p data-start=\"231\" data-end=\"511\"><strong data-start=\"231\" data-end=\"248\">Omi\u0161SmartCity<\/strong> je <strong data-start=\"254\" data-end=\"305\">jedinstvena platforma \u2014 prva takve vrste u Hrvatskoj<\/strong>\u00a0\u2014 stvoren za povezivanje cijele zajednice. Bez obzira jeste li <strong data-start=\"366\" data-end=\"384\">lokalac<\/strong> ili <strong data-start=\"390\" data-end=\"420\">posjetitelj koji istra\u017euje grad<\/strong>, na\u0161 je cilj jednostavan: informirati vas i pomo\u0107i vam da do\u017eivite najbolje od Omi\u0161a.<\/p><p data-start=\"513\" data-end=\"611\">Kroz na\u0161e <strong data-start=\"525\" data-end=\"555\">interaktivni vanjske kioske<\/strong> i <strong data-start=\"560\" data-end=\"585\">web stranicu jednostavnu za kori\u0161tenje<\/strong>, mo\u017eete lako pristupiti:<\/p><ul data-start=\"612\" data-end=\"836\"><li data-start=\"612\" data-end=\"648\"><p data-start=\"614\" data-end=\"648\">Najnovije gradske vijesti i novosti<\/p><\/li><li data-start=\"649\" data-end=\"694\"><p data-start=\"651\" data-end=\"694\">Najbolje lokalne ponude i preporuke<\/p><\/li><li data-start=\"695\" data-end=\"738\"><p data-start=\"697\" data-end=\"738\">Nadolaze\u0107i doga\u0111aji i kulturne atrakcije<\/p><\/li><li data-start=\"739\" data-end=\"790\"><p data-start=\"741\" data-end=\"790\">Bitne informacije za svakodnevni \u017eivot u Omi\u0161u<\/p><\/li><li data-start=\"791\" data-end=\"836\"><p data-start=\"793\" data-end=\"836\">Tr\u017ei\u0161te za usluge i ponude<\/p><\/li><\/ul><h3 data-start=\"135\" data-end=\"173\">\u0160to \u010dini OmisSmartCity jedinstvenim?<\/h3><ul data-start=\"174\" data-end=\"801\"><li data-start=\"174\" data-end=\"264\"><p data-start=\"176\" data-end=\"264\"><strong data-start=\"176\" data-end=\"208\">Platforma za pametni grad na jednom mjestu<\/strong> \u2013 Sve informacije, usluge i ponude na jednom mjestu.<\/p><\/li><li data-start=\"265\" data-end=\"376\"><p data-start=\"267\" data-end=\"376\"><strong data-start=\"267\" data-end=\"296\">Prvi takve vrste u Hrvatskoj<\/strong> \u2013 Pionirsko rje\u0161enje koje povezuje grad, njegove stanovnike i posjetitelje.<\/p><\/li><li data-start=\"377\" data-end=\"478\"><p data-start=\"379\" data-end=\"478\"><strong data-start=\"379\" data-end=\"395\">Za sve<\/strong> \u2013 Bez obzira \u017eivite li ovdje ili ste samo u posjeti, Omi\u0161SmartCity je stvoren za vas.<\/p><\/li><li data-start=\"479\" data-end=\"606\"><p data-start=\"481\" data-end=\"606\"><strong data-start=\"481\" data-end=\"505\">Kupujte i pla\u0107ajte s lako\u0107om<\/strong> \u2013 Od turisti\u010dkih ponuda danas do parkinga, ra\u010duna za komunalije i vau\u010dera lokalnih tvrtki sutra.<\/p><\/li><li data-start=\"607\" data-end=\"712\"><p data-start=\"609\" data-end=\"712\"><strong data-start=\"609\" data-end=\"641\">Osna\u017eivanje lokalnog gospodarstva<\/strong> \u2013 Podr\u017eavanje tvrtki dono\u0161enjem njihovih ponuda izravno ljudima.<\/p><\/li><li data-start=\"713\" data-end=\"801\"><p data-start=\"715\" data-end=\"801\"><strong data-start=\"715\" data-end=\"736\">Uvijek dostupno<\/strong> \u2013 Na vanjskim kioscima diljem grada ili online s bilo kojeg ure\u0111aja.<\/p><\/li><\/ul><p><strong data-start=\"188\" data-end=\"229\">Informirajte se i do\u017eivite najbolje.<\/strong><\/p><hr data-start=\"803\" data-end=\"806\" \/>\t\t\t\t\t\t\t\t<\/div>\n\t\t\t\t<\/div>\n\t\t\t\t\t<\/div>\n\t\t\t\t<\/div>\n\t\t<div class=\"elementor-element elementor-element-fde5c8b e-flex e-con-boxed e-con e-parent\" data-id=\"fde5c8b\" data-element_type=\"container\" data-settings=\"{&quot;jet_parallax_layout_list&quot;:[]}\">\n\t\t\t\t\t<div class=\"e-con-inner\">\n\t\t\t\t<div class=\"elementor-element elementor-element-faee897 elementor-widget elementor-widget-text-editor\" data-id=\"faee897\" data-element_type=\"widget\" data-widget_type=\"text-editor.default\">\n\t\t\t\t<div class=\"elementor-widget-container\">\n\t\t\t\t\t\t\t\t\t<h1><span style=\"color: inherit; font-family: inherit; font-size: 2rem;\">NIKA DIGITALNA RJE\u0160ENJA D.O.O.<\/span><\/h1><p><span class=\"HwtZe\" lang=\"en\"><span class=\"jCAhz ChMk0b\"><span class=\"ryNqvb\">Mi smo proizvodna tvrtka specijalizirana za izradu rje\u0161enja po sistemu \"klju\u010d u ruke\" za digitalna interaktivna rje\u0161enja.<\/span><\/span><\/span><\/p><p><strong>NIKA DIGITALNA RJE\u0160ENJA D.O.O.<\/strong><\/p><p><strong>Sjedi\u0161te:<\/strong> Vukovarska cesta 56, 21310 Omi\u0161<br \/><strong>Ured: <\/strong>Technology Park Split, Dra\u010devac 3D, 21000<br \/><strong>OIB:<\/strong> 36082146353<br \/><strong>VAT Number:<\/strong> HR36082146353<br \/><strong>Direktor:<\/strong> Vedran Sablji\u0107<\/p><h3>Kontakt informacije<\/h3><p><strong>Email:<\/strong> info@omissmartcity.com<br \/><strong>Mobitel:<\/strong> +385959032067<\/p><p><strong>Tehni\u010dka podr\u0161ka:<\/strong> support@omissmartcity.com<br \/><strong>Online rezervacije:<\/strong> booking@omissmartcity.com<br \/><strong>Pravni upiti:<\/strong> info@omissmartcity.com<\/p><hr \/><p><em>Omi\u0161SmartCity - Informirajte se i do\u017eivite najbolje.<\/em><\/p>\t\t\t\t\t\t\t\t<\/div>\n\t\t\t\t<\/div>\n\t\t\t\t\t<\/div>\n\t\t\t\t<\/div>\n\t\t\t\t<\/div>","protected":false},"excerpt":{"rendered":"<p>About Omis Smart City Omi\u0161SmartCity Get informed and experience the best. Omi\u0161SmartCity is a unique platform \u2014 the first of its kind in Croatia\u00a0\u2014 created to connect the entire community. Whether you\u2019re a local resident or a visitor exploring the city, our goal is simple: to keep you informed and help you experience the very [&hellip;]<\/p>","protected":false},"author":1,"featured_media":0,"parent":0,"menu_order":0,"comment_status":"closed","ping_status":"closed","template":"","meta":{"_acf_changed":false,"_monsterinsights_skip_tracking":false,"_monsterinsights_sitenote_active":false,"_monsterinsights_sitenote_note":"","_monsterinsights_sitenote_category":0,"_uf_show_specific_survey":0,"_uf_disable_surveys":false,"footnotes":""},"class_list":["post-12","page","type-page","status-publish","hentry"],"acf":[],"aioseo_notices":[],"_links":{"self":[{"href":"https:\/\/omissmartcity.com\/hr\/wp-json\/wp\/v2\/pages\/12","targetHints":{"allow":["GET"]}}],"collection":[{"href":"https:\/\/omissmartcity.com\/hr\/wp-json\/wp\/v2\/pages"}],"about":[{"href":"https:\/\/omissmartcity.com\/hr\/wp-json\/wp\/v2\/types\/page"}],"author":[{"embeddable":true,"href":"https:\/\/omissmartcity.com\/hr\/wp-json\/wp\/v2\/users\/1"}],"replies":[{"embeddable":true,"href":"https:\/\/omissmartcity.com\/hr\/wp-json\/wp\/v2\/comments?post=12"}],"version-history":[{"count":0,"href":"https:\/\/omissmartcity.com\/hr\/wp-json\/wp\/v2\/pages\/12\/revisions"}],"wp:attachment":[{"href":"https:\/\/omissmartcity.com\/hr\/wp-json\/wp\/v2\/media?parent=12"}],"curies":[{"name":"wp","href":"https:\/\/api.w.org\/{rel}","templated":true}]}}