{"id":16,"date":"2024-12-13T10:29:45","date_gmt":"2024-12-13T10:29:45","guid":{"rendered":"https:\/\/omissmartcity.com\/?page_id=16"},"modified":"2025-08-17T22:51:15","modified_gmt":"2025-08-17T22:51:15","slug":"terms-conditions","status":"publish","type":"page","link":"https:\/\/omissmartcity.com\/hr\/terms-conditions\/","title":{"rendered":"Uvjeti i odredbe"},"content":{"rendered":"<div data-elementor-type=\"wp-page\" data-elementor-id=\"16\" class=\"elementor elementor-16\" data-elementor-post-type=\"page\">\n\t\t\t\t<div class=\"elementor-element elementor-element-d7a5832 e-flex e-con-boxed e-con e-parent\" data-id=\"d7a5832\" data-element_type=\"container\" data-settings=\"{&quot;jet_parallax_layout_list&quot;:[]}\">\n\t\t\t\t\t<div class=\"e-con-inner\">\n\t\t\t\t<div class=\"elementor-element elementor-element-e627f41 elementor-widget elementor-widget-heading\" data-id=\"e627f41\" data-element_type=\"widget\" data-widget_type=\"heading.default\">\n\t\t\t\t<div class=\"elementor-widget-container\">\n\t\t\t\t\t<h2 class=\"elementor-heading-title elementor-size-default\">Uvjeti i odredbe<\/h2>\t\t\t\t<\/div>\n\t\t\t\t<\/div>\n\t\t\t\t\t<\/div>\n\t\t\t\t<\/div>\n\t\t<div class=\"elementor-element elementor-element-59dbaa6 e-flex e-con-boxed e-con e-parent\" data-id=\"59dbaa6\" data-element_type=\"container\" data-settings=\"{&quot;jet_parallax_layout_list&quot;:[]}\">\n\t\t\t\t\t<div class=\"e-con-inner\">\n\t\t\t\t<div class=\"elementor-element elementor-element-8b3955b elementor-widget elementor-widget-text-editor\" data-id=\"8b3955b\" data-element_type=\"widget\" data-widget_type=\"text-editor.default\">\n\t\t\t\t<div class=\"elementor-widget-container\">\n\t\t\t\t\t\t\t\t\t<h2>OMI\u0160 SMART CITY DIGITALNE USLUGE<\/h2><p data-start=\"189\" data-end=\"220\"><strong data-start=\"189\" data-end=\"220\">Zadnje a\u017euriranje: 01.08.2025.<\/strong><\/p><p data-start=\"222\" data-end=\"372\">Dobrodo\u0161li u <strong data-start=\"233\" data-end=\"250\">OmisSmartCity<\/strong>Kori\u0161tenjem na\u0161e web stranice, kioska i usluga prihva\u0107ate sljede\u0107e Uvjete i odredbe. Molimo vas da ih pa\u017eljivo pro\u010ditate.<\/p><hr data-start=\"374\" data-end=\"377\" \/><h2 data-start=\"379\" data-end=\"394\">1. Op\u0107enito<\/h2><ul data-start=\"395\" data-end=\"668\"><li data-start=\"395\" data-end=\"509\"><p data-start=\"397\" data-end=\"509\">OmisSmartCity je platforma za pametni grad Omi\u0161a koja nudi informacije, usluge i online trgovinu na jednom mjestu.<\/p><\/li><li data-start=\"510\" data-end=\"589\"><p data-start=\"512\" data-end=\"589\">Ovi Uvjeti i odredbe primjenjuju se na sve korisnike, bez obzira jesu li stanovnici ili posjetitelji.<\/p><\/li><li data-start=\"590\" data-end=\"668\"><p data-start=\"592\" data-end=\"668\">Kupnjom putem OmisSmartCityja pristajete na ove uvjete.<\/p><\/li><\/ul><h2 data-start=\"675\" data-end=\"702\">2. Narud\u017ebe i usluge<\/h2><ul data-start=\"703\" data-end=\"1009\"><li data-start=\"703\" data-end=\"796\"><p data-start=\"705\" data-end=\"796\">Na\u0161a web trgovina vam omogu\u0107uje kupnju <strong data-start=\"740\" data-end=\"793\">turisti\u010dke ponude, vau\u010deri i ostale gradske usluge<\/strong>.<\/p><\/li><li data-start=\"797\" data-end=\"916\"><p data-start=\"799\" data-end=\"916\">Budu\u0107e usluge mogu uklju\u010divati \u200b\u200bmogu\u0107nost pla\u0107anja za <strong data-start=\"850\" data-end=\"913\">parking, ra\u010duni za struju, vodu i ostale lokalne usluge<\/strong>.<\/p><\/li><li data-start=\"917\" data-end=\"1009\"><p data-start=\"919\" data-end=\"1009\">Narud\u017ebom potvr\u0111ujete da su svi navedeni podaci to\u010dni i potpuni.<\/p><\/li><\/ul><h2 data-start=\"1016\" data-end=\"1032\">3. Pla\u0107anja<\/h2><ul data-start=\"1033\" data-end=\"1270\"><li data-start=\"1033\" data-end=\"1099\"><p data-start=\"1035\" data-end=\"1099\">Pla\u0107anja se obra\u0111uju sigurno putem <strong data-start=\"1075\" data-end=\"1096\">Stripe i PayPal<\/strong>.<\/p><\/li><li data-start=\"1100\" data-end=\"1159\"><p data-start=\"1102\" data-end=\"1159\">OmisSmartCity ne pohranjuje va\u0161e potpune podatke o pla\u0107anju.<\/p><\/li><li data-start=\"1160\" data-end=\"1270\"><p data-start=\"1162\" data-end=\"1270\">Cijene su prikazane u [umetnite valutu, npr. EUR] i uklju\u010duju primjenjive poreze osim ako nije druga\u010dije navedeno.<\/p><\/li><\/ul><h2 data-start=\"1277\" data-end=\"1318\">4. Kuponi i usluge tre\u0107ih strana<\/h2><ul data-start=\"1319\" data-end=\"1579\"><li data-start=\"1319\" data-end=\"1410\"><p data-start=\"1321\" data-end=\"1410\">Neke ponude i usluge pru\u017eaju <strong data-start=\"1362\" data-end=\"1407\">lokalne tvrtke i partneri tre\u0107ih strana<\/strong>.<\/p><\/li><li data-start=\"1411\" data-end=\"1484\"><p data-start=\"1413\" data-end=\"1484\">OmisSmartCity djeluje kao platforma koja vas povezuje s tim pru\u017eateljima usluga.<\/p><\/li><li data-start=\"1485\" data-end=\"1579\"><p data-start=\"1487\" data-end=\"1579\">Odgovornost za pru\u017eanje kupljene usluge le\u017ei na odgovaraju\u0107em pru\u017eatelju usluga.<\/p><\/li><\/ul><h2 data-start=\"1586\" data-end=\"1619\">5. Otkazivanja i povrat novca<\/h2><ul data-start=\"1620\" data-end=\"2008\"><li data-start=\"1620\" data-end=\"1700\"><p data-start=\"1622\" data-end=\"1700\">Povrat novca ili otkazivanje ovisi o vrsti usluge ili kupljenog vau\u010dera.<\/p><\/li><li data-start=\"1701\" data-end=\"1810\"><p data-start=\"1703\" data-end=\"1810\">Za vau\u010dere i usluge tre\u0107ih strana primjenjuju se pravila povrata\/otkazivanja odgovaraju\u0107eg pru\u017eatelja usluga.<\/p><\/li><li data-start=\"1811\" data-end=\"1868\"><p data-start=\"1813\" data-end=\"1868\">Molimo provjerite uvjete svake ponude prije kupnje.<\/p><\/li><li data-start=\"1869\" data-end=\"2008\"><p data-start=\"1871\" data-end=\"2008\">Ako imate problema, mo\u017eete nas kontaktirati na <strong data-start=\"1921\" data-end=\"1947\">info@omissmartcity.com<\/strong>, a mi \u0107emo vam pomo\u0107i u rje\u0161avanju problema s pru\u017eateljem usluga.<\/p><\/li><\/ul><h2 data-start=\"2015\" data-end=\"2044\">6. Odgovornosti korisnika<\/h2><ul data-start=\"2045\" data-end=\"2224\"><li data-start=\"2045\" data-end=\"2134\"><p data-start=\"2047\" data-end=\"2134\">Sla\u017eete se da \u0107ete OmisSmartCity koristiti zakonito, a ne za prijevarne ili \u0161tetne aktivnosti.<\/p><\/li><li data-start=\"2135\" data-end=\"2224\"><p data-start=\"2137\" data-end=\"2224\">Odgovorni ste za odr\u017eavanje povjerljivosti svog ra\u010duna (ako je kreiran).<\/p><\/li><\/ul><h2 data-start=\"2231\" data-end=\"2248\">7. Odgovornost<\/h2><ul data-start=\"2249\" data-end=\"2601\"><li data-start=\"2249\" data-end=\"2374\"><p data-start=\"2251\" data-end=\"2374\">OmisSmartCity nastoji pru\u017eiti to\u010dne i a\u017eurne informacije, ali ne mo\u017ee jam\u010diti da je sav sadr\u017eaj bez gre\u0161aka.<\/p><\/li><li data-start=\"2375\" data-end=\"2532\"><p data-start=\"2377\" data-end=\"2532\">Za usluge tre\u0107ih strana (npr. vau\u010dere, turisti\u010dke ponude, komunalne usluge), OmisSmartCity nije <strong data-start=\"2464\" data-end=\"2483\">odgovoran<\/strong> za pru\u017eanje usluge, kvalitetu ili ispunjenje.<\/p><\/li><li data-start=\"2533\" data-end=\"2601\"><p data-start=\"2535\" data-end=\"2601\">Na\u0161a odgovornost je ograni\u010dena na maksimalnu zakonom dopu\u0161tenu mjeru.<\/p><\/li><\/ul><h2 data-start=\"2608\" data-end=\"2623\">8. Privatnost<\/h2><p data-start=\"2624\" data-end=\"2750\">Va\u0161e kori\u0161tenje OmisSmartCityja tako\u0111er je regulirano na\u0161im <strong data-start=\"2674\" data-end=\"2694\">Pravilima o privatnosti<\/strong>, koja obja\u0161njavaju kako prikupljamo i obra\u0111ujemo va\u0161e podatke.<\/p><h2 data-start=\"2757\" data-end=\"2793\">9. Zakon i nadle\u017enost<\/h2><ul data-start=\"2794\" data-end=\"3104\"><li data-start=\"2794\" data-end=\"2965\"><p data-start=\"2796\" data-end=\"2965\">Ovi Uvjeti i odredbe podlije\u017eu zakonima i tuma\u010de se u skladu s njima. <strong data-start=\"2893\" data-end=\"2916\">Republika Hrvatska<\/strong> i i primjenjivim <strong data-start=\"2932\" data-end=\"2962\">propisima Europske unije<\/strong>.<\/p><\/li><li data-start=\"2966\" data-end=\"3104\"><p data-start=\"2968\" data-end=\"3104\">Svi sporovi koji proizlaze iz kori\u0161tenja OmisSmartCityja podlije\u017eu <strong data-start=\"3043\" data-end=\"3101\">isklju\u010diva nadle\u017enost sudova u Splitu, Hrvatska<\/strong>.<\/p><\/li><\/ul><h2 data-start=\"3111\" data-end=\"3136\">10. Izmjene uvjeta<\/h2><p data-start=\"3137\" data-end=\"3262\">Ove Uvjete i odredbe mo\u017eemo s vremena na vrijeme a\u017eurirati. Sve promjene bit \u0107e objavljene na ovoj stranici s a\u017euriranim datumom.<\/p><h2 data-start=\"3269\" data-end=\"3285\">11. Kontakt<\/h2><p data-start=\"3286\" data-end=\"3411\">Ako imate pitanja o ovim Uvjetima i odredbama, molimo kontaktirajte nas:<br data-start=\"3358\" data-end=\"3361\" \/><strong data-start=\"3361\" data-end=\"3409\">Nika digitalna rje\u0161enja d.o.o., Vukovarska cesta 56, 21310 Omi\u0161, info@omissmartcity.com, +385959032067<\/strong><\/p><p>\u00a0<\/p><hr \/><p><em>Ovaj dokument je pripremljen u skladu s hrvatskim zakonodavstvom, propisima EU o za\u0161titi potro\u0161a\u010da i najboljim praksama u turizmu i industriji digitalnih usluga.<\/em><\/p>\t\t\t\t\t\t\t\t<\/div>\n\t\t\t\t<\/div>\n\t\t\t\t\t<\/div>\n\t\t\t\t<\/div>\n\t\t\t\t<\/div>","protected":false},"excerpt":{"rendered":"<p>Terms &amp; Conditions OMI\u0160 SMART CITY DIGITAL SERVICES Last updated: 01.08.2025 Welcome to OmisSmartCity. By using our website, kiosks, and services, you agree to the following Terms &amp; Conditions. Please read them carefully. 1. General OmisSmartCity is a one-stop smart city platform for Omi\u0161, providing information, services, and an online shop. These Terms &amp; Conditions [&hellip;]<\/p>","protected":false},"author":1,"featured_media":0,"parent":0,"menu_order":0,"comment_status":"closed","ping_status":"closed","template":"","meta":{"_acf_changed":false,"_monsterinsights_skip_tracking":false,"_monsterinsights_sitenote_active":false,"_monsterinsights_sitenote_note":"","_monsterinsights_sitenote_category":0,"_uf_show_specific_survey":0,"_uf_disable_surveys":false,"footnotes":""},"class_list":["post-16","page","type-page","status-publish","hentry"],"acf":[],"aioseo_notices":[],"_links":{"self":[{"href":"https:\/\/omissmartcity.com\/hr\/wp-json\/wp\/v2\/pages\/16","targetHints":{"allow":["GET"]}}],"collection":[{"href":"https:\/\/omissmartcity.com\/hr\/wp-json\/wp\/v2\/pages"}],"about":[{"href":"https:\/\/omissmartcity.com\/hr\/wp-json\/wp\/v2\/types\/page"}],"author":[{"embeddable":true,"href":"https:\/\/omissmartcity.com\/hr\/wp-json\/wp\/v2\/users\/1"}],"replies":[{"embeddable":true,"href":"https:\/\/omissmartcity.com\/hr\/wp-json\/wp\/v2\/comments?post=16"}],"version-history":[{"count":0,"href":"https:\/\/omissmartcity.com\/hr\/wp-json\/wp\/v2\/pages\/16\/revisions"}],"wp:attachment":[{"href":"https:\/\/omissmartcity.com\/hr\/wp-json\/wp\/v2\/media?parent=16"}],"curies":[{"name":"wp","href":"https:\/\/api.w.org\/{rel}","templated":true}]}}