{"id":18,"date":"2024-12-13T10:29:53","date_gmt":"2024-12-13T10:29:53","guid":{"rendered":"https:\/\/omissmartcity.com\/?page_id=18"},"modified":"2025-08-17T22:55:51","modified_gmt":"2025-08-17T22:55:51","slug":"cookie-policy","status":"publish","type":"page","link":"https:\/\/omissmartcity.com\/hr\/cookie-policy\/","title":{"rendered":"Pravila o kola\u010di\u0107ima"},"content":{"rendered":"<div data-elementor-type=\"wp-page\" data-elementor-id=\"18\" class=\"elementor elementor-18\" data-elementor-post-type=\"page\">\n\t\t\t\t<div class=\"elementor-element elementor-element-fb2ac47 e-flex e-con-boxed e-con e-parent\" data-id=\"fb2ac47\" data-element_type=\"container\" data-settings=\"{&quot;jet_parallax_layout_list&quot;:[]}\">\n\t\t\t\t\t<div class=\"e-con-inner\">\n\t\t\t\t<div class=\"elementor-element elementor-element-0268046 elementor-widget elementor-widget-heading\" data-id=\"0268046\" data-element_type=\"widget\" data-widget_type=\"heading.default\">\n\t\t\t\t<div class=\"elementor-widget-container\">\n\t\t\t\t\t<h1 class=\"elementor-heading-title elementor-size-default\">Pravila o kola\u010di\u0107ima<\/h1>\t\t\t\t<\/div>\n\t\t\t\t<\/div>\n\t\t\t\t\t<\/div>\n\t\t\t\t<\/div>\n\t\t<div class=\"elementor-element elementor-element-d636b95 e-flex e-con-boxed e-con e-parent\" data-id=\"d636b95\" data-element_type=\"container\" data-settings=\"{&quot;jet_parallax_layout_list&quot;:[]}\">\n\t\t\t\t\t<div class=\"e-con-inner\">\n\t\t\t\t<div class=\"elementor-element elementor-element-acf1eef elementor-widget elementor-widget-text-editor\" data-id=\"acf1eef\" data-element_type=\"widget\" data-widget_type=\"text-editor.default\">\n\t\t\t\t<div class=\"elementor-widget-container\">\n\t\t\t\t\t\t\t\t\t<h2>OMI\u0160 SMART CITY DIGITALNE USLUGE<\/h2><p><strong>Zadnje a\u017euriranje:<\/strong> 01.08.2025<\/p><p data-start=\"225\" data-end=\"505\">OmisSmartCity (\u201emi\u201c, \u201ena\u0161\u201c ili \u201enas\u201c) koristi kola\u010di\u0107e i sli\u010dne tehnologije na na\u0161oj web stranici i kioscima kako bi pobolj\u0161ao va\u0161e iskustvo, pru\u017eio personalizirani sadr\u017eaj i analizirao kako se koriste na\u0161e usluge. Ova Pravila o kola\u010di\u0107ima obja\u0161njavaju \u0161to su kola\u010di\u0107i, kako ih koristimo i va\u0161e mogu\u0107nosti odabira.<\/p><h2 data-start=\"512\" data-end=\"537\">1. \u0160to su kola\u010di\u0107i?<\/h2><p data-start=\"538\" data-end=\"711\">Kola\u010di\u0107i su male tekstualne datoteke koje se pohranjuju na va\u0161 ure\u0111aj kada posjetite web-mjesto. Poma\u017eu web-mjestima da zapamte informacije o va\u0161em posjetu, kao \u0161to su va\u0161e postavke ili radnje.<\/p><h2 data-start=\"718\" data-end=\"749\">2. Vrste kola\u010di\u0107a koje koristimo<\/h2><div class=\"_tableContainer_1rjym_1\"><div class=\"_tableWrapper_1rjym_13 group flex w-fit flex-col-reverse\" tabindex=\"-1\"><table class=\"w-fit min-w-(--thread-content-width)\" data-start=\"751\" data-end=\"1225\"><thead data-start=\"751\" data-end=\"780\"><tr data-start=\"751\" data-end=\"780\"><th data-start=\"751\" data-end=\"758\" data-col-size=\"sm\">Vrsta<\/th><th data-start=\"758\" data-end=\"768\" data-col-size=\"md\">Svrha<\/th><th data-start=\"768\" data-end=\"780\" data-col-size=\"sm\">Primjeri<\/th><\/tr><\/thead><tbody data-start=\"810\" data-end=\"1225\"><tr data-start=\"810\" data-end=\"921\"><td data-start=\"810\" data-end=\"835\" data-col-size=\"sm\"><strong data-start=\"812\" data-end=\"834\">Strogo neophodno<\/strong><\/td><td data-col-size=\"md\" data-start=\"835\" data-end=\"883\">Potrebno za ispravno funkcioniranje web stranice<\/td><td data-col-size=\"sm\" data-start=\"883\" data-end=\"921\">Prijava na sesije, funkcionalnost ko\u0161arice<\/td><\/tr><tr data-start=\"922\" data-end=\"1023\"><td data-start=\"922\" data-end=\"952\" data-col-size=\"sm\"><strong data-start=\"924\" data-end=\"951\">Performanse i analitika<\/strong><\/td><td data-col-size=\"md\" data-start=\"952\" data-end=\"1003\">Pomozite nam da shvatimo kako posjetitelji koriste na\u0161u platformu<\/td><td data-col-size=\"sm\" data-start=\"1003\" data-end=\"1023\">Google Analitike<\/td><\/tr><tr data-start=\"1024\" data-end=\"1121\"><td data-start=\"1024\" data-end=\"1041\" data-col-size=\"sm\"><strong data-start=\"1026\" data-end=\"1040\">Funkcionalno<\/strong><\/td><td data-col-size=\"md\" data-start=\"1041\" data-end=\"1081\">Zapamtite svoje preferencije i izbore<\/td><td data-col-size=\"sm\" data-start=\"1081\" data-end=\"1121\">Odabir jezika, postavke prikaza<\/td><\/tr><tr data-start=\"1122\" data-end=\"1225\"><td data-start=\"1122\" data-end=\"1152\" data-col-size=\"sm\"><strong data-start=\"1124\" data-end=\"1151\">Ogla\u0161avanje i marketing<\/strong><\/td><td data-col-size=\"md\" data-start=\"1152\" data-end=\"1199\">Prika\u017eite relevantne oglase i pratite u\u010dinkovitost<\/td><td data-col-size=\"sm\" data-start=\"1199\" data-end=\"1225\">Meta piksel, Google oglasi<\/td><\/tr><\/tbody><\/table><\/div><\/div><h2 data-start=\"1232\" data-end=\"1259\">3. Kola\u010di\u0107i tre\u0107ih strana<\/h2><p data-start=\"1260\" data-end=\"1295\">Koristimo usluge tre\u0107ih strana kao \u0161to su:<\/p><ul data-start=\"1296\" data-end=\"1499\"><li data-start=\"1296\" data-end=\"1370\"><p data-start=\"1298\" data-end=\"1370\"><strong data-start=\"1298\" data-end=\"1318\">Google Analitike<\/strong> \u2013 analizirati promet na web stranici i pobolj\u0161ati usluge<\/p><\/li><li data-start=\"1371\" data-end=\"1443\"><p data-start=\"1373\" data-end=\"1443\"><strong data-start=\"1373\" data-end=\"1398\">Meta (Facebook) Pixel<\/strong> \u2013 za ogla\u0161avanje i personalizirani sadr\u017eaj<\/p><\/li><li data-start=\"1444\" data-end=\"1499\"><p data-start=\"1446\" data-end=\"1499\"><strong data-start=\"1446\" data-end=\"1465\">Stripe &amp; PayPal<\/strong> - za sigurnu obradu pla\u0107anja<\/p><\/li><\/ul><p data-start=\"1501\" data-end=\"1582\">Ove tre\u0107e strane tako\u0111er mogu koristiti kola\u010di\u0107e kada koristite njihove usluge.<\/p><h2 data-start=\"1589\" data-end=\"1616\">4. Va\u0161i odabiri kola\u010di\u0107a<\/h2><p data-start=\"1617\" data-end=\"1691\">Kola\u010di\u0107ima mo\u017eete upravljati ili ih onemogu\u0107iti u postavkama preglednika. Napomena:<\/p><ul data-start=\"1692\" data-end=\"1920\"><li data-start=\"1692\" data-end=\"1788\"><p data-start=\"1694\" data-end=\"1788\">Onemogu\u0107avanje <strong data-start=\"1704\" data-end=\"1734\">strogo potrebnih kola\u010di\u0107a<\/strong> mo\u017ee sprije\u010diti funkcioniranje dijelova platforme.<\/p><\/li><li data-start=\"1789\" data-end=\"1920\"><p data-start=\"1791\" data-end=\"1920\">Tako\u0111er se mo\u017eete isklju\u010diti iz <strong data-start=\"1815\" data-end=\"1844\">Pra\u0107enje Google Analitike<\/strong> putem <a class=\"cursor-pointer\" target=\"_new\" rel=\"noopener\" data-start=\"1849\" data-end=\"1917\">Google Analytics Opt-Out<\/a>.<\/p><\/li><\/ul><h2 data-start=\"1927\" data-end=\"1942\">5. Privola<\/h2><p data-start=\"1943\" data-end=\"2143\">Kada prvi put posjetite OmisSmartCity, mo\u017eemo zatra\u017eiti va\u0161 pristanak za kori\u0161tenje odre\u0111enih kola\u010di\u0107a (npr. analiti\u010dkih ili reklamnih kola\u010di\u0107a). Svoje postavke mo\u017eete promijeniti u bilo kojem trenutku u postavkama preglednika.<\/p><h2 data-start=\"2150\" data-end=\"2187\">6. Izmjene ove Politike kola\u010di\u0107a<\/h2><p data-start=\"2188\" data-end=\"2304\">Ovu Politiku kola\u010di\u0107a mo\u017eemo s vremena na vrijeme a\u017eurirati. Sve promjene bit \u0107e objavljene na ovoj stranici s a\u017euriranim datumom.<\/p><h2 data-start=\"2311\" data-end=\"2326\">7. Kontakt<\/h2><p data-start=\"2327\" data-end=\"2438\">Za pitanja o na\u0161oj upotrebi kola\u010di\u0107a, molimo kontaktirajte nas:<br data-start=\"2385\" data-end=\"2388\" \/><strong data-start=\"2388\" data-end=\"2436\">Nika digitalna rje\u0161enja d.o.o., Vukovarska cesta 56, 21310 Omi\u0161, info@omissmartcity.com, +385959032067<\/strong><\/p><hr \/><p><em>Ova Pravila o kola\u010di\u0107ima osmi\u0161ljena su kako bi bila transparentna u pogledu na\u0161ih praksi kori\u0161tenja podataka, a istovremeno vam osigurala kontrolu nad va\u0161im digitalnim iskustvom s uslugama Omi\u0161 Smart City-a.<\/em><\/p>\t\t\t\t\t\t\t\t<\/div>\n\t\t\t\t<\/div>\n\t\t\t\t\t<\/div>\n\t\t\t\t<\/div>\n\t\t\t\t<\/div>","protected":false},"excerpt":{"rendered":"<p>Cookie policy OMI\u0160 SMART CITY DIGITAL SERVICES Last Updated: 01.08.2025 OmisSmartCity (\u201cwe\u201d, \u201cour\u201d, or \u201cus\u201d) uses cookies and similar technologies on our website and kiosks to improve your experience, provide personalized content, and analyze how our services are used. This Cookie Policy explains what cookies are, how we use them, and your choices. 1. What [&hellip;]<\/p>","protected":false},"author":1,"featured_media":0,"parent":0,"menu_order":0,"comment_status":"closed","ping_status":"closed","template":"","meta":{"_acf_changed":false,"_monsterinsights_skip_tracking":false,"_monsterinsights_sitenote_active":false,"_monsterinsights_sitenote_note":"","_monsterinsights_sitenote_category":0,"_uf_show_specific_survey":0,"_uf_disable_surveys":false,"footnotes":""},"class_list":["post-18","page","type-page","status-publish","hentry"],"acf":[],"aioseo_notices":[],"_links":{"self":[{"href":"https:\/\/omissmartcity.com\/hr\/wp-json\/wp\/v2\/pages\/18","targetHints":{"allow":["GET"]}}],"collection":[{"href":"https:\/\/omissmartcity.com\/hr\/wp-json\/wp\/v2\/pages"}],"about":[{"href":"https:\/\/omissmartcity.com\/hr\/wp-json\/wp\/v2\/types\/page"}],"author":[{"embeddable":true,"href":"https:\/\/omissmartcity.com\/hr\/wp-json\/wp\/v2\/users\/1"}],"replies":[{"embeddable":true,"href":"https:\/\/omissmartcity.com\/hr\/wp-json\/wp\/v2\/comments?post=18"}],"version-history":[{"count":0,"href":"https:\/\/omissmartcity.com\/hr\/wp-json\/wp\/v2\/pages\/18\/revisions"}],"wp:attachment":[{"href":"https:\/\/omissmartcity.com\/hr\/wp-json\/wp\/v2\/media?parent=18"}],"curies":[{"name":"wp","href":"https:\/\/api.w.org\/{rel}","templated":true}]}}