{"id":2492,"date":"2025-07-29T11:17:24","date_gmt":"2025-07-29T11:17:24","guid":{"rendered":"https:\/\/omissmartcity.com\/?page_id=2492"},"modified":"2025-07-30T15:26:19","modified_gmt":"2025-07-30T15:26:19","slug":"church-of-st-peter","status":"publish","type":"page","link":"https:\/\/omissmartcity.com\/hr\/church-of-st-peter\/","title":{"rendered":"Crkva sv. Petra"},"content":{"rendered":"<div data-elementor-type=\"wp-page\" data-elementor-id=\"2492\" class=\"elementor elementor-2492\" data-elementor-post-type=\"page\">\n\t\t\t\t<div class=\"elementor-element elementor-element-fa5dfb6 e-flex e-con-boxed e-con e-parent\" data-id=\"fa5dfb6\" data-element_type=\"container\" data-settings=\"{&quot;jet_parallax_layout_list&quot;:[]}\">\n\t\t\t\t\t<div class=\"e-con-inner\">\n\t\t<div class=\"elementor-element elementor-element-7416525 e-con-full e-flex e-con e-child\" data-id=\"7416525\" data-element_type=\"container\" data-settings=\"{&quot;jet_parallax_layout_list&quot;:[]}\">\n\t\t\t\t<div class=\"elementor-element elementor-element-a2e7424 elementor-widget elementor-widget-heading\" data-id=\"a2e7424\" data-element_type=\"widget\" data-widget_type=\"heading.default\">\n\t\t\t\t<div class=\"elementor-widget-container\">\n\t\t\t\t\t<h2 class=\"elementor-heading-title elementor-size-default\">Crkva sv. Petra <\/h2>\t\t\t\t<\/div>\n\t\t\t\t<\/div>\n\t\t\t\t<div class=\"elementor-element elementor-element-3996db2 elementor-widget elementor-widget-gallery 4\" data-id=\"3996db2\" data-element_type=\"widget\" data-widget_type=\"gallery 4.default\">\n\t\t\t\t<div class=\"elementor-widget-container\">\n\t\t\t\t\t\t<div class=\"galgrid numbimgs3\">\r\n\t\r\n\r\n\t\t\t\r\n\r\n\t\t\t<div class=\"gridimg first\">\r\n\t\t\t\t<a href=\"https:\/\/omissmartcity.com\/wp-content\/uploads\/2025\/07\/Omis-crkva_sv_petra.jpg\" data-elementor-open-lightbox=\"yes\" data-elementor-lightbox-slideshow=\"gall\">\r\n\t\t\t<img decoding=\"async\" src=\"https:\/\/omissmartcity.com\/wp-content\/uploads\/2025\/07\/Omis-crkva_sv_petra.jpg\" \/>\r\n\t\t<\/a>\r\n\t\t\t<\/div>\r\n\r\n\t\t\r\n\r\n\t\t\t\r\n\r\n\t\t\t<div class=\"gridimg img1\">\r\n\t\t\t\t<a href=\"https:\/\/omissmartcity.com\/wp-content\/uploads\/2025\/07\/Omis_predromansky_kostelik_sv._Petra_6._stol.jpg\" data-elementor-open-lightbox=\"yes\" data-elementor-lightbox-slideshow=\"gall\">\r\n\t\t\t<img decoding=\"async\" src=\"https:\/\/omissmartcity.com\/wp-content\/uploads\/2025\/07\/Omis_predromansky_kostelik_sv._Petra_6._stol.jpg\" \/>\r\n\t\t<\/a>\r\n\t\t\t<\/div>\r\n\r\n\t\t\r\n\r\n\t\t\t\r\n\r\n\t\t\t<div class=\"gridimg img2\">\r\n\t\t\t\t<a href=\"https:\/\/omissmartcity.com\/wp-content\/uploads\/2025\/07\/OmisPetrStary1.jpg\" data-elementor-open-lightbox=\"yes\" data-elementor-lightbox-slideshow=\"gall\">\r\n\t\t\t<img decoding=\"async\" src=\"https:\/\/omissmartcity.com\/wp-content\/uploads\/2025\/07\/OmisPetrStary1.jpg\" \/>\r\n\t\t<\/a>\r\n\t\t\t<\/div>\r\n\r\n\t\t\t<\/div>\r\n\t\t\t\t<div class=\"glclick\">\r\n\t\t\t\t\t<a href=\"https:\/\/omissmartcity.com\/wp-content\/uploads\/2025\/07\/Omis-crkva_sv_petra.jpg\" data-elementor-open-lightbox=\"yes\" data-elementor-lightbox-slideshow=\"gally\">\r\n\tview all (3)\t<\/a>\r\n\t\t\t<\/div>\r\n\t\t\t<div class=\"glimage others\">\r\n<a href=\"https:\/\/omissmartcity.com\/wp-content\/uploads\/2025\/07\/Omis_predromansky_kostelik_sv._Petra_6._stol.jpg\" data-elementor-open-lightbox=\"yes\" data-elementor-lightbox-slideshow=\"gally\">\r\n\r\n<\/a>\r\n\t<\/div>\r\n\t<div class=\"glimage others\">\r\n<a href=\"https:\/\/omissmartcity.com\/wp-content\/uploads\/2025\/07\/OmisPetrStary1.jpg\" data-elementor-open-lightbox=\"yes\" data-elementor-lightbox-slideshow=\"gally\">\r\n\r\n<\/a>\r\n\t<\/div>\r\n<div class=\"mobile\">\r\n\t\t\t<div class=\"mySniper elementor-image-carousel-wrapper swiper swiper-initialized swiper-horizontal swiper-pointer-events swiper-backface-hidden\" >\r\n<div  class=\"elementor-image-carousel swiper-wrapper swiper-image-stretch\" >\r\n\t\t\t\r\n\t\t\t\t\t\r\n\r\n\t\t\t\t\t\t<div class=\"swiper-slide\">\r\n\t\t\t\t\t<div class=\"gridimg\">\r\n\t\t\t\t\t\t<a href=\"https:\/\/omissmartcity.com\/wp-content\/uploads\/2025\/07\/Omis-crkva_sv_petra.jpg\" data-elementor-open-lightbox=\"yes\" data-elementor-lightbox-slideshow=\"gallo\">\r\n\t\t\t\t\t<img decoding=\"async\" src=\"https:\/\/omissmartcity.com\/wp-content\/uploads\/2025\/07\/Omis-crkva_sv_petra.jpg\" \/>\r\n\t\t\t\t<\/a>\r\n\t\t\t\t\t<\/div>\r\n\t\t\t\t\t<\/div>\r\n\t\t\t\t\t\r\n\t\t\t\t\t\r\n\r\n\t\t\t\t\t\t<div class=\"swiper-slide\">\r\n\t\t\t\t\t<div class=\"gridimg\">\r\n\t\t\t\t\t\t<a href=\"https:\/\/omissmartcity.com\/wp-content\/uploads\/2025\/07\/Omis_predromansky_kostelik_sv._Petra_6._stol.jpg\" data-elementor-open-lightbox=\"yes\" data-elementor-lightbox-slideshow=\"gallo\">\r\n\t\t\t\t\t<img decoding=\"async\" src=\"https:\/\/omissmartcity.com\/wp-content\/uploads\/2025\/07\/Omis_predromansky_kostelik_sv._Petra_6._stol.jpg\" \/>\r\n\t\t\t\t<\/a>\r\n\t\t\t\t\t<\/div>\r\n\t\t\t\t\t<\/div>\r\n\t\t\t\t\t\r\n\t\t\t\t\t\r\n\r\n\t\t\t\t\t\t<div class=\"swiper-slide\">\r\n\t\t\t\t\t<div class=\"gridimg\">\r\n\t\t\t\t\t\t<a href=\"https:\/\/omissmartcity.com\/wp-content\/uploads\/2025\/07\/OmisPetrStary1.jpg\" data-elementor-open-lightbox=\"yes\" data-elementor-lightbox-slideshow=\"gallo\">\r\n\t\t\t\t\t<img decoding=\"async\" src=\"https:\/\/omissmartcity.com\/wp-content\/uploads\/2025\/07\/OmisPetrStary1.jpg\" \/>\r\n\t\t\t\t<\/a>\r\n\t\t\t\t\t<\/div>\r\n\t\t\t\t\t<\/div>\r\n\t\t\t\t\t\r\n<\/div>\r\n\r\n\t\t<div class=\"swiper-button-prev\" role=\"button\" tabindex=\"0\" aria-label=\"Previous\">\r\n\t\t\t<svg aria-hidden=\"true\" class=\"e-font-icon-svg e-eicon-chevron-left\" viewbox=\"0 0 1000 1000\" xmlns=\"http:\/\/www.w3.org\/2000\/svg\"><path d=\"M646 125C629 125 613 133 604 142L308 442C296 454 292 471 292 487 292 504 296 521 308 533L604 854C617 867 629 875 646 875 663 875 679 871 692 858 704 846 713 829 713 812 713 796 708 779 692 767L438 487 692 225C700 217 708 204 708 187 708 171 704 154 692 142 675 129 663 125 646 125Z\"><\/path><\/svg>\t\t<\/div>\r\n\t\t<div class=\"swiper-button-next\" role=\"button\" tabindex=\"0\" aria-label=\"Next\">\r\n\t\t\t<svg aria-hidden=\"true\" class=\"e-font-icon-svg e-eicon-chevron-right\" viewbox=\"0 0 1000 1000\" xmlns=\"http:\/\/www.w3.org\/2000\/svg\"><path d=\"M696 533C708 521 713 504 713 487 713 471 708 454 696 446L400 146C388 133 375 125 354 125 338 125 325 129 313 142 300 154 292 171 292 187 292 204 296 221 308 233L563 492 304 771C292 783 288 800 288 817 288 833 296 850 308 863 321 871 338 875 354 875 371 875 388 867 400 854L696 533Z\"><\/path><\/svg>\t\t<\/div>\r\n\r\n\r\n\t\t<div class=\"swiper-pagination\"><\/div>\r\n\r\n<\/div>\r\n\r\n<\/div>\r\n\r\n\t\t\t<style>\r\n\r\n\t\t.others, .mobile {\r\n\t\t\tdisplay: none;\r\n\t\t}\r\n\t\t.galgrid.four {\r\n\t\t\tgrid-template-columns: repeat(4,minmax(0,1fr));\r\n\t\t\tgrid-template-rows: repeat(2,auto);\r\n\t\t}\r\n\t\t.galgrid {\r\n\t\t\tdisplay: grid;\r\n\r\n\t\t\t\tcolumn-gap: 10px;\r\n\t\t\trow-gap: 10px;\r\n\t\t}\r\n\t\t.galgrid.numbimgs1 {\r\n\t\t\tgrid-template-columns: 1fr;\r\n\t\t}\r\n\t\t.galgrid.numbimgs2 {\r\n\t\t\tgrid-template-columns: 2fr 1fr;\r\n\t\t}\r\n\t\t.galgrid.numbimgs3 {\r\n\t\t\tgrid-template-columns: 2fr 1fr 1fr;\r\n\t\t}\r\n\r\n\t\t.gridimg.first, \t.galgrid.numbimgs1 .gridimg, \t.galgrid.numbimgs2 .gridimg, \t.galgrid.numbimgs3 .gridimg, .swiper-slide .gridimg{\r\n\r\n\t\t\theight: 450px\r\n\t\t}\r\n\t\t\t.gridimg {\r\n\t\t\t\tposition: relative;\r\n\t\t\t}\r\n\t\t\t\t.gridimg svg {\r\n\t\t\t\tposition: absolute;\r\n\t\t\t\ttop: 50%;\r\n\t\t\t\tleft: 50%;\r\n\t\t\t\ttransform: translate(-50%,-50%);\r\n\t\t\t\t-o-transform: translate(-50%,-50%);\r\n\t\t\t\t-ms-transform: translate(-50%,-50%);\r\n\t\t\t\t-webkit-transform: translate(-50%,-50%);\r\n\t\t\t}\r\n\t\t.gridimg img {\r\n\t\t\tobject-fit: cover;\r\n\t\t\t-o-object-fit: cover;\r\n\t\t\twidth: 100%;\r\n\t\t\theight: 100%;\r\n\t\t\tdisplay: block;\r\n\t\t}\r\n\r\n\t\t.galgrid.four .gridimg.first {\r\n\t\t\tgrid-column: 1\/3;\r\n\t\t\tgrid-row: 1\/3;\r\n\t\t}\r\n\t\t.galgrid.four .gridimg.img1 {\r\n\t\t\tgrid-column: 3\/4;\r\n\t\t\tgrid-row: 1\/3;\r\n\t\t\theight: 450px\r\n\t\t}\r\n\t\t.galgrid.four .gridimg.img2 {\r\n\t\t\tgrid-column: 4\/5;\r\n\t\t\tgrid-row: 1\/2;\r\n\t\t\theight: 220px\r\n\t\t}\r\n\t\t.galgrid.four .gridimg.img3 {\r\n\t\t\tgrid-column: 4\/5;\r\n\t\tgrid-row: 2\/3;\r\n\t\theight: 220px\r\n\t\t}\r\n\t\t.glclick a {\r\n\t\t\tbackground-color: var( --e-global-color-accent );\r\n\t\t\tpadding: 10px;\r\n\r\n\t\t\tcolor: #fff;\r\n\t\t\tfont-size: 11px;\r\n\t\t\ttext-transform: uppercase;\r\n\t\t}\r\n\t\tsvg {\r\n\t\twidth: 20%;\r\n\t\theight: auto;\r\n\r\n\r\n\t}\r\n\r\n\t.play-btn {\r\n\t\tfill:#fff;\r\n\t}\r\n\r\n\t.swiper-pagination {\r\n\t\tmargin-top: 30px;\r\n\t}\r\n\t\t.swiper-pagination .swiper-pagination-bullet {\r\n\t\t\tbackground: #000!important\r\n\t\t}\r\n\t.swiper-button-prev , .swiper-button-next  {\r\n\t\tcolor:#fff!important\r\n\t}\r\n\t.swiper-button-next:after, .swiper-button-prev:after {\r\n\t\tfont-size: 23px!important;\r\n\t\tfont-weight: bold;\r\n\t}\r\n\t@media only screen and (max-width: 580px) {\r\n\t\t.galgrid, .others, .glclick {\r\n\t\t\tdisplay: none;\r\n\t\t}\r\n\t\t.mobile {\r\n\t\t\tdisplay: block;\r\n\t\t}\r\n\t}\r\n\t\t\t<\/style>\r\n\t\t\t\t\t\t<\/div>\n\t\t\t\t<\/div>\n\t\t\t\t<\/div>\n\t\t<div class=\"elementor-element elementor-element-f600c6c e-flex e-con-boxed e-con e-child\" data-id=\"f600c6c\" data-element_type=\"container\" data-settings=\"{&quot;jet_parallax_layout_list&quot;:[]}\">\n\t\t\t\t\t<div class=\"e-con-inner\">\n\t\t\t\t<div class=\"elementor-element elementor-element-e1daf78 elementor-widget elementor-widget-text-editor\" data-id=\"e1daf78\" data-element_type=\"widget\" data-widget_type=\"text-editor.default\">\n\t\t\t\t<div class=\"elementor-widget-container\">\n\t\t\t\t\t\t\t\t\t<p class=\"whitespace-normal break-words\">Crkva sv. Petra se nalazi na Priku  na zapadnoj obali rijeke Cetine, nasuprot starog grada Omi\u0161a. Ova jedinstvena sakralna zgrada potje\u010de iz 9. ili 10. stolje\u0107a i predstavlja iznimno va\u017ean primjer ranocrkvene predromani\u010dke arhitekture. Prvo pisano spominjanje crkve datira iz 1074. godine, za vrijeme vladavine kralja Slavca, \u0161to dodatno pove\u0107ava povijesnu va\u017enost ove gra\u0111evine. Ovo spominjanje svjedo\u010di o kontinuitetu kr\u0161\u0107anske tradicije u ovom podru\u010dju i va\u017enosti crkve u srednjovjekovnom Omi\u0161u.<\/p><p class=\"whitespace-normal break-words\">Crkva svetog Petra pripada tipu jednobrodnih kupolastih crkava koje kombiniraju uzdu\u017ene i sredi\u0161nje tlocrte. Ova kombinacija arhitektonskih elemenata tipi\u010dna je za ju\u017enu Dalmaciju i svjedo\u010di o jakom bizantskom utjecaju na hrvatsku predromani\u010dku arhitekturu. Ova jednobrodna gra\u0111evina ima kupolu i apsidu, \u0161to je karakteristi\u010dno za sakralne objekte tog razdoblja. Arhitektonska koncepcija odra\u017eava slo\u017eene kulturne i religijske utjecaje koji su oblikovali jadransku obalu u ranom srednjem vijeku.<\/p><p class=\"whitespace-normal break-words\">Crkva je izgra\u0111ena od grubo razbijenog kamena prekrivenog debelim slojem \u017ebuke unutar i izvan, s uskim dekorativnim ni\u0161ama zavr\u0161nim lukovima. Ova konstruktivna tehnika bila je tipi\u010dna za predromani\u010dke crkve u hrvatskoj regiji i isti\u010de se funkcionalnim pristupom koji istovremeno stvara estetski privla\u010dne oblike. Karakteristi\u010dno je za ove strukture da \u010desto imaju kamene svodove, apside i kupole, kao i kamene dodatke uklju\u010duju\u0107i okvire vrata i prozora, perforirane kamene prozore i oltarne pregrade, stupove, grede i portale. Umjesto klasi\u010dnih rimskih oblika gdje je svaki dio gra\u0111evine bio artikuliran prepoznatljivim oblicima, nova predromani\u010dka gra\u0111evina ima te dijelove ujedinjene u jednu masu.<\/p><p class=\"whitespace-normal break-words\">Due to its well-preserved condition and architectural features, the Church of St. Peter is considered one of the most important examples of Early Croatian Pre-Romanesque sacral architecture. This classification places it among other significant monuments of Croatian cultural heritage. The Pre-Romanesque style in Croatia developed between the 8th and 11th centuries, combining Byzantine, Frankish, and local traditions. Churches like St. Peter&#8217;s in Priko represent an authentic expression of Croatian medieval culture and architectural creativity.<\/p><p class=\"whitespace-normal break-words\">Arheolo\u0161ki materijal s podru\u010dja Omi\u0161a svjedo\u010di o kontinuitetu naseljavanja od neolitika, \u0161to dodatno nagla\u0161ava povijesnu va\u017enost ovog prostora. Crkva sv. Petra tako se uklapa u dugogodi\u0161nju tradiciju sakralne uporabe ove lokacije. Crkva je imala posebnu ulogu u 18. stolje\u0107u, \u0161to pokazuje njezinu kontinuiranu va\u017enost kroz stolje\u0107a. Ova dugotrajna uporaba svjedo\u010di o prilagodljivosti zgrade i njenoj trajnoj va\u017enosti za lokalnu zajednicu.<\/p><p class=\"whitespace-normal break-words\">Povijesni zna\u010daj crkve dodatno je poja\u010dan srednjovjekovnom va\u017enosti samog Omi\u0161a. Grad je bio poznat po svojim karakteristi\u010dnim sagena brodovima, posebno dizajniranim za brze napade i povla\u010denja u u\u0161\u0107e Cetine. Ova pomorska tradicija dodaje jo\u0161 jednu dimenziju razumijevanju kulturnog okru\u017eenja u kojem je crkva izgra\u0111ena i djelovala. Strate\u0161ki polo\u017eaj Omi\u0161a na u\u0161\u0107u rijeke Cetine \u010dinio ga je klju\u010dnom to\u010dkom za kontrolu trgova\u010dkih ruta i obranu zale\u0111a, \u0161to obja\u0161njava prisutnost tako va\u017ene vjerske gra\u0111evine na ovom mjestu.<\/p><p class=\"whitespace-normal break-words\">The exceptional state of preservation of the Church of St. Peter allows modern visitors and scholars to appreciate the sophisticated building techniques and aesthetic sensibilities of Early Croatian architects. The church serves as a tangible link to the spiritual and cultural life of medieval Dalmatia. The building&#8217;s endurance through nearly a millennium of political changes, natural disasters, and social transformations speaks to both the quality of its construction and the reverence in which it has been held by successive generations.<\/p><p class=\"whitespace-normal break-words\">Today, the Church of St. Peter represents an essential part of Omi\u0161&#8217;s cultural identity and an important tourist attraction that draws visitors interested in Croatian medieval heritage. This sacral structure represents not merely an architectural monument but also a symbol of spiritual and cultural identity that connects modern Omi\u0161 with its glorious medieval heritage. It stands as a reminder of the creative synthesis of influences that characterized the Croatian lands in the early medieval period, where Byzantine, Western European, and indigenous traditions merged to create something uniquely Croatian. The Church of St. Peter in Omi\u0161 remains one of the most important testimonies to Early Croatian Pre-Romanesque architecture, with its architectural sophistication, historical continuity, and exceptional preservation making it an invaluable monument of Croatian culture and a testament to the rich medieval tradition of the Adriatic coast.<\/p>\t\t\t\t\t\t\t\t<\/div>\n\t\t\t\t<\/div>\n\t\t\t\t\t<\/div>\n\t\t\t\t<\/div>\n\t\t\t\t\t<\/div>\n\t\t\t\t<\/div>\n\t\t\t\t<\/div>","protected":false},"excerpt":{"rendered":"<p>Church of St. Peter in Omi\u0161 view all (3) The Church of St. Peter is located in the Priko settlement on the western bank of the Cetina River, across from the old town of Omi\u0161. This unique sacral building dates from the 9th or 10th century and represents an exceptionally important example of Early Croatian [&hellip;]<\/p>","protected":false},"author":1,"featured_media":0,"parent":0,"menu_order":0,"comment_status":"closed","ping_status":"closed","template":"","meta":{"_acf_changed":false,"_monsterinsights_skip_tracking":false,"_monsterinsights_sitenote_active":false,"_monsterinsights_sitenote_note":"","_monsterinsights_sitenote_category":0,"_uf_show_specific_survey":0,"_uf_disable_surveys":false,"footnotes":""},"class_list":["post-2492","page","type-page","status-publish","hentry"],"acf":[],"aioseo_notices":[],"_links":{"self":[{"href":"https:\/\/omissmartcity.com\/hr\/wp-json\/wp\/v2\/pages\/2492","targetHints":{"allow":["GET"]}}],"collection":[{"href":"https:\/\/omissmartcity.com\/hr\/wp-json\/wp\/v2\/pages"}],"about":[{"href":"https:\/\/omissmartcity.com\/hr\/wp-json\/wp\/v2\/types\/page"}],"author":[{"embeddable":true,"href":"https:\/\/omissmartcity.com\/hr\/wp-json\/wp\/v2\/users\/1"}],"replies":[{"embeddable":true,"href":"https:\/\/omissmartcity.com\/hr\/wp-json\/wp\/v2\/comments?post=2492"}],"version-history":[{"count":0,"href":"https:\/\/omissmartcity.com\/hr\/wp-json\/wp\/v2\/pages\/2492\/revisions"}],"wp:attachment":[{"href":"https:\/\/omissmartcity.com\/hr\/wp-json\/wp\/v2\/media?parent=2492"}],"curies":[{"name":"wp","href":"https:\/\/api.w.org\/{rel}","templated":true}]}}