{"id":2526,"date":"2025-07-29T11:53:34","date_gmt":"2025-07-29T11:53:34","guid":{"rendered":"https:\/\/omissmartcity.com\/?page_id=2526"},"modified":"2025-07-29T11:56:39","modified_gmt":"2025-07-29T11:56:39","slug":"the-parish-church-of-st-michael-early-17th-c-with-the-bell-tower-early-18th-c","status":"publish","type":"page","link":"https:\/\/omissmartcity.com\/hr\/the-parish-church-of-st-michael-early-17th-c-with-the-bell-tower-early-18th-c\/","title":{"rendered":"\u017dupna crkva svetog Mihovila (rano 17. stolje\u0107e) s zvonikom (rano 18. stolje\u0107e)"},"content":{"rendered":"<div data-elementor-type=\"wp-page\" data-elementor-id=\"2526\" class=\"elementor elementor-2526\" data-elementor-post-type=\"page\">\n\t\t\t\t<div class=\"elementor-element elementor-element-9129bc3 e-flex e-con-boxed e-con e-parent\" data-id=\"9129bc3\" data-element_type=\"container\" data-settings=\"{&quot;jet_parallax_layout_list&quot;:[]}\">\n\t\t\t\t\t<div class=\"e-con-inner\">\n\t\t\t\t<div class=\"elementor-element elementor-element-9749893 elementor-widget elementor-widget-heading\" data-id=\"9749893\" data-element_type=\"widget\" data-widget_type=\"heading.default\">\n\t\t\t\t<div class=\"elementor-widget-container\">\n\t\t\t\t\t<h2 class=\"elementor-heading-title elementor-size-default\">The Parish church of St. Michael (early 17th C.)<\/h2>\t\t\t\t<\/div>\n\t\t\t\t<\/div>\n\t\t\t\t\t<\/div>\n\t\t\t\t<\/div>\n\t\t<div class=\"elementor-element elementor-element-7735dee e-flex e-con-boxed e-con e-parent\" data-id=\"7735dee\" data-element_type=\"container\" data-settings=\"{&quot;jet_parallax_layout_list&quot;:[]}\">\n\t\t\t\t\t<div class=\"e-con-inner\">\n\t\t\t\t<div class=\"elementor-element elementor-element-4af8a39 elementor-arrows-position-inside elementor-pagination-position-outside elementor-widget elementor-widget-image-carousel\" data-id=\"4af8a39\" data-element_type=\"widget\" data-settings=\"{&quot;navigation&quot;:&quot;both&quot;,&quot;autoplay&quot;:&quot;yes&quot;,&quot;pause_on_hover&quot;:&quot;yes&quot;,&quot;pause_on_interaction&quot;:&quot;yes&quot;,&quot;autoplay_speed&quot;:5000,&quot;infinite&quot;:&quot;yes&quot;,&quot;speed&quot;:500}\" data-widget_type=\"image-carousel.default\">\n\t\t\t\t<div class=\"elementor-widget-container\">\n\t\t\t\t\t\t\t<div class=\"elementor-image-carousel-wrapper swiper\" role=\"region\" aria-roledescription=\"carousel\" aria-label=\"Image Carousel\" dir=\"ltr\">\n\t\t\t<div class=\"elementor-image-carousel swiper-wrapper\" aria-live=\"off\">\n\t\t\t\t\t\t\t\t<div class=\"swiper-slide\" role=\"group\" aria-roledescription=\"slide\" aria-label=\"1 of 6\"><figure class=\"swiper-slide-inner\"><img decoding=\"async\" class=\"swiper-slide-image\" src=\"https:\/\/omissmartcity.com\/wp-content\/uploads\/elementor\/thumbs\/DSC_3089_omis_church_st_michael_big-r9gyqkhr78zo7k1ami1n101jb36rmn43fzgjo03wk4.jpg\" alt=\"DSC_3089_omis_church_st_michael_big\" \/><\/figure><\/div><div class=\"swiper-slide\" role=\"group\" aria-roledescription=\"slide\" aria-label=\"2 of 6\"><figure class=\"swiper-slide-inner\"><img decoding=\"async\" class=\"swiper-slide-image\" src=\"https:\/\/omissmartcity.com\/wp-content\/uploads\/elementor\/thumbs\/DSC_3038_omis_church_st_michael_big-r9gyqmdfkx28urykbiuw5zkghuxi21bk48rimk147o.jpg\" alt=\"DSC_3038_omis_church_st_michael_big\" \/><\/figure><\/div><div class=\"swiper-slide\" role=\"group\" aria-roledescription=\"slide\" aria-label=\"3 of 6\"><figure class=\"swiper-slide-inner\"><img decoding=\"async\" class=\"swiper-slide-image\" src=\"https:\/\/omissmartcity.com\/wp-content\/uploads\/elementor\/thumbs\/DSC_3082_omis_church_st_michael_big-r9gyqnb9rr3j6dx7619iqhbx38sv9qfagdf03tzq1g.jpg\" alt=\"DSC_3082_omis_church_st_michael_big\" \/><\/figure><\/div><div class=\"swiper-slide\" role=\"group\" aria-roledescription=\"slide\" aria-label=\"4 of 6\"><figure class=\"swiper-slide-inner\"><img decoding=\"async\" class=\"swiper-slide-image\" src=\"https:\/\/omissmartcity.com\/wp-content\/uploads\/elementor\/thumbs\/DSC_3080_omis_church_st_michael_big-r9gyqo93yl4thzvu0jo5az3domo8hfj0si2hl3ybv8.jpg\" alt=\"DSC_3080_omis_church_st_michael_big\" \/><\/figure><\/div><div class=\"swiper-slide\" role=\"group\" aria-roledescription=\"slide\" aria-label=\"5 of 6\"><figure class=\"swiper-slide-inner\"><img decoding=\"async\" class=\"swiper-slide-image\" src=\"https:\/\/omissmartcity.com\/wp-content\/uploads\/elementor\/thumbs\/DSC_3087_omis_church_st_michael_big-r9gyqp6y5f63tlugv22rvguua0jlp4mr4mpz2dwxp0.jpg\" alt=\"DSC_3087_omis_church_st_michael_big\" \/><\/figure><\/div><div class=\"swiper-slide\" role=\"group\" aria-roledescription=\"slide\" aria-label=\"6 of 6\"><figure class=\"swiper-slide-inner\"><img decoding=\"async\" class=\"swiper-slide-image\" src=\"https:\/\/omissmartcity.com\/wp-content\/uploads\/elementor\/thumbs\/DSC_2998_omis_church_st_michael_big-r9gyqutzafdtr9m9y4ijafflubrszb955emvy1okno.jpg\" alt=\"DSC_2998_omis_church_st_michael_big\" \/><\/figure><\/div>\t\t\t<\/div>\n\t\t\t\t\t\t\t\t\t\t\t\t<div class=\"elementor-swiper-button elementor-swiper-button-prev\" role=\"button\" tabindex=\"0\">\n\t\t\t\t\t\t<svg aria-hidden=\"true\" class=\"e-font-icon-svg e-eicon-chevron-left\" viewbox=\"0 0 1000 1000\" xmlns=\"http:\/\/www.w3.org\/2000\/svg\"><path d=\"M646 125C629 125 613 133 604 142L308 442C296 454 292 471 292 487 292 504 296 521 308 533L604 854C617 867 629 875 646 875 663 875 679 871 692 858 704 846 713 829 713 812 713 796 708 779 692 767L438 487 692 225C700 217 708 204 708 187 708 171 704 154 692 142 675 129 663 125 646 125Z\"><\/path><\/svg>\t\t\t\t\t<\/div>\n\t\t\t\t\t<div class=\"elementor-swiper-button elementor-swiper-button-next\" role=\"button\" tabindex=\"0\">\n\t\t\t\t\t\t<svg aria-hidden=\"true\" class=\"e-font-icon-svg e-eicon-chevron-right\" viewbox=\"0 0 1000 1000\" xmlns=\"http:\/\/www.w3.org\/2000\/svg\"><path d=\"M696 533C708 521 713 504 713 487 713 471 708 454 696 446L400 146C388 133 375 125 354 125 338 125 325 129 313 142 300 154 292 171 292 187 292 204 296 221 308 233L563 492 304 771C292 783 288 800 288 817 288 833 296 850 308 863 321 871 338 875 354 875 371 875 388 867 400 854L696 533Z\"><\/path><\/svg>\t\t\t\t\t<\/div>\n\t\t\t\t\n\t\t\t\t\t\t\t\t\t<div class=\"swiper-pagination\"><\/div>\n\t\t\t\t\t\t\t\t\t<\/div>\n\t\t\t\t\t\t<\/div>\n\t\t\t\t<\/div>\n\t\t\t\t\t<\/div>\n\t\t\t\t<\/div>\n\t\t<div class=\"elementor-element elementor-element-b7e77d3 e-flex e-con-boxed e-con e-parent\" data-id=\"b7e77d3\" data-element_type=\"container\" data-settings=\"{&quot;jet_parallax_layout_list&quot;:[]}\">\n\t\t\t\t\t<div class=\"e-con-inner\">\n\t\t\t\t<div class=\"elementor-element elementor-element-fd4b22d elementor-widget elementor-widget-text-editor\" data-id=\"fd4b22d\" data-element_type=\"widget\" data-widget_type=\"text-editor.default\">\n\t\t\t\t<div class=\"elementor-widget-container\">\n\t\t\t\t\t\t\t\t\t<p class=\"whitespace-normal break-words\">\u017dupna crkva sv. Mihaela stoji kao izvanredan testament arhitektonskoj evoluciji i umjetni\u010dkoj sintezi koja je odlikovala prijelaz iz srednjovjekovne u ranu modernu religijsku arhitekturu u Dalmaciji. Izgra\u0111ena po\u010detkom 17. stolje\u0107a s karakteristi\u010dnim zvonikom dodatim po\u010detkom 18. stolje\u0107a, ova sveta gra\u0111evina predstavlja skladno kombiniranje stilskih osobina iz goti\u010dke umjetnosti, renesansnih ideala i ranobaroknih senzibiliteta. Ova arhitektonska fuzija odra\u017eava slo\u017eene kulturne struje koje su prolazile kroz jadranski prostor tijekom ovog transformativnog razdoblja europske povijesti.<\/p><p class=\"whitespace-normal break-words\">The church&#8217;s most striking feature is its lavish portal, crafted by the renowned workshop of the Bokani\u0107 family from the island of Bra\u010d. The Bokani\u0107 family workshop was celebrated throughout Dalmatia for their exceptional skill in stone carving and architectural decoration, and their work on St. Michael&#8217;s portal represents some of their finest artistic achievement. The portal showcases the sophisticated techniques and aesthetic sensibilities that made Bra\u010d stone carvers legendary throughout the Mediterranean, featuring intricate relief work, classical proportions, and decorative elements that demonstrate the workshop&#8217;s mastery of both traditional and contemporary artistic styles.<\/p><p class=\"whitespace-normal break-words\">The Gothic elements in the church&#8217;s design harken back to the medieval tradition of vertical emphasis and pointed arches, while the Renaissance influences are evident in the classical proportions and humanistic details that reflect the period&#8217;s renewed interest in ancient Roman and Greek architectural principles. The early Baroque features add a sense of movement and emotional intensity to the structure, with curved lines and dynamic forms that would become characteristic of the Counter-Reformation&#8217;s approach to religious architecture. This stylistic combination creates a unique architectural personality that speaks to the cultural sophistication of early 17th century Omi\u0161 and its connections to broader European artistic movements.<\/p>\t\t\t\t\t\t\t\t<\/div>\n\t\t\t\t<\/div>\n\t\t\t\t\t<\/div>\n\t\t\t\t<\/div>\n\t\t\t\t<\/div>","protected":false},"excerpt":{"rendered":"<p>The Parish church of St. Michael (early 17th C.) The Parish Church of St. Michael stands as a remarkable testament to the architectural evolution and artistic synthesis that characterized the transition from medieval to early modern religious architecture in Dalmatia. Built in the early 17th century with its distinctive bell tower added in the early [&hellip;]<\/p>","protected":false},"author":1,"featured_media":0,"parent":0,"menu_order":0,"comment_status":"closed","ping_status":"closed","template":"","meta":{"_acf_changed":false,"_monsterinsights_skip_tracking":false,"_monsterinsights_sitenote_active":false,"_monsterinsights_sitenote_note":"","_monsterinsights_sitenote_category":0,"_uf_show_specific_survey":0,"_uf_disable_surveys":false,"footnotes":""},"class_list":["post-2526","page","type-page","status-publish","hentry"],"acf":[],"aioseo_notices":[],"_links":{"self":[{"href":"https:\/\/omissmartcity.com\/hr\/wp-json\/wp\/v2\/pages\/2526","targetHints":{"allow":["GET"]}}],"collection":[{"href":"https:\/\/omissmartcity.com\/hr\/wp-json\/wp\/v2\/pages"}],"about":[{"href":"https:\/\/omissmartcity.com\/hr\/wp-json\/wp\/v2\/types\/page"}],"author":[{"embeddable":true,"href":"https:\/\/omissmartcity.com\/hr\/wp-json\/wp\/v2\/users\/1"}],"replies":[{"embeddable":true,"href":"https:\/\/omissmartcity.com\/hr\/wp-json\/wp\/v2\/comments?post=2526"}],"version-history":[{"count":0,"href":"https:\/\/omissmartcity.com\/hr\/wp-json\/wp\/v2\/pages\/2526\/revisions"}],"wp:attachment":[{"href":"https:\/\/omissmartcity.com\/hr\/wp-json\/wp\/v2\/media?parent=2526"}],"curies":[{"name":"wp","href":"https:\/\/api.w.org\/{rel}","templated":true}]}}