{"id":2543,"date":"2025-07-29T12:00:30","date_gmt":"2025-07-29T12:00:30","guid":{"rendered":"https:\/\/omissmartcity.com\/?page_id=2543"},"modified":"2025-07-29T12:08:53","modified_gmt":"2025-07-29T12:08:53","slug":"church-of-the-holy-spirit-1585","status":"publish","type":"page","link":"https:\/\/omissmartcity.com\/hr\/church-of-the-holy-spirit-1585\/","title":{"rendered":"Crkva Svetog Duha (1585)"},"content":{"rendered":"<div data-elementor-type=\"wp-page\" data-elementor-id=\"2543\" class=\"elementor elementor-2543\" data-elementor-post-type=\"page\">\n\t\t\t\t<div class=\"elementor-element elementor-element-27e80be e-flex e-con-boxed e-con e-parent\" data-id=\"27e80be\" data-element_type=\"container\" data-settings=\"{&quot;jet_parallax_layout_list&quot;:[]}\">\n\t\t\t\t\t<div class=\"e-con-inner\">\n\t\t\t\t<div class=\"elementor-element elementor-element-67590ee elementor-widget elementor-widget-heading\" data-id=\"67590ee\" data-element_type=\"widget\" data-widget_type=\"heading.default\">\n\t\t\t\t<div class=\"elementor-widget-container\">\n\t\t\t\t\t<h2 class=\"elementor-heading-title elementor-size-default\">Crkva Svetog Duha (1585)<\/h2>\t\t\t\t<\/div>\n\t\t\t\t<\/div>\n\t\t\t\t\t<\/div>\n\t\t\t\t<\/div>\n\t\t<div class=\"elementor-element elementor-element-8d16cf5 e-flex e-con-boxed e-con e-parent\" data-id=\"8d16cf5\" data-element_type=\"container\" data-settings=\"{&quot;jet_parallax_layout_list&quot;:[]}\">\n\t\t\t\t\t<div class=\"e-con-inner\">\n\t\t\t\t<div class=\"elementor-element elementor-element-bec5d3a elementor-arrows-position-inside elementor-pagination-position-outside elementor-widget elementor-widget-image-carousel\" data-id=\"bec5d3a\" data-element_type=\"widget\" data-settings=\"{&quot;navigation&quot;:&quot;both&quot;,&quot;autoplay&quot;:&quot;yes&quot;,&quot;pause_on_hover&quot;:&quot;yes&quot;,&quot;pause_on_interaction&quot;:&quot;yes&quot;,&quot;autoplay_speed&quot;:5000,&quot;infinite&quot;:&quot;yes&quot;,&quot;speed&quot;:500}\" data-widget_type=\"image-carousel.default\">\n\t\t\t\t<div class=\"elementor-widget-container\">\n\t\t\t\t\t\t\t<div class=\"elementor-image-carousel-wrapper swiper\" role=\"region\" aria-roledescription=\"carousel\" aria-label=\"Image Carousel\" dir=\"ltr\">\n\t\t\t<div class=\"elementor-image-carousel swiper-wrapper\" aria-live=\"off\">\n\t\t\t\t\t\t\t\t<div class=\"swiper-slide\" role=\"group\" aria-roledescription=\"slide\" aria-label=\"1 of 4\" data-no-translation-aria-label=\"\"><figure class=\"swiper-slide-inner\"><img decoding=\"async\" class=\"swiper-slide-image\" src=\"https:\/\/omissmartcity.com\/wp-content\/uploads\/elementor\/thumbs\/tz-omis-386-stari-grad-detalj-1-r89fjgdprph5z9y3mj18zo1wrbtjnu52vaoeinahsk.webp\" alt=\"tz-omis-386-stari-grad-detalj-1\" \/><\/figure><\/div><div class=\"swiper-slide\" role=\"group\" aria-roledescription=\"slide\" aria-label=\"2 of 4\" data-no-translation-aria-label=\"\"><figure class=\"swiper-slide-inner\"><img decoding=\"async\" class=\"swiper-slide-image\" src=\"https:\/\/omissmartcity.com\/wp-content\/uploads\/elementor\/thumbs\/crkva-sv-duha-2-1-1-r9gz6pe0iv2viklieh52txgef7nlrl67numm906lqs.webp\" alt=\"crkva-sv-duha-2-1\" \/><\/figure><\/div><div class=\"swiper-slide\" role=\"group\" aria-roledescription=\"slide\" aria-label=\"3 of 4\" data-no-translation-aria-label=\"\"><figure class=\"swiper-slide-inner\"><img decoding=\"async\" class=\"swiper-slide-image\" src=\"https:\/\/omissmartcity.com\/wp-content\/uploads\/elementor\/thumbs\/img-4897-1-r9gz6r9owj5g5sis3hybywzblzec6zdoc3xl7k3tec.webp\" alt=\"img-4897\" \/><\/figure><\/div><div class=\"swiper-slide\" role=\"group\" aria-roledescription=\"slide\" aria-label=\"4 of 4\" data-no-translation-aria-label=\"\"><figure class=\"swiper-slide-inner\"><img decoding=\"async\" class=\"swiper-slide-image\" src=\"https:\/\/omissmartcity.com\/wp-content\/uploads\/elementor\/thumbs\/HR-Omis-Heiliggeistkirche-r9gz6u37h19b4meon167oe9pe50fu2ovchw1ndzmvo.jpg\" alt=\"HR-Omis-Heiliggeistkirche\" \/><\/figure><\/div>\t\t\t<\/div>\n\t\t\t\t\t\t\t\t\t\t\t\t<div class=\"elementor-swiper-button elementor-swiper-button-prev\" role=\"button\" tabindex=\"0\">\n\t\t\t\t\t\t<svg aria-hidden=\"true\" class=\"e-font-icon-svg e-eicon-chevron-left\" viewbox=\"0 0 1000 1000\" xmlns=\"http:\/\/www.w3.org\/2000\/svg\"><path d=\"M646 125C629 125 613 133 604 142L308 442C296 454 292 471 292 487 292 504 296 521 308 533L604 854C617 867 629 875 646 875 663 875 679 871 692 858 704 846 713 829 713 812 713 796 708 779 692 767L438 487 692 225C700 217 708 204 708 187 708 171 704 154 692 142 675 129 663 125 646 125Z\"><\/path><\/svg>\t\t\t\t\t<\/div>\n\t\t\t\t\t<div class=\"elementor-swiper-button elementor-swiper-button-next\" role=\"button\" tabindex=\"0\">\n\t\t\t\t\t\t<svg aria-hidden=\"true\" class=\"e-font-icon-svg e-eicon-chevron-right\" viewbox=\"0 0 1000 1000\" xmlns=\"http:\/\/www.w3.org\/2000\/svg\"><path d=\"M696 533C708 521 713 504 713 487 713 471 708 454 696 446L400 146C388 133 375 125 354 125 338 125 325 129 313 142 300 154 292 171 292 187 292 204 296 221 308 233L563 492 304 771C292 783 288 800 288 817 288 833 296 850 308 863 321 871 338 875 354 875 371 875 388 867 400 854L696 533Z\"><\/path><\/svg>\t\t\t\t\t<\/div>\n\t\t\t\t\n\t\t\t\t\t\t\t\t\t<div class=\"swiper-pagination\"><\/div>\n\t\t\t\t\t\t\t\t\t<\/div>\n\t\t\t\t\t\t<\/div>\n\t\t\t\t<\/div>\n\t\t\t\t\t<\/div>\n\t\t\t\t<\/div>\n\t\t<div class=\"elementor-element elementor-element-3cafbe8 e-flex e-con-boxed e-con e-parent\" data-id=\"3cafbe8\" data-element_type=\"container\" data-settings=\"{&quot;jet_parallax_layout_list&quot;:[]}\">\n\t\t\t\t\t<div class=\"e-con-inner\">\n\t\t\t\t<div class=\"elementor-element elementor-element-e3a2452 elementor-widget elementor-widget-text-editor\" data-id=\"e3a2452\" data-element_type=\"widget\" data-widget_type=\"text-editor.default\">\n\t\t\t\t<div class=\"elementor-widget-container\">\n\t\t\t\t\t\t\t\t\t<p class=\"whitespace-normal break-words\">Crkva Svetog Duha predstavlja fascinantan primjer arhitektonske obnov\u0435 i prilagodbe, sagra\u0111ena 1585. godine na temeljima ranije goti\u010dke crkve koja je potpuno renovirana kako bi zadovoljila promjenjive potrebe i estetske preferencije kasnog 16. stolje\u0107a. Ova transformacija odra\u017eava \u0161iri obrazac religijske i arhitektonske obnove koji je zahvatio katoli\u010dku Europu tijekom razdoblja protureformacije, kada su mnoge starije crkve ponovno gra\u0111ene ili opse\u017eno modificirane kako bi odra\u017eavale nove teolo\u0161ke naglaske i umjetni\u010dke senzibilitete.<\/p><p class=\"whitespace-normal break-words\">The church&#8217;s strategic location just below the imposing fortifications of Omi\u0161 places it at the intersection of military and civilian life, embedded within the medieval administrative buildings of the commune that formed the civic heart of the town. This positioning was no accident; churches in medieval and early modern European towns were typically placed in locations that underscored their importance to both spiritual and temporal authority. The proximity to the fortress walls and administrative buildings created a powerful symbolic triangle of military might, governmental authority, and religious guidance that defined the social order of the community.<\/p><p class=\"whitespace-normal break-words\">The decision to completely renovate the earlier Gothic structure rather than simply modify it speaks to the ambitious scope of the project and the community&#8217;s commitment to creating a religious space that would reflect contemporary architectural and theological ideals. The 1585 renovation would have incorporated the latest developments in church design, likely including improved acoustics for preaching, better lighting for reading and ceremony, and decorative elements that supported the Catholic Church&#8217;s renewed emphasis on visual beauty and emotional engagement in religious practice.<\/p>\t\t\t\t\t\t\t\t<\/div>\n\t\t\t\t<\/div>\n\t\t\t\t\t<\/div>\n\t\t\t\t<\/div>\n\t\t\t\t<\/div>","protected":false},"excerpt":{"rendered":"<p>Church of the Holy Spirit (1585) The Church of the Holy Spirit represents a fascinating example of architectural renewal and adaptation, built in 1585 on the foundations of an earlier Gothic church that was completely renovated to meet the changing needs and aesthetic preferences of the late 16th century. This transformation reflects the broader pattern [&hellip;]<\/p>","protected":false},"author":1,"featured_media":0,"parent":0,"menu_order":0,"comment_status":"closed","ping_status":"closed","template":"","meta":{"_acf_changed":false,"_monsterinsights_skip_tracking":false,"_monsterinsights_sitenote_active":false,"_monsterinsights_sitenote_note":"","_monsterinsights_sitenote_category":0,"_uf_show_specific_survey":0,"_uf_disable_surveys":false,"footnotes":""},"class_list":["post-2543","page","type-page","status-publish","hentry"],"acf":[],"aioseo_notices":[],"_links":{"self":[{"href":"https:\/\/omissmartcity.com\/hr\/wp-json\/wp\/v2\/pages\/2543","targetHints":{"allow":["GET"]}}],"collection":[{"href":"https:\/\/omissmartcity.com\/hr\/wp-json\/wp\/v2\/pages"}],"about":[{"href":"https:\/\/omissmartcity.com\/hr\/wp-json\/wp\/v2\/types\/page"}],"author":[{"embeddable":true,"href":"https:\/\/omissmartcity.com\/hr\/wp-json\/wp\/v2\/users\/1"}],"replies":[{"embeddable":true,"href":"https:\/\/omissmartcity.com\/hr\/wp-json\/wp\/v2\/comments?post=2543"}],"version-history":[{"count":0,"href":"https:\/\/omissmartcity.com\/hr\/wp-json\/wp\/v2\/pages\/2543\/revisions"}],"wp:attachment":[{"href":"https:\/\/omissmartcity.com\/hr\/wp-json\/wp\/v2\/media?parent=2543"}],"curies":[{"name":"wp","href":"https:\/\/api.w.org\/{rel}","templated":true}]}}