{"id":1795,"date":"2025-07-21T12:57:57","date_gmt":"2025-07-21T12:57:57","guid":{"rendered":"https:\/\/omissmartcity.com\/?post_type=product&#038;p=1795"},"modified":"2025-08-25T15:26:21","modified_gmt":"2025-08-25T13:26:21","slug":"arsana-tasting-house","status":"publish","type":"product","link":"https:\/\/omissmartcity.com\/hr\/proizvod\/arsana-tasting-house\/","title":{"rendered":"ARSANA TASTING HOUSE"},"content":{"rendered":"<p><span style=\"font-weight: 400;\">Skriveni u srcu starog dvori\u0161ta u Omi\u0161u, obiteljski smo restoran vo\u0111en ljubavlju prema lokalnim sastojcima i okusima na\u0161e obale. Na\u0161a inspiracija dolazi iz tradicionalne dalmatinske kuhinje: jela koja su se nekada kuhala u kuhinjama na\u0161ih baka, sada oboga\u0107ena na\u0161im vlastitim idejama i modernim dodirom.<\/span><\/p>\n<p><span style=\"font-weight: 400;\">Svaki dan pripremamo tri razli\u010dita glavna jela: jedno s mesom, jedno sa svje\u017eom ribom ili morskim plodovima, i jedno vegansko. Na\u0161 \u00e0 la carte izbor predjela mijenja se svaki mjesec, slijede\u0107i godi\u0161nja doba i najbolje \u0161to na\u0161a lokalna tr\u017ei\u0161ta i mali proizvo\u0111a\u010di imaju za ponuditi.<\/span><\/p>\n<p><span style=\"font-weight: 400;\">U Arsani, nije samo hrana - svaki gutljaj pri\u010d\u0430 pri\u010du. Nudimo autohtone dalmatinske sorte vina i vina iz sve tri omi\u0161ke vinarije, lokalno craft pivo i osvje\u017eavaju\u0107a lokalna craft kombucha.<\/span><\/p>\n<p class=\"translation-block\"><b>Radno vrijeme<\/b><b><br><\/b><span style=\"font-weight: 400\">\u2022 <\/span><b>13:00 \u2013 17:00<\/b><span style=\"font-weight: 400\"> \u2014 <\/span><i><span style=\"font-weight: 400\">Arsana Bistro &amp; Brunch<\/span><\/i><span style=\"font-weight: 400\">: doma\u0107i sendvi\u010di, mali zalogaji i kuhana jela inspirirana starim receptima.<\/span><span style=\"font-weight: 400\"><br><\/span><span style=\"font-weight: 400\">\u2022 <\/span><b>od 17:00<\/b><span style=\"font-weight: 400\"> \u2014 <\/span><i><span style=\"font-weight: 400\">Arsana Experience<\/span><\/i><span style=\"font-weight: 400\">: vi\u0161ekursna ve\u010dera fokusirana na tradicionalna dnevna glavna jela.<\/span><\/p>\n<p class=\"translation-block\">Restoran je osvojio dvije presti\u017ene nagrade: <a href=\"https:\/\/www.falstaff.com\/en\/restaurants\/arsana-tasting-house\" target=\"_self\"><strong>priznanje u Falstaff Me\u0111unarodnom vodi\u010du restorana 2025. \u2013 Hrvatska<\/strong><\/a> i <a href=\"https:\/\/hr.gaultmillau.com\/en\/restaurants\/arsana-tasting-house\" target=\"_self\"><strong>recenziju od Gault&amp;Millau<\/strong><\/a>.<\/p>\n<p>&nbsp;<\/p>\n<p><span class=\"podnaslov underline\"><img decoding=\"async\" class=\"alignnone size-full wp-image-2229\" src=\"https:\/\/omissmartcity.com\/wp-content\/uploads\/2025\/07\/loc.png\" alt=\"\" width=\"34\" height=\"34\" \/>Posjetite nas<\/span><\/p>\n<ul>\n<li><a href=\"https:\/\/www.google.com\/maps\/place\/Arsana+Tasting+House\/@43.4454335,16.6937486,1101m\/data=!3m2!1e3!4b1!4m6!3m5!1s0x134a9912699505b3:0x6c2b7ef6bc4145bd!8m2!3d43.4454335!4d16.6937486!16s%2Fg%2F11fml_vczq?entry=ttu&amp;g_ep=EgoyMDI1MDgxMC4wIKXMDSoASAFQAw%3D%3D\">\u010cetvrt kralja Slavca 32B, 21310, Omi\u0161\u00a0<\/a><\/li>\n<li>+385 98 133 0917<\/li>\n<li><a href=\"https:\/\/arsana-tasting-house.eatbu.hr\/?lang=en\">Website <\/a><\/li>\n<\/ul>\n<hr \/>\n<p class=\"whitespace-normal break-words\"><strong>Spremni za ku\u0161anje autenti\u010dnog Omi\u0161a?<\/strong><\/p>\n<div class=\"IdRXs f\">\n<div class=\"biGQs _P pZUbB YMcbE ezezH\">\n<p class=\"translation-block\">Va\u0161 stol je samo nekoliko klikova udaljen \u2013 imamo posebnu <a href=\"https:\/\/www.i-host.gr\/reservations\/new?restaurant=2365&amp;lang=eng&amp;channel=partners1\" target=\"_self\"><span class=\"link\">uslugu online rezervacija<\/span><\/a> za va\u0161u udobnost.<\/p>\n<\/div>\n<\/div>\n<div class=\"f e Q3\">\n<div class=\"f\">\n<div class=\"cGgaa Nk\"><\/div>\n<\/div>\n<div class=\"f\">\n<div class=\"cGgaa Nk\">\n<div class=\"biGQs _P pZUbB ezezH\"><\/div>\n<\/div>\n<\/div>\n<\/div>","protected":false},"excerpt":{"rendered":"<p>Hidden in the heart of an old Omi\u0161 courtyard, we are a family-run restaurant driven by a love for local ingredients and the flavors of our coast. Our inspiration comes from traditional Dalmatian cuisine: dishes once cooked in our grandmothers\u2019 kitchens, now enriched with our own ideas and a modern touch. Every day we prepare [&hellip;]<\/p>","protected":false},"featured_media":4307,"comment_status":"open","ping_status":"closed","template":"","meta":{"_acf_changed":false,"_monsterinsights_skip_tracking":false,"_monsterinsights_sitenote_active":false,"_monsterinsights_sitenote_note":"","_monsterinsights_sitenote_category":0,"_uf_show_specific_survey":0,"_uf_disable_surveys":false},"product_brand":[],"product_cat":[22],"product_tag":[52,49],"class_list":{"0":"post-1795","1":"product","2":"type-product","3":"status-publish","4":"has-post-thumbnail","6":"product_cat-food","7":"product_tag-offers","8":"product_tag-service","10":"first","11":"outofstock","12":"shipping-taxable","13":"product-type-simple"},"acf":[],"aioseo_notices":[],"_links":{"self":[{"href":"https:\/\/omissmartcity.com\/hr\/wp-json\/wp\/v2\/product\/1795","targetHints":{"allow":["GET"]}}],"collection":[{"href":"https:\/\/omissmartcity.com\/hr\/wp-json\/wp\/v2\/product"}],"about":[{"href":"https:\/\/omissmartcity.com\/hr\/wp-json\/wp\/v2\/types\/product"}],"replies":[{"embeddable":true,"href":"https:\/\/omissmartcity.com\/hr\/wp-json\/wp\/v2\/comments?post=1795"}],"wp:featuredmedia":[{"embeddable":true,"href":"https:\/\/omissmartcity.com\/hr\/wp-json\/wp\/v2\/media\/4307"}],"wp:attachment":[{"href":"https:\/\/omissmartcity.com\/hr\/wp-json\/wp\/v2\/media?parent=1795"}],"wp:term":[{"taxonomy":"product_brand","embeddable":true,"href":"https:\/\/omissmartcity.com\/hr\/wp-json\/wp\/v2\/product_brand?post=1795"},{"taxonomy":"product_cat","embeddable":true,"href":"https:\/\/omissmartcity.com\/hr\/wp-json\/wp\/v2\/product_cat?post=1795"},{"taxonomy":"product_tag","embeddable":true,"href":"https:\/\/omissmartcity.com\/hr\/wp-json\/wp\/v2\/product_tag?post=1795"}],"curies":[{"name":"wp","href":"https:\/\/api.w.org\/{rel}","templated":true}]}}