{"id":1925,"date":"2025-07-23T07:52:44","date_gmt":"2025-07-23T07:52:44","guid":{"rendered":"https:\/\/omissmartcity.com\/?post_type=product&#038;p=1925"},"modified":"2025-08-22T15:44:05","modified_gmt":"2025-08-22T13:44:05","slug":"rafting-cetina-river","status":"publish","type":"product","link":"https:\/\/omissmartcity.com\/hr\/proizvod\/rafting-cetina-river\/","title":{"rendered":"RAFTING NA RIJECI CETINI"},"content":{"rendered":"<p>Organiziramo rafting izlete na rijeci Cetini u Omi\u0161u, Hrvatska. Na\u0161e mjesto sastanka je restoran \u201eRadmanove Mlinice\u201c, smje\u0161ten u kanjonu rijeke Cetine, 6 km od Omi\u0161a. Ovaj restoran je ujedno i mjesto gdje zavr\u0161avamo na\u0161 izlet. Avantura pokriva dionicu rijeke dugu 11,5 km, lagane do umjerene te\u017eine (WW 2). Za one koji tra\u017ee naprednije iskustvo, nudimo i <strong>Premium nadogradnja i luksuzna privatna nadogradnja<\/strong>\u00a0\u0161to uklju\u010duje ekskluzivno istra\u017eivanje \u0161pilja i autenti\u010dne hrvatske kulinarske poslastice (vi\u0161e pro\u010ditajte u \"dodatnim informacijama\")<\/p>\n<p>&nbsp;<\/p>\n<p><span class=\"podnaslov underline\"><strong><img decoding=\"async\" class=\"alignnone size-full wp-image-2034\" src=\"https:\/\/omissmartcity.com\/wp-content\/uploads\/2025\/07\/included.png\" alt=\"\" width=\"40\" height=\"34\" \/>\u0160TO JE UKLJU\u010cENO<\/strong><\/span><\/p>\n<ul>\n<li class=\"whitespace-normal break-words\">Prijevoz iz podru\u010dja Omi\u0161a do po\u010detne to\u010dke<\/li>\n<li class=\"whitespace-normal break-words\">Potpuna oprema: pomo\u0107 pri plutanju, kaciga, ronila\u010dko odijelo i \u010dizme ako je potrebno<\/li>\n<li class=\"whitespace-normal break-words\">Ovla\u0161teni vodi\u010d<\/li>\n<li class=\"whitespace-normal break-words\">Osiguranje<\/li>\n<li class=\"whitespace-normal break-words\">Sigurnosne upute<\/li>\n<\/ul>\n<p>&nbsp;<\/p>\n<p><span class=\"podnaslov underline\"><strong><img decoding=\"async\" class=\"alignnone size-full wp-image-2039\" src=\"https:\/\/omissmartcity.com\/wp-content\/uploads\/2025\/07\/notincluded.png\" alt=\"\" width=\"33\" height=\"33\" \/>\u0160TO NIJE UKLJU\u010cENO<\/strong><\/span><\/p>\n<ul>\n<li class=\"whitespace-normal break-words\">Slike i videozapisi va\u0161eg putovanja (dostupni za kupnju)<\/li>\n<li class=\"whitespace-normal break-words\">Osobni tro\u0161kovi<\/li>\n<li class=\"whitespace-normal break-words\">Napojnice za vodi\u010da<\/li>\n<\/ul>\n<p>&nbsp;<\/p>\n<p><span class=\"podnaslov underline\"><strong><img decoding=\"async\" class=\"alignnone size-full wp-image-2036\" src=\"https:\/\/omissmartcity.com\/wp-content\/uploads\/2025\/07\/infoo.png\" alt=\"\" width=\"34\" height=\"34\" \/>DODATNE INFORMACIJE<\/strong><\/span><\/p>\n<ul>\n<li class=\"whitespace-normal break-words\"><strong>Potrebno iskustvo:<\/strong> Nisu potrebne vje\u0161tine ili iskustvo<\/li>\n<li class=\"whitespace-normal break-words\"><strong>\u0160to ponijeti:<\/strong> Obu\u0107a (NE japanke), tenisice ili sandale, kupa\u0107i kostim, majica kratkih rukava, suha odje\u0107a, ru\u010dnik, voda, za\u0161tita od sunca<\/li>\n<li class=\"whitespace-normal break-words\"><strong>Izborne stavke:<\/strong> Sun\u010dane nao\u010dale i fotoaparati (vlastita odgovornost)<\/li>\n<li class=\"whitespace-normal break-words\"><strong>Rezervacija:<\/strong> Potrebno unaprijed<\/li>\n<li class=\"whitespace-normal break-words\"><strong>Mjesto sastanka:<\/strong> Restoran \u201cRadmanove Mlinice\u201d ili alternativno preuzimanje dostupno<\/li>\n<\/ul>\n<p class=\"whitespace-normal break-words\"><strong>\ud83c\udf1f DOSTUPNA PREMIUM NADOGRADNJA<\/strong><\/p>\n<p class=\"whitespace-normal break-words\"><strong>Dodajte istra\u017eivanje \u0161pilje i gurmansko iskustvo (+15\u20ac)c<\/strong><\/p>\n<ul class=\"[&amp;:not(:last-child)_ul]:pb-1 [&amp;:not(:last-child)_ol]:pb-1 list-disc space-y-1.5 pl-7\">\n<li class=\"whitespace-normal break-words\">Ekskluzivno istra\u017eivanje \u0161pilje tijekom raftinga<\/li>\n<li class=\"whitespace-normal break-words\">Osvje\u017eenje za dobrodo\u0161licu: doma\u0107i kola\u010di, vo\u0107e, hladni sok, grickalice, kava<\/li>\n<li class=\"whitespace-normal break-words\">Poslastica nakon avanture: vo\u0107e, hladni sok, grickalice, u\u0161tipci, tradicionalna rakija<\/li>\n<li class=\"whitespace-normal break-words\">Profesionalni fotograf prati grupu<\/li>\n<\/ul>\n<p class=\"whitespace-normal break-words\"><strong>\u2728 EKSKLUZIVNO NA LUKSUZNOM PRIVATNOM BRODU<\/strong> <strong>Vrhunsko VIP iskustvo<\/strong><\/p>\n<ul class=\"[&amp;:not(:last-child)_ul]:pb-1 [&amp;:not(:last-child)_ol]:pb-1 list-disc space-y-1.5 pl-7\">\n<li class=\"whitespace-normal break-words\">Privatni obilazak isklju\u010divo za va\u0161u grupu<\/li>\n<li class=\"whitespace-normal break-words\">Besplatno parkiranje ako dolazite automobilom<\/li>\n<li class=\"whitespace-normal break-words\">Uklju\u010dena tradicionalna lokalna hrana i pi\u0107a<\/li>\n<li class=\"whitespace-normal break-words\">Istra\u017eivanje \u0161pilje s stru\u010dnim vodi\u010dem<\/li>\n<li class=\"whitespace-normal break-words\">Profesionalna usluga fotografiranja<\/li>\n<li class=\"whitespace-normal break-words\">Uklju\u010den prijevoz u radijusu od 35 km <em>Do\u017eivite vrhunsku luksuznu rafting avanturu uz potpunu privatnost i autenti\u010dno hrvatsko gostoprimstvo!<\/em><\/li>\n<\/ul>\n<p>&nbsp;<\/p>\n<p><span class=\"podnaslov underline\"><strong>POLITIKA OTKAZIVANJA<\/strong><\/span><\/p>\n<ul>\n<li>Besplatno otkazivanje unutar 24 sata od rezervacije. Otkazivanja zbog vremenskih uvjeta bit \u0107e premje\u0161tena ili \u0107e vam biti u potpunosti vra\u0107en novac.<\/li>\n<\/ul>\n<p>&nbsp;<\/p>\n<p><span class=\"podnaslov underline\"><strong><img loading=\"lazy\" decoding=\"async\" class=\"alignnone size-full wp-image-2037\" src=\"https:\/\/omissmartcity.com\/wp-content\/uploads\/2025\/07\/clock.png\" alt=\"\" width=\"30\" height=\"30\" \/>TRAJANJE<\/strong><\/span><\/p>\n<ul>\n<li>Ukupno trajanje 3,5-4 sata<\/li>\n<\/ul>\n<p>&nbsp;<\/p>\n<p>&nbsp;<\/p>\n<p>&nbsp;<\/p>","protected":false},"excerpt":{"rendered":"<p>We are organizing rafting trips on the Cetina River in Omis, Croatia. Our meeting point is restaurant &#8220;Radmanove Mlinice&#8221;, located in the Cetina river canyon, 6 km from Omis. This restaurant is also where we finish our trip. The adventure covers 11.5 km river section with easy to moderate difficulty (WW 2). For those seeking [&hellip;]<\/p>","protected":false},"featured_media":1346,"comment_status":"open","ping_status":"closed","template":"","meta":{"_acf_changed":false,"_monsterinsights_skip_tracking":false,"_monsterinsights_sitenote_active":false,"_monsterinsights_sitenote_note":"","_monsterinsights_sitenote_category":0,"_uf_show_specific_survey":0,"_uf_disable_surveys":false},"product_brand":[],"product_cat":[55],"product_tag":[50,52,49],"class_list":{"0":"post-1925","1":"product","2":"type-product","3":"status-publish","4":"has-post-thumbnail","6":"product_cat-tours","7":"product_tag-experience","8":"product_tag-offers","9":"product_tag-service","10":"yith_booking_service-premium-upgrade-package","12":"first","13":"instock","14":"virtual","15":"sold-individually","16":"purchasable","17":"product-type-booking"},"acf":[],"aioseo_notices":[],"_links":{"self":[{"href":"https:\/\/omissmartcity.com\/hr\/wp-json\/wp\/v2\/product\/1925","targetHints":{"allow":["GET"]}}],"collection":[{"href":"https:\/\/omissmartcity.com\/hr\/wp-json\/wp\/v2\/product"}],"about":[{"href":"https:\/\/omissmartcity.com\/hr\/wp-json\/wp\/v2\/types\/product"}],"replies":[{"embeddable":true,"href":"https:\/\/omissmartcity.com\/hr\/wp-json\/wp\/v2\/comments?post=1925"}],"wp:featuredmedia":[{"embeddable":true,"href":"https:\/\/omissmartcity.com\/hr\/wp-json\/wp\/v2\/media\/1346"}],"wp:attachment":[{"href":"https:\/\/omissmartcity.com\/hr\/wp-json\/wp\/v2\/media?parent=1925"}],"wp:term":[{"taxonomy":"product_brand","embeddable":true,"href":"https:\/\/omissmartcity.com\/hr\/wp-json\/wp\/v2\/product_brand?post=1925"},{"taxonomy":"product_cat","embeddable":true,"href":"https:\/\/omissmartcity.com\/hr\/wp-json\/wp\/v2\/product_cat?post=1925"},{"taxonomy":"product_tag","embeddable":true,"href":"https:\/\/omissmartcity.com\/hr\/wp-json\/wp\/v2\/product_tag?post=1925"}],"curies":[{"name":"wp","href":"https:\/\/api.w.org\/{rel}","templated":true}]}}