{"id":1945,"date":"2025-07-23T08:59:32","date_gmt":"2025-07-23T08:59:32","guid":{"rendered":"https:\/\/omissmartcity.com\/?post_type=product&#038;p=1945"},"modified":"2025-08-14T14:22:23","modified_gmt":"2025-08-14T14:22:23","slug":"kayaking-tour-copy","status":"publish","type":"product","link":"https:\/\/omissmartcity.com\/hr\/proizvod\/kayaking-tour-copy\/","title":{"rendered":"KAJAKING"},"content":{"rendered":"<p>Ako tra\u017eite opu\u0161taju\u0107i izlet, pun zabave i opu\u0161tanja, najam kajaka je savr\u0161en izbor za vas. Na\u0161a tura po\u010dinje 8 kilometara uzvodno od grada Omi\u0161a gdje \u0107e vas \u010dekati kajaci i va\u0161 vodi\u010d. Va\u0161e putovanje zavr\u0161ava na pje\u0161\u010danoj pla\u017ei dugoj kilometar, savr\u0161enoj za sve aktivnosti na pla\u017ei, uklju\u010duju\u0107i istra\u017eivanje potopljenog broda na samo 3 metra dubine.<\/p>\n<p><span class=\"underline podnaslov\"><strong><img decoding=\"async\" class=\"alignnone size-full wp-image-2034\" src=\"https:\/\/omissmartcity.com\/wp-content\/uploads\/2025\/07\/included.png\" alt=\"\" width=\"40\" height=\"34\" \/>\u0160TO JE UKLJU\u010cENO<\/strong><\/span><\/p>\n<ul>\n<li class=\"whitespace-normal break-words\">Licencirani instruktor<\/li>\n<li class=\"whitespace-normal break-words\">Transfer (Omi\u0161-Radmanove Mlinice)<\/li>\n<li class=\"whitespace-normal break-words\">Fotografije i video (besplatno)<\/li>\n<li class=\"whitespace-normal break-words\">Oprema za kajak i veslanje<\/li>\n<li class=\"whitespace-normal break-words\">Sigurnosne upute<\/li>\n<\/ul>\n<h3><strong><img decoding=\"async\" class=\"alignnone size-full wp-image-2039\" src=\"https:\/\/omissmartcity.com\/wp-content\/uploads\/2025\/07\/notincluded.png\" alt=\"\" width=\"33\" height=\"33\" \/> \u0160TO NIJE UKLJU\u010cENO\u00a0<\/strong><\/h3>\n<ul>\n<li class=\"whitespace-normal break-words\">Hrana i pi\u0107e<\/li>\n<li class=\"whitespace-normal break-words\">Osobni tro\u0161kovi<\/li>\n<li class=\"whitespace-normal break-words\">Napojnice za instruktora<\/li>\n<li class=\"whitespace-normal break-words\">Osobne kamere (vodi\u010d osigurava snimke)<\/li>\n<\/ul>\n<h3><strong><img decoding=\"async\" class=\"alignnone size-full wp-image-2036\" src=\"https:\/\/omissmartcity.com\/wp-content\/uploads\/2025\/07\/infoo.png\" alt=\"\" width=\"34\" height=\"34\" \/> DODATNE INFORMACIJE<\/strong><\/h3>\n<ul>\n<li class=\"whitespace-normal break-words\"><strong>Potrebno iskustvo:<\/strong> Nije potrebno<\/li>\n<li class=\"whitespace-normal break-words\"><strong>\u0160to ponijeti:<\/strong> Kupa\u0107i kostim, sportske cipele, ru\u010dnik<\/li>\n<li class=\"whitespace-normal break-words\"><strong>Fotografije:<\/strong> Ostavite kamere kod ku\u0107e \u2013 fotografije uklju\u010dene u cijenu<\/li>\n<li class=\"whitespace-normal break-words translation-block\"><strong>Aktivnosti:<\/strong> Veslanje u kajaku, istra\u017eivanje brodskih olupina, vrijeme na pla\u017ei<\/li>\n<li class=\"whitespace-normal break-words\"><strong>Prikladno za:<\/strong> Sve razine kondicije i uzrasti<\/li>\n<li><strong>Minimalni broj sudionika:<\/strong> 2 ljudi<\/li>\n<li><strong>Dob:<\/strong>Prihvatljivo za sve uzraste<\/li>\n<li><strong>Trajanje transfera<\/strong> 10 minuta<\/li>\n<li class=\"translation-block\"><strong>Ruta:<\/strong> Uzvodno do Omi\u0161a gdje se rijeka susre\u0107e s morem<\/li>\n<\/ul>\n<h3><strong><img loading=\"lazy\" decoding=\"async\" class=\"alignnone size-full wp-image-2231\" src=\"POLITIKA OTKAZIVANJA\" alt=\"\" width=\"34\" height=\"34\" \/> POLITIKA OTKAZIVANJA<\/strong><\/h3>\n<ul>\n<li>Besplatno otkazivanje unutar 24 sata od rezervacije. Otkazivanja zbog vremenskih uvjeta bit \u0107e premje\u0161tena ili \u0107e vam biti u potpunosti vra\u0107en novac.<\/li>\n<\/ul>\n<h3><strong><img loading=\"lazy\" decoding=\"async\" class=\"alignnone size-full wp-image-2037\" src=\"https:\/\/omissmartcity.com\/wp-content\/uploads\/2025\/07\/clock.png\" alt=\"\" width=\"30\" height=\"30\" \/> TRAJANJE\u00a0<\/strong><\/h3>\n<ul>\n<li>2:30h - 3h<\/li>\n<\/ul>\n<p>&nbsp;<\/p>\n<p>&nbsp;<\/p>","protected":false},"excerpt":{"rendered":"<p>If you are looking for a relaxing trip, full of fun and relaxation, kayaking is the perfect choice for you. Our kayaking tour starts 5 miles upstream from the city of Omi\u0161 where your kayaks and your guide will be waiting for you. Your journey ends at a mile-long sandy beach perfect for all beach [&hellip;]<\/p>","protected":false},"featured_media":1946,"comment_status":"open","ping_status":"closed","template":"","meta":{"_acf_changed":false,"_monsterinsights_skip_tracking":false,"_monsterinsights_sitenote_active":false,"_monsterinsights_sitenote_note":"","_monsterinsights_sitenote_category":0,"_uf_show_specific_survey":0,"_uf_disable_surveys":false},"product_brand":[],"product_cat":[55],"product_tag":[50,52,49],"class_list":{"0":"post-1945","1":"product","2":"type-product","3":"status-publish","4":"has-post-thumbnail","6":"product_cat-tours","7":"product_tag-experience","8":"product_tag-offers","9":"product_tag-service","11":"first","12":"instock","13":"virtual","14":"sold-individually","15":"purchasable","16":"product-type-booking"},"acf":[],"aioseo_notices":[],"_links":{"self":[{"href":"https:\/\/omissmartcity.com\/hr\/wp-json\/wp\/v2\/product\/1945","targetHints":{"allow":["GET"]}}],"collection":[{"href":"https:\/\/omissmartcity.com\/hr\/wp-json\/wp\/v2\/product"}],"about":[{"href":"https:\/\/omissmartcity.com\/hr\/wp-json\/wp\/v2\/types\/product"}],"replies":[{"embeddable":true,"href":"https:\/\/omissmartcity.com\/hr\/wp-json\/wp\/v2\/comments?post=1945"}],"wp:featuredmedia":[{"embeddable":true,"href":"https:\/\/omissmartcity.com\/hr\/wp-json\/wp\/v2\/media\/1946"}],"wp:attachment":[{"href":"https:\/\/omissmartcity.com\/hr\/wp-json\/wp\/v2\/media?parent=1945"}],"wp:term":[{"taxonomy":"product_brand","embeddable":true,"href":"https:\/\/omissmartcity.com\/hr\/wp-json\/wp\/v2\/product_brand?post=1945"},{"taxonomy":"product_cat","embeddable":true,"href":"https:\/\/omissmartcity.com\/hr\/wp-json\/wp\/v2\/product_cat?post=1945"},{"taxonomy":"product_tag","embeddable":true,"href":"https:\/\/omissmartcity.com\/hr\/wp-json\/wp\/v2\/product_tag?post=1945"}],"curies":[{"name":"wp","href":"https:\/\/api.w.org\/{rel}","templated":true}]}}