{"id":1952,"date":"2025-07-23T10:33:02","date_gmt":"2025-07-23T10:33:02","guid":{"rendered":"https:\/\/omissmartcity.com\/?post_type=product&#038;p=1952"},"modified":"2025-09-01T17:11:09","modified_gmt":"2025-09-01T15:11:09","slug":"canyoning-basic-level-copy","status":"publish","type":"product","link":"https:\/\/omissmartcity.com\/hr\/proizvod\/canyoning-basic-level-copy\/","title":{"rendered":"KANJONING (OSNOVNA RAZINA)"},"content":{"rendered":"<p>Kanjoning na rijeci Cetini jedan je od najboljih i najljep\u0161ih avanturisti\u010dkih izleta koje mo\u017eete poduzeti u Hrvatskoj i \u0161ire! Tijekom izleta mo\u017eete o\u010dekivati \u200b\u200bnezaboravnu prirodu skrivenu u kanjonu, \u010dudesne stjenovite krajolike koji okru\u017euju kanjon dubine do 150 metara i potoci kristalno \u010diste vode.<\/p>\n<h3><strong><img decoding=\"async\" class=\"alignnone size-full wp-image-2034\" src=\"https:\/\/omissmartcity.com\/wp-content\/uploads\/2025\/07\/included.png\" alt=\"\" width=\"40\" height=\"34\" \/> \u0160TO JE UKLJU\u010cENO\u00a0<\/strong><\/h3>\n<ul>\n<li class=\"whitespace-normal break-words\">Licencirani instruktor<\/li>\n<li class=\"whitespace-normal break-words\">Transfer (Omi\u0161-Zadvarje\/Zadvarje-Omi\u0161)<\/li>\n<li class=\"whitespace-normal break-words\">Sigurnosne upute<\/li>\n<li class=\"whitespace-normal break-words\">Prsluci za spa\u0161avanje<\/li>\n<li>Neoprensko odijelo<\/li>\n<li>Kaciga<\/li>\n<li>Sigurnosni pojas za kanjoning<\/li>\n<\/ul>\n<h3><strong><img decoding=\"async\" class=\"alignnone size-full wp-image-2039\" src=\"https:\/\/omissmartcity.com\/wp-content\/uploads\/2025\/07\/notincluded.png\" alt=\"\" width=\"33\" height=\"33\" \/> \u0160TO NIJE UKLJU\u010cENO\u00a0<\/strong><\/h3>\n<ul>\n<li class=\"whitespace-normal break-words\">Najam cipela (opcionalno)<\/li>\n<li class=\"whitespace-normal break-words\">Profesionalne fotografije (nije obavezno)<\/li>\n<li class=\"whitespace-normal break-words\">Hrana i pi\u0107e<\/li>\n<li class=\"whitespace-normal break-words\">Osobni tro\u0161kovi<\/li>\n<li class=\"whitespace-normal break-words\">Napojnice za instruktora<\/li>\n<\/ul>\n<h3><strong><img decoding=\"async\" class=\"alignnone size-full wp-image-2036\" src=\"https:\/\/omissmartcity.com\/wp-content\/uploads\/2025\/07\/infoo.png\" alt=\"\" width=\"34\" height=\"34\" \/> DODATNE INFORMACIJE<\/strong><\/h3>\n<ul class=\"[&amp;:not(:last-child)_ul]:pb-1 [&amp;:not(:last-child)_ol]:pb-1 list-disc space-y-1.5 pl-7\">\n<li class=\"whitespace-normal break-words\"><strong>Potrebno iskustvo:<\/strong> Nije potrebno<\/li>\n<li class=\"whitespace-normal break-words\"><strong>Znanje plivanja:<\/strong> Nije potrebno, prsluci za spa\u0161avanje su osigurani<\/li>\n<li class=\"whitespace-normal break-words\"><strong>Skakanje s litice:<\/strong> Svi skokovi su opcionalni i mogu se izbje\u0107i<\/li>\n<li class=\"whitespace-normal break-words\"><strong>\u0160to ponijeti:<\/strong> Kupa\u0107i kostim, sportske cipele, ru\u010dnik<\/li>\n<li class=\"whitespace-normal break-words\"><strong>Preporuke:<\/strong> Voda i grickalice<\/li>\n<li class=\"whitespace-normal break-words\"><strong>Aktivnosti:<\/strong> Hodanje, skakanje preko stijena, plivanje u prirodnim bazenima, ronjenje kroz vodopade<\/li>\n<li><strong>Vrijeme po\u010detka:<\/strong>13:00 u Omi\u0161u (ili po dogovoru)<\/li>\n<li><strong>Minimalni broj sudionika:<\/strong>2 ljudi<\/li>\n<li><strong>Trajanje transfera<\/strong>: 1:30h<\/li>\n<li>Avantura zavr\u0161ava kod elektrane \"Kraljevac\" (stare 103 godine)<\/li>\n<\/ul>\n<h3><strong><img loading=\"lazy\" decoding=\"async\" class=\"alignnone size-full wp-image-2231\" src=\"POLITIKA OTKAZIVANJA\" alt=\"\" width=\"34\" height=\"34\" \/> POLITIKA OTKAZIVANJA\u00a0<\/strong><\/h3>\n<ul>\n<li>Besplatno otkazivanje unutar 24 sata od rezervacije. Otkazivanja zbog vremenskih uvjeta bit \u0107e premje\u0161tena ili \u0107e vam biti u potpunosti vra\u0107en novac.<\/li>\n<\/ul>\n<h3><strong><img loading=\"lazy\" decoding=\"async\" class=\"alignnone size-full wp-image-2037\" src=\"https:\/\/omissmartcity.com\/wp-content\/uploads\/2025\/07\/clock.png\" alt=\"\" width=\"30\" height=\"30\" \/> TRAJANJE\u00a0<\/strong><\/h3>\n<ul>\n<li>5 sati<\/li>\n<\/ul>\n<p>&nbsp;<\/p>\n<p>&nbsp;<\/p>","protected":false},"excerpt":{"rendered":"<p>Canyoning on the river Cetina is one of the best and most beautiful adventure trips you can take in Croatia and beyond! During the trip you can expect nature beyond imagination hidden within the canyon, miraculous rocky landscapes surrounding the canyon making up a depth of up to 150 meters and streams of crystal clear [&hellip;]<\/p>","protected":false},"featured_media":1953,"comment_status":"open","ping_status":"closed","template":"","meta":{"_acf_changed":false,"_monsterinsights_skip_tracking":false,"_monsterinsights_sitenote_active":false,"_monsterinsights_sitenote_note":"","_monsterinsights_sitenote_category":0,"_uf_show_specific_survey":0,"_uf_disable_surveys":false},"product_brand":[],"product_cat":[55],"product_tag":[50,52,49],"class_list":{"0":"post-1952","1":"product","2":"type-product","3":"status-publish","4":"has-post-thumbnail","6":"product_cat-tours","7":"product_tag-experience","8":"product_tag-offers","9":"product_tag-service","11":"first","12":"instock","13":"virtual","14":"sold-individually","15":"purchasable","16":"product-type-booking"},"acf":[],"aioseo_notices":[],"_links":{"self":[{"href":"https:\/\/omissmartcity.com\/hr\/wp-json\/wp\/v2\/product\/1952","targetHints":{"allow":["GET"]}}],"collection":[{"href":"https:\/\/omissmartcity.com\/hr\/wp-json\/wp\/v2\/product"}],"about":[{"href":"https:\/\/omissmartcity.com\/hr\/wp-json\/wp\/v2\/types\/product"}],"replies":[{"embeddable":true,"href":"https:\/\/omissmartcity.com\/hr\/wp-json\/wp\/v2\/comments?post=1952"}],"wp:featuredmedia":[{"embeddable":true,"href":"https:\/\/omissmartcity.com\/hr\/wp-json\/wp\/v2\/media\/1953"}],"wp:attachment":[{"href":"https:\/\/omissmartcity.com\/hr\/wp-json\/wp\/v2\/media?parent=1952"}],"wp:term":[{"taxonomy":"product_brand","embeddable":true,"href":"https:\/\/omissmartcity.com\/hr\/wp-json\/wp\/v2\/product_brand?post=1952"},{"taxonomy":"product_cat","embeddable":true,"href":"https:\/\/omissmartcity.com\/hr\/wp-json\/wp\/v2\/product_cat?post=1952"},{"taxonomy":"product_tag","embeddable":true,"href":"https:\/\/omissmartcity.com\/hr\/wp-json\/wp\/v2\/product_tag?post=1952"}],"curies":[{"name":"wp","href":"https:\/\/api.w.org\/{rel}","templated":true}]}}