{"id":1955,"date":"2025-07-23T10:50:42","date_gmt":"2025-07-23T10:50:42","guid":{"rendered":"https:\/\/omissmartcity.com\/?post_type=product&#038;p=1955"},"modified":"2025-08-29T16:47:01","modified_gmt":"2025-08-29T14:47:01","slug":"canyoning-advanced-level","status":"publish","type":"product","link":"https:\/\/omissmartcity.com\/hr\/proizvod\/canyoning-advanced-level\/","title":{"rendered":"KANJONING (NAPREDNA RAZINA)"},"content":{"rendered":"<p>Napredna razina kanjoninga uklju\u010duje svu zabavu i uzbu\u0111enje koje pru\u017ea osnovna razina i dodaje jo\u0161 mnogo vi\u0161e! Avanture poput spu\u0161tanja niz u\u017ee (u\u017eetima) niz 60 metara visok vodopad Gubavica i mno\u0161tvo skokova s litica. Sve \u0161to vam treba za ovu uzbudljivu avanturu je kupa\u0107i kostim, sportska obu\u0107a i nema straha od visine, ostalo \u0107e vam biti osigurano. Nije potrebno nikakvo prethodno iskustvo.<\/p>\n<h3><strong><img decoding=\"async\" class=\"alignnone size-full wp-image-2034\" src=\"https:\/\/omissmartcity.com\/wp-content\/uploads\/2025\/07\/included.png\" alt=\"\" width=\"40\" height=\"34\" \/> \u0160TO JE UKLJU\u010cENO\u00a0<\/strong><\/h3>\n<ul>\n<li class=\"whitespace-normal break-words\">Licencirani instruktor<\/li>\n<li class=\"whitespace-normal break-words\">Transfer (Omi\u0161-Zadvarje\/Zadvarje-Omi\u0161)<\/li>\n<li class=\"whitespace-normal break-words\">Sigurnosne upute<\/li>\n<li class=\"whitespace-normal break-words\">Prsluci za spa\u0161avanje<\/li>\n<li>Neoprensko odijelo<\/li>\n<li>Kaciga<\/li>\n<li>Sigurnosni pojas<\/li>\n<\/ul>\n<h3><strong><img decoding=\"async\" class=\"alignnone size-full wp-image-2039\" src=\"https:\/\/omissmartcity.com\/wp-content\/uploads\/2025\/07\/notincluded.png\" alt=\"\" width=\"33\" height=\"33\" \/> \u0160TO NIJE UKLJU\u010cENO\u00a0<\/strong><\/h3>\n<ul>\n<li class=\"whitespace-normal break-words\">Najam cipela (opcionalno)<\/li>\n<li class=\"whitespace-normal break-words\">Profesionalne fotografije (nije obavezno)<\/li>\n<li class=\"whitespace-normal break-words\">Hrana i pi\u0107e<\/li>\n<li class=\"whitespace-normal break-words\">Osobni tro\u0161kovi<\/li>\n<li class=\"whitespace-normal break-words\">Napojnice za instruktora<\/li>\n<\/ul>\n<h3><strong><img decoding=\"async\" class=\"alignnone size-full wp-image-2036\" src=\"https:\/\/omissmartcity.com\/wp-content\/uploads\/2025\/07\/infoo.png\" alt=\"\" width=\"34\" height=\"34\" \/> DODATNE INFORMACIJE\u00a0<\/strong><\/h3>\n<ul>\n<li class=\"whitespace-normal break-words\"><strong>Potrebno iskustvo:<\/strong> Nije potrebno<\/li>\n<li class=\"whitespace-normal break-words\"><strong>Znanje plivanja:<\/strong> Nije potrebno, prsluci za spa\u0161avanje su osigurani<\/li>\n<li class=\"whitespace-normal break-words\"><strong>Skakanje s litice:<\/strong> Svi skokovi su opcionalni i mogu se izbje\u0107i<\/li>\n<li class=\"whitespace-normal break-words\"><strong>\u0160to ponijeti:<\/strong> Kupa\u0107i kostim, sportske cipele, ru\u010dnik<\/li>\n<li class=\"whitespace-normal break-words\"><strong>Preporuke:<\/strong> Voda i grickalice<\/li>\n<li class=\"whitespace-normal break-words\"><strong>Fizi\u010dki zahtjevi:<\/strong> Preporu\u010duje se dobra razina kondicije<\/li>\n<li class=\"whitespace-normal break-words\"><strong>Ovisno o vremenskim uvjetima:<\/strong> Mo\u017ee biti otkazano zbog stanja vode<\/li>\n<li><strong>Vrijeme po\u010detka:<\/strong>13:00 u Omi\u0161u (ili po dogovoru)<\/li>\n<li><strong>Trajanje<\/strong>Do 5 sati<\/li>\n<li><strong>Minimalni broj sudionika:<\/strong>2 ljudi<\/li>\n<li><strong>Minimalna dob:\u00a0<\/strong>14 godina<\/li>\n<li><strong>Trajanje transfera\u00a0<\/strong>1:30h<\/li>\n<li>Avantura zavr\u0161ava kod elektrane \"Kraljevac\" (stare 103 godine)<\/li>\n<\/ul>\n<h3><strong><img loading=\"lazy\" decoding=\"async\" class=\"alignnone size-full wp-image-2231\" src=\"POLITIKA OTKAZIVANJA\" alt=\"\" width=\"34\" height=\"34\" \/> POLITIKA OTKAZIVANJA\u00a0<\/strong><\/h3>\n<ul>\n<li>Besplatno otkazivanje unutar 24 sata od rezervacije. Otkazivanja zbog vremenskih uvjeta bit \u0107e premje\u0161tena ili \u0107e vam biti u potpunosti vra\u0107en novac.<\/li>\n<\/ul>\n<h3><strong><img loading=\"lazy\" decoding=\"async\" class=\"alignnone size-full wp-image-2037\" src=\"https:\/\/omissmartcity.com\/wp-content\/uploads\/2025\/07\/clock.png\" alt=\"\" width=\"30\" height=\"30\" \/>\u00a0 TRAJANJE\u00a0<\/strong><\/h3>\n<ul>\n<li>Ukupno trajanje do 5 sati<\/li>\n<\/ul>","protected":false},"excerpt":{"rendered":"<p>The advanced level of canyoning includes all the fun and excitement the basic level provides and adds a lot more! Adventures such as abseiling (with rope) down a 60-meter-high waterfall Gubavica and lots of cliff jumps. All you need for this thrilling adventure is a swimsuit, sports shoes and no fear of heights, the rest [&hellip;]<\/p>","protected":false},"featured_media":1956,"comment_status":"open","ping_status":"closed","template":"","meta":{"_acf_changed":false,"_monsterinsights_skip_tracking":false,"_monsterinsights_sitenote_active":false,"_monsterinsights_sitenote_note":"","_monsterinsights_sitenote_category":0,"_uf_show_specific_survey":0,"_uf_disable_surveys":false},"product_brand":[],"product_cat":[55],"product_tag":[50,52,49],"class_list":{"0":"post-1955","1":"product","2":"type-product","3":"status-publish","4":"has-post-thumbnail","6":"product_cat-tours","7":"product_tag-experience","8":"product_tag-offers","9":"product_tag-service","11":"first","12":"instock","13":"virtual","14":"sold-individually","15":"purchasable","16":"product-type-booking"},"acf":[],"aioseo_notices":[],"_links":{"self":[{"href":"https:\/\/omissmartcity.com\/hr\/wp-json\/wp\/v2\/product\/1955","targetHints":{"allow":["GET"]}}],"collection":[{"href":"https:\/\/omissmartcity.com\/hr\/wp-json\/wp\/v2\/product"}],"about":[{"href":"https:\/\/omissmartcity.com\/hr\/wp-json\/wp\/v2\/types\/product"}],"replies":[{"embeddable":true,"href":"https:\/\/omissmartcity.com\/hr\/wp-json\/wp\/v2\/comments?post=1955"}],"wp:featuredmedia":[{"embeddable":true,"href":"https:\/\/omissmartcity.com\/hr\/wp-json\/wp\/v2\/media\/1956"}],"wp:attachment":[{"href":"https:\/\/omissmartcity.com\/hr\/wp-json\/wp\/v2\/media?parent=1955"}],"wp:term":[{"taxonomy":"product_brand","embeddable":true,"href":"https:\/\/omissmartcity.com\/hr\/wp-json\/wp\/v2\/product_brand?post=1955"},{"taxonomy":"product_cat","embeddable":true,"href":"https:\/\/omissmartcity.com\/hr\/wp-json\/wp\/v2\/product_cat?post=1955"},{"taxonomy":"product_tag","embeddable":true,"href":"https:\/\/omissmartcity.com\/hr\/wp-json\/wp\/v2\/product_tag?post=1955"}],"curies":[{"name":"wp","href":"https:\/\/api.w.org\/{rel}","templated":true}]}}