{"id":1961,"date":"2025-07-23T11:04:10","date_gmt":"2025-07-23T11:04:10","guid":{"rendered":"https:\/\/omissmartcity.com\/?post_type=product&#038;p=1961"},"modified":"2025-08-14T11:42:18","modified_gmt":"2025-08-14T11:42:18","slug":"rock-climbing-basic-level-3h-copy","status":"publish","type":"product","link":"https:\/\/omissmartcity.com\/hr\/proizvod\/rock-climbing-basic-level-3h-copy\/","title":{"rendered":"PENJANJE ( PO\u010cETNA RAZINA 3H)"},"content":{"rendered":"<p>U suradnji s instruktorom dok se penjete, penjanje po stijenama je nevjerojatna avantura ispunjena adrenalinom, savr\u0161ena za svakoga, gdje mo\u017eete dose\u0107i visinu do 30m i o\u010dekivati prekrasan pogled na grad Omi\u0161, Jadransko more i kanjon Cetine. Sve \u0161to vam je potrebno za ovo fantasti\u010dno putovanje je odgovaraju\u0107a sportska odje\u0107a i, naravno, avanturisti\u010dki duh.<\/p>\n<h3><strong><img decoding=\"async\" class=\"alignnone size-full wp-image-2034\" src=\"https:\/\/omissmartcity.com\/wp-content\/uploads\/2025\/07\/included.png\" alt=\"\" width=\"40\" height=\"34\" \/>\u0160TO JE UKLJU\u010cENO\u00a0<\/strong><\/h3>\n<ul>\n<li>Osiguranje<\/li>\n<li>Profesionalni vodi\u010di za penjanje<\/li>\n<\/ul>\n<h3><strong><img decoding=\"async\" class=\"alignnone size-full wp-image-2039\" src=\"https:\/\/omissmartcity.com\/wp-content\/uploads\/2025\/07\/notincluded.png\" alt=\"\" width=\"33\" height=\"33\" \/> \u0160TO NIJE UKLJU\u010cENO\u00a0<\/strong><\/h3>\n<ul>\n<li>Sportska odje\u0107a<\/li>\n<li>Voda<\/li>\n<li>Grickalice<\/li>\n<\/ul>\n<h3><strong><img decoding=\"async\" class=\"alignnone size-full wp-image-2036\" src=\"https:\/\/omissmartcity.com\/wp-content\/uploads\/2025\/07\/infoo.png\" alt=\"\" width=\"34\" height=\"34\" \/> DODATNE INFORMACIJE\u00a0<\/strong><\/h3>\n<ul>\n<li>Po\u010detak: 09:00 u Omi\u0161u<\/li>\n<li>Minimalni broj sudionika: 2<\/li>\n<li>Minimalna dob: 6 godina<\/li>\n<li>Lokacija: Planovo<\/li>\n<li>Iskustvo: nije potrebno<\/li>\n<\/ul>\n<h3><strong><img loading=\"lazy\" decoding=\"async\" class=\"alignnone size-full wp-image-2231\" src=\"POLITIKA OTKAZIVANJA\" alt=\"\" width=\"34\" height=\"34\" \/> POLITIKA OTKAZIVANJA\u00a0<\/strong><\/h3>\n<ul>\n<li>Unutar 24 sata prije zakazanog po\u010detka aktivnosti<\/li>\n<\/ul>\n<h3><strong><img loading=\"lazy\" decoding=\"async\" class=\"alignnone size-full wp-image-2037\" src=\"https:\/\/omissmartcity.com\/wp-content\/uploads\/2025\/07\/clock.png\" alt=\"\" width=\"30\" height=\"30\" \/> TRAJANJE<\/strong><\/h3>\n<ul>\n<li>Otprilike 3 sata (ovisno o fizi\u010dkim sposobnostima)<\/li>\n<\/ul>\n<p class=\"translation-block\">\u201eZa one koji su spremni i\u0107i samostalno \u2013 evo detaljnog <a href=\"https:\/\/omissmartcity.com\/wp-content\/uploads\/2025\/07\/guide.pdf\" target=\"_self\">vodi\u010da<\/a>.\u201c<\/p>\n<p>__________________________________________________________________________________________________________________________________________<\/p>\n<p>Odricanje odgovornosti: Autor ovog vodi\u010da ne preuzima nikakvu odgovornost za to\u010dnost informacija sadr\u017eanih u ovom dokumentu. Svaka akcija poduzeta na temelju ovog vodi\u010da bit \u0107e na vlastiti rizik.<\/p>","protected":false},"excerpt":{"rendered":"<p>Rock climbing is an amazing adventure filled with adrenaline, perfect for everybody where cooperating with your instructor you can climb up to 30m of height and expect a beautiful view on the city Omi\u0161, the Adriatic Sea and the canyon of Cetina. All you need for this fabulous trip is an appropriate sportswear outfit and, [&hellip;]<\/p>","protected":false},"featured_media":1969,"comment_status":"open","ping_status":"closed","template":"","meta":{"_acf_changed":false,"_monsterinsights_skip_tracking":false,"_monsterinsights_sitenote_active":false,"_monsterinsights_sitenote_note":"","_monsterinsights_sitenote_category":0,"_uf_show_specific_survey":0,"_uf_disable_surveys":false},"product_brand":[],"product_cat":[55],"product_tag":[50,52,49],"class_list":{"0":"post-1961","1":"product","2":"type-product","3":"status-publish","4":"has-post-thumbnail","6":"product_cat-tours","7":"product_tag-experience","8":"product_tag-offers","9":"product_tag-service","11":"first","12":"instock","13":"virtual","14":"sold-individually","15":"purchasable","16":"product-type-booking"},"acf":[],"aioseo_notices":[],"_links":{"self":[{"href":"https:\/\/omissmartcity.com\/hr\/wp-json\/wp\/v2\/product\/1961","targetHints":{"allow":["GET"]}}],"collection":[{"href":"https:\/\/omissmartcity.com\/hr\/wp-json\/wp\/v2\/product"}],"about":[{"href":"https:\/\/omissmartcity.com\/hr\/wp-json\/wp\/v2\/types\/product"}],"replies":[{"embeddable":true,"href":"https:\/\/omissmartcity.com\/hr\/wp-json\/wp\/v2\/comments?post=1961"}],"wp:featuredmedia":[{"embeddable":true,"href":"https:\/\/omissmartcity.com\/hr\/wp-json\/wp\/v2\/media\/1969"}],"wp:attachment":[{"href":"https:\/\/omissmartcity.com\/hr\/wp-json\/wp\/v2\/media?parent=1961"}],"wp:term":[{"taxonomy":"product_brand","embeddable":true,"href":"https:\/\/omissmartcity.com\/hr\/wp-json\/wp\/v2\/product_brand?post=1961"},{"taxonomy":"product_cat","embeddable":true,"href":"https:\/\/omissmartcity.com\/hr\/wp-json\/wp\/v2\/product_cat?post=1961"},{"taxonomy":"product_tag","embeddable":true,"href":"https:\/\/omissmartcity.com\/hr\/wp-json\/wp\/v2\/product_tag?post=1961"}],"curies":[{"name":"wp","href":"https:\/\/api.w.org\/{rel}","templated":true}]}}