{"id":1971,"date":"2025-07-23T11:27:14","date_gmt":"2025-07-23T11:27:14","guid":{"rendered":"https:\/\/omissmartcity.com\/?post_type=product&#038;p=1971"},"modified":"2025-08-30T19:29:35","modified_gmt":"2025-08-30T17:29:35","slug":"blue-cave-and-5-islands-tour","status":"publish","type":"product","link":"https:\/\/omissmartcity.com\/hr\/proizvod\/blue-cave-and-5-islands-tour\/","title":{"rendered":"TURA PLAVA \u0160PILJA I 5 OTOKA"},"content":{"rendered":"<p class=\"whitespace-normal break-words\">Iskusite prave \u010dari prirode i dalmatinske ba\u0161tine s ovom najprodavanijom jednodnevnom turom koja \u0107e vas odvesti na pet razli\u010ditih otoka i ostaviti vam uspomene koje \u0107ete pamtiti cijeli dan. Ova tura ima sve. More, sunce, zadivljuju\u0107a mjesta i horizonte te puno sretnih lica.<\/p>\n<p class=\"whitespace-normal break-words\">Odredi\u0161ta: Plava \u0161pilja, Uvala Stiniva, Otoci Budikovac, Hvar, Pakleni otoci<\/p>\n<h3 class=\"whitespace-pre-wrap break-words\"><strong><img decoding=\"async\" class=\"alignnone size-full wp-image-2034\" src=\"https:\/\/omissmartcity.com\/wp-content\/uploads\/2025\/07\/included.png\" alt=\"\" width=\"40\" height=\"34\" \/> \u0160TO JE UKLJU\u010cENO\u00a0<\/strong><\/h3>\n<ul>\n<li class=\"whitespace-normal break-words\">Profesionalni turisti\u010dki vodi\u010d<\/li>\n<li class=\"whitespace-normal break-words\">Iskusni skiper<\/li>\n<li class=\"whitespace-normal break-words\">Oprema za ronjenje<\/li>\n<li class=\"whitespace-normal break-words\">Sigurnosni prsluci<\/li>\n<li class=\"whitespace-normal break-words\">Besplatan Wi-Fi<\/li>\n<li class=\"whitespace-normal break-words\">Kompletan prijevoz brodom<\/li>\n<li class=\"whitespace-normal break-words\">Ulaz u Plavu \u0161pilju i obilazak<\/li>\n<li class=\"whitespace-normal break-words\">Mogu\u0107nosti za plivanje i ronjenje na vi\u0161e lokacija<\/li>\n<\/ul>\n<h3><strong><img decoding=\"async\" class=\"alignnone size-full wp-image-2039\" src=\"https:\/\/omissmartcity.com\/wp-content\/uploads\/2025\/07\/notincluded.png\" alt=\"\" width=\"33\" height=\"33\" \/> \u0160TO NIJE UKLJU\u010cENO\u00a0<\/strong><\/h3>\n<ul>\n<li class=\"whitespace-normal break-words\">Hrana i pi\u0107e<\/li>\n<li class=\"whitespace-normal break-words\">Ulaznica za Plavu \u0161pilju (pribli\u017eno 24\u20ac po osobi)<\/li>\n<li class=\"whitespace-normal break-words\">Istra\u017eivanje grada Hvara (aktivnosti po izboru)<\/li>\n<li class=\"whitespace-normal break-words\">Osobni tro\u0161kovi i suveniri<\/li>\n<li class=\"whitespace-normal break-words\">Napojnice za vodi\u010da i skipera<\/li>\n<li class=\"whitespace-normal break-words\">Ru\u010dnici i krema za sun\u010danje<\/li>\n<\/ul>\n<h3><strong><img decoding=\"async\" class=\"alignnone size-full wp-image-2036\" src=\"https:\/\/omissmartcity.com\/wp-content\/uploads\/2025\/07\/infoo.png\" alt=\"\" width=\"34\" height=\"34\" \/> DODATNE INFORMACIJE\u00a0<\/strong><\/h3>\n<ul>\n<li class=\"whitespace-normal break-words translation-block\"><strong>Ovisno o vremenskim uvjetima:<\/strong> Izlet se mo\u017ee odgoditi zbog uvjeta na moru.<\/li>\n<li class=\"whitespace-normal break-words translation-block\"><strong>Sposobnost plivanja<\/strong>:\nPreporu\u010duju se osnovne vje\u0161tine plivanja<\/li>\n<li class=\"whitespace-normal break-words translation-block\"><strong>\u0160to ponijeti:<\/strong> Kupa\u0107i kostimi, ru\u010dnik, krema za sun\u010danje, \u0161e\u0161ir, kamera, udobne cipele<\/li>\n<li class=\"whitespace-normal break-words translation-block\"><strong>Mjesto sastanka:<\/strong> Luka Split (to\u010dna lokacija bit \u0107e pru\u017eena prilikom rezervacije)<\/li>\n<li class=\"whitespace-normal break-words translation-block\"><strong>Veli\u010dina grupe:<\/strong> Varira ovisno o kapacitetu plovila<\/li>\n<li class=\"whitespace-normal break-words translation-block\"><strong>Dobna ograni\u010denja:<\/strong> Pogodno za sve uzraste, djeca moraju biti u pratnji odraslih<\/li>\n<li class=\"whitespace-normal break-words translation-block\"><strong>Fizi\u010dki zahtjevi:<\/strong> Umjereno hodanje potrebno u gradu Hvaru<\/li>\n<li class=\"whitespace-normal break-words translation-block\"><strong>Najbolje razdoblje:<\/strong> Od travnja do listopada za optimalne vremenske uvjete<\/li>\n<\/ul>\n<h3><strong><img loading=\"lazy\" decoding=\"async\" class=\"alignnone size-full wp-image-2231\" src=\"POLITIKA OTKAZIVANJA\" alt=\"\" width=\"34\" height=\"34\" \/> POLITIKA OTKAZIVANJA\u00a0<\/strong><\/h3>\n<ul>\n<li>Besplatno otkazivanje unutar 24 sata od rezervacije. Otkazivanja zbog vremenskih uvjeta \u0107e se prebaciti ili potpuno refundirati. Kasna otkazivanja (manje od 24 sata) mogu uklju\u010divati tro\u0161kove osim ako nisu uzrokovana te\u0161kim vremenskim uvjetima koje odredi organizator ture.<\/li>\n<\/ul>\n<h3><strong><img loading=\"lazy\" decoding=\"async\" class=\"alignnone size-full wp-image-2037\" src=\"https:\/\/omissmartcity.com\/wp-content\/uploads\/2025\/07\/clock.png\" alt=\"\" width=\"30\" height=\"30\" \/>\u00a0 TRAJANJE<\/strong><\/h3>\n<ul>\n<li>\n<p class=\"whitespace-normal break-words translation-block\"><strong>08:00<\/strong> \u2013 Po\u010detak ture i polazak iz Splita <strong>09:45<\/strong> \u2013 Posjet i istra\u017eivanje Plave \u0161pilje na otoku Bi\u0161evu <strong>11:25<\/strong> \u2013 Uvala Stiniva \u2013 plivanje i opu\u0161tanje na najljep\u0161oj pla\u017ei u Europi <strong>12:00<\/strong> \u2013 Laguna Budikovac \u2013 plivanje i ronjenje u kristalno \u010distim pli\u0107acima <strong>13:00<\/strong> \u2013 Otok Hvar \u2013 istra\u017eivanje mediteranskog grada, kulturnih atrakcija i Tvr\u0111ave Hvar <strong>15:30<\/strong> \u2013 Pakleni otoci \u2013 posjet ovom veli\u010danstvenom lancu od 16 otoka <strong>18:00<\/strong> \u2013 Povratak u splitsku luku<\/p>\n<p class=\"whitespace-normal break-words\"><em>Napomena: Raspored se mo\u017ee malo razlikovati ovisno o vremenskim uvjetima i tempu grupe.<\/em><\/p>\n<\/li>\n<\/ul>","protected":false},"excerpt":{"rendered":"<p>Experience the true wonders of nature and Dalmatian heritage with this bestselling one day tour that will take you over to five different islands and leave you with a day&#8217;s worth of unforgettable memories. This tour has it all. Sea, sun, breathtaking spots and horizons, and a lot of happy faces. Destinations: Blue Cave, Stiniva [&hellip;]<\/p>","protected":false},"featured_media":1972,"comment_status":"open","ping_status":"closed","template":"","meta":{"_acf_changed":false,"_monsterinsights_skip_tracking":false,"_monsterinsights_sitenote_active":false,"_monsterinsights_sitenote_note":"","_monsterinsights_sitenote_category":0,"_uf_show_specific_survey":0,"_uf_disable_surveys":false},"product_brand":[],"product_cat":[55],"product_tag":[50,52,49],"class_list":{"0":"post-1971","1":"product","2":"type-product","3":"status-publish","4":"has-post-thumbnail","6":"product_cat-tours","7":"product_tag-experience","8":"product_tag-offers","9":"product_tag-service","11":"first","12":"instock","13":"virtual","14":"sold-individually","15":"purchasable","16":"product-type-booking"},"acf":[],"aioseo_notices":[],"_links":{"self":[{"href":"https:\/\/omissmartcity.com\/hr\/wp-json\/wp\/v2\/product\/1971","targetHints":{"allow":["GET"]}}],"collection":[{"href":"https:\/\/omissmartcity.com\/hr\/wp-json\/wp\/v2\/product"}],"about":[{"href":"https:\/\/omissmartcity.com\/hr\/wp-json\/wp\/v2\/types\/product"}],"replies":[{"embeddable":true,"href":"https:\/\/omissmartcity.com\/hr\/wp-json\/wp\/v2\/comments?post=1971"}],"wp:featuredmedia":[{"embeddable":true,"href":"https:\/\/omissmartcity.com\/hr\/wp-json\/wp\/v2\/media\/1972"}],"wp:attachment":[{"href":"https:\/\/omissmartcity.com\/hr\/wp-json\/wp\/v2\/media?parent=1971"}],"wp:term":[{"taxonomy":"product_brand","embeddable":true,"href":"https:\/\/omissmartcity.com\/hr\/wp-json\/wp\/v2\/product_brand?post=1971"},{"taxonomy":"product_cat","embeddable":true,"href":"https:\/\/omissmartcity.com\/hr\/wp-json\/wp\/v2\/product_cat?post=1971"},{"taxonomy":"product_tag","embeddable":true,"href":"https:\/\/omissmartcity.com\/hr\/wp-json\/wp\/v2\/product_tag?post=1971"}],"curies":[{"name":"wp","href":"https:\/\/api.w.org\/{rel}","templated":true}]}}