{"id":1980,"date":"2025-07-23T11:51:19","date_gmt":"2025-07-23T11:51:19","guid":{"rendered":"https:\/\/omissmartcity.com\/?post_type=product&#038;p=1980"},"modified":"2025-08-29T16:52:04","modified_gmt":"2025-08-29T14:52:04","slug":"taxi-boat","status":"publish","type":"product","link":"https:\/\/omissmartcity.com\/hr\/proizvod\/taxi-boat\/","title":{"rendered":"TAXI BROD"},"content":{"rendered":"<p>Do\u017eivite veli\u010danstveni kanjon rijeke Cetine na taksi brodu Omi\u0161. Ovo je idealan izlet za sve uzraste, bez ograni\u010denja, a \u010dak je i pogodan za ku\u0107ne ljubimce. Kanjon rijeke Cetine poznat je po bogatoj i raznolikoj flori i fauni, a mi smo jedini koji ovo iskustvo podi\u017eemo na vi\u0161u razinu i pribli\u017eavamo vas izvornoj ljepoti prirode. Mjesto odmora: Radmanove mlinice (izleti\u0161te iz 17. stolje\u0107a).<\/p>\n<h3><strong><img decoding=\"async\" class=\"alignnone size-full wp-image-2034\" src=\"https:\/\/omissmartcity.com\/wp-content\/uploads\/2025\/07\/included.png\" alt=\"\" width=\"40\" height=\"34\" \/> \u0160TO JE UKLJU\u010cENO\u00a0<\/strong><\/h3>\n<ul>\n<li class=\"whitespace-normal break-words\">Izlet brodom kroz kanjon rijeke Cetine<\/li>\n<li class=\"whitespace-normal break-words\">Profesionalna usluga vodi\u010da\/voza\u010da<\/li>\n<li class=\"whitespace-normal break-words\">Pristup parku prirode i pla\u017eama<\/li>\n<li class=\"whitespace-normal break-words\">Pri\u010da o lokalnoj flori i fauni<\/li>\n<li class=\"whitespace-normal break-words\">Siguran prijevoz tijekom cijelog putovanja<\/li>\n<\/ul>\n<h3><strong><img decoding=\"async\" class=\"alignnone size-full wp-image-2039\" src=\"https:\/\/omissmartcity.com\/wp-content\/uploads\/2025\/07\/notincluded.png\" alt=\"\" width=\"33\" height=\"33\" \/> \u0160TO NIJE UKLJU\u010cENO<\/strong><\/h3>\n<ul>\n<li class=\"whitespace-normal break-words\">Hrana i pi\u0107a u Radmanovim mlinicama<\/li>\n<li class=\"whitespace-normal break-words\">Osobni tro\u0161kovi<\/li>\n<li class=\"whitespace-normal break-words\">Napojnice za vodi\u010da<\/li>\n<li class=\"whitespace-normal break-words\">Oprema za plivanje<\/li>\n<li class=\"whitespace-normal break-words\">Usluga fotografiranja<\/li>\n<\/ul>\n<h3><strong><img decoding=\"async\" class=\"alignnone size-full wp-image-2036\" src=\"https:\/\/omissmartcity.com\/wp-content\/uploads\/2025\/07\/infoo.png\" alt=\"\" width=\"34\" height=\"34\" \/> DODATNE INFORMACIJE\u00a0<\/strong><\/h3>\n<ul>\n<li class=\"whitespace-normal break-words\"><strong>Pravila za ku\u0107ne ljubimce:<\/strong> Ku\u0107ni ljubimci su dobrodo\u0161li na brodu<\/li>\n<li class=\"whitespace-normal break-words\"><strong>\u0160to ponijeti:<\/strong> Udobna odje\u0107a, fotoaparat, kupa\u0107i kostim (po \u017eelji)<\/li>\n<li class=\"whitespace-normal break-words\"><strong>Najbolje vrijeme za odlazak<\/strong> Radi tijekom cijele godine, ovisno o vremenskim uvjetima<\/li>\n<li class=\"whitespace-normal break-words\"><strong>Jezik:<\/strong> Vodi\u010d govori vi\u0161e jezika<\/li>\n<\/ul>\n<h3><strong><img loading=\"lazy\" decoding=\"async\" class=\"alignnone size-full wp-image-2231\" src=\"POLITIKA OTKAZIVANJA\" alt=\"\" width=\"34\" height=\"34\" \/> POLITIKA OTKAZIVANJA\u00a0<\/strong><\/h3>\n<ul>\n<li>Besplatno otkazivanje unutar 24 sata od rezervacije. Otkazivanja zbog vremenskih uvjeta bit \u0107e premje\u0161tena ili \u0107e vam se u potpunosti vratiti novac. Za kasna otkazivanja (manje od 24 sata) mogu se naplatiti tro\u0161kovi, osim ako nisu uzrokovana te\u0161kim vremenskim uvjetima.<\/li>\n<\/ul>\n<h3><strong><img loading=\"lazy\" decoding=\"async\" class=\"alignnone size-full wp-image-2037\" src=\"https:\/\/omissmartcity.com\/wp-content\/uploads\/2025\/07\/clock.png\" alt=\"\" width=\"30\" height=\"30\" \/> TRAJANJE\u00a0<\/strong><\/h3>\n<ul>\n<li class=\"whitespace-normal break-words\"><strong>Ukupno trajanje:<\/strong> Otprilike 1,5 \u2013 2 sata<\/li>\n<\/ul>","protected":false},"excerpt":{"rendered":"<p>Experience the magnificent Cetina River Canyon on a taxi boat Omi\u0161. This is an ideal trip for all ages, without restrictions, and is even pet-friendly. The Cetina River Canyon is well known for its rich and diverse flora and fauna, and we are the only ones who take this experience to a higher level and [&hellip;]<\/p>","protected":false},"featured_media":1984,"comment_status":"open","ping_status":"closed","template":"","meta":{"_acf_changed":false,"_monsterinsights_skip_tracking":false,"_monsterinsights_sitenote_active":false,"_monsterinsights_sitenote_note":"","_monsterinsights_sitenote_category":0,"_uf_show_specific_survey":0,"_uf_disable_surveys":false},"product_brand":[],"product_cat":[55],"product_tag":[50,52,49],"class_list":{"0":"post-1980","1":"product","2":"type-product","3":"status-publish","4":"has-post-thumbnail","6":"product_cat-tours","7":"product_tag-experience","8":"product_tag-offers","9":"product_tag-service","11":"first","12":"instock","13":"sold-individually","14":"shipping-taxable","15":"purchasable","16":"product-type-booking"},"acf":[],"aioseo_notices":[],"_links":{"self":[{"href":"https:\/\/omissmartcity.com\/hr\/wp-json\/wp\/v2\/product\/1980","targetHints":{"allow":["GET"]}}],"collection":[{"href":"https:\/\/omissmartcity.com\/hr\/wp-json\/wp\/v2\/product"}],"about":[{"href":"https:\/\/omissmartcity.com\/hr\/wp-json\/wp\/v2\/types\/product"}],"replies":[{"embeddable":true,"href":"https:\/\/omissmartcity.com\/hr\/wp-json\/wp\/v2\/comments?post=1980"}],"wp:featuredmedia":[{"embeddable":true,"href":"https:\/\/omissmartcity.com\/hr\/wp-json\/wp\/v2\/media\/1984"}],"wp:attachment":[{"href":"https:\/\/omissmartcity.com\/hr\/wp-json\/wp\/v2\/media?parent=1980"}],"wp:term":[{"taxonomy":"product_brand","embeddable":true,"href":"https:\/\/omissmartcity.com\/hr\/wp-json\/wp\/v2\/product_brand?post=1980"},{"taxonomy":"product_cat","embeddable":true,"href":"https:\/\/omissmartcity.com\/hr\/wp-json\/wp\/v2\/product_cat?post=1980"},{"taxonomy":"product_tag","embeddable":true,"href":"https:\/\/omissmartcity.com\/hr\/wp-json\/wp\/v2\/product_tag?post=1980"}],"curies":[{"name":"wp","href":"https:\/\/api.w.org\/{rel}","templated":true}]}}