{"id":2003,"date":"2025-07-23T12:35:13","date_gmt":"2025-07-23T12:35:13","guid":{"rendered":"https:\/\/omissmartcity.com\/?post_type=product&#038;p=2003"},"modified":"2025-09-11T09:12:37","modified_gmt":"2025-09-11T07:12:37","slug":"omis-town-museum-copy","status":"publish","type":"product","link":"https:\/\/omissmartcity.com\/hr\/proizvod\/omis-town-museum-copy\/","title":{"rendered":"MUZEJ GRADA OMI\u0160A"},"content":{"rendered":"<p>Otkrijte stolje\u0107a povijesti u Muzeju grada Omi\u0161a, koji sadr\u017ei rijetka arheolo\u0161ka blaga od mla\u0111eg kamenog doba do modernog doba, uklju\u010duju\u0107i mramornu glavu cara Tiberija i srednjovjekovne artefakte iz povijesne Polji\u010dke kne\u017eevine. Smje\u0161ten na Isto\u010dnim gradskim vratima, ovaj kompaktni muzej nudi fascinantno putovanje kroz bogatu kulturnu ba\u0161tinu Omi\u0161a s edukativnim izlo\u0161cima savr\u0161enim za sve uzraste. Idealno je polazi\u0161te za istra\u017eivanje povijesnog zna\u010daja Starog grada u dalmatinskoj i mediteranskoj povijesti.<\/p>\n<h3><strong><img decoding=\"async\" class=\"alignnone size-full wp-image-2034\" src=\"https:\/\/omissmartcity.com\/wp-content\/uploads\/2025\/07\/included.png\" alt=\"\" width=\"40\" height=\"34\" \/> \u0160TO JE UKLJU\u010cENO\u00a0<\/strong><\/h3>\n<ul>\n<li class=\"whitespace-normal break-words\">Pristup stalnoj izlo\u017ebi s arheolo\u0161kim, kulturnim i povijesnim artefaktima<\/li>\n<li class=\"whitespace-normal break-words\">Zbirka koja obuhva\u0107a razdoblje od mla\u0111eg kamenog doba do modernog razdoblja<\/li>\n<li class=\"whitespace-normal break-words\">Drevni rimski artefakti, uklju\u010duju\u0107i mramornu glavu cara Tiberija<\/li>\n<li class=\"whitespace-normal break-words\">Spomenici i eksponati srednjovjekovne Polji\u010dke kne\u017eevine<\/li>\n<li class=\"whitespace-normal break-words\">Kameni artefakti iz razdoblja renesanse i baroka<\/li>\n<li class=\"whitespace-normal break-words\">Grbovi mleta\u010dkih i omi\u0161kih plemi\u0107kih obitelji<\/li>\n<li class=\"whitespace-normal break-words\">Ranokr\u0161\u0107anski crkveni namje\u0161taj iz kompleksa sv. Ciprijana<\/li>\n<li class=\"whitespace-normal break-words\">Edukativni programi i kreativne radionice za djecu<\/li>\n<li class=\"whitespace-normal break-words\">Dokumentacija lokalne kulturne ba\u0161tine<\/li>\n<\/ul>\n<h3><strong><img decoding=\"async\" class=\"alignnone size-full wp-image-2039\" src=\"https:\/\/omissmartcity.com\/wp-content\/uploads\/2025\/07\/notincluded.png\" alt=\"\" width=\"33\" height=\"33\" \/> \u0160TO NIJE UKLJU\u010cENO\u00a0<\/strong><\/h3>\n<ul>\n<li class=\"whitespace-normal break-words\">Vo\u0111eni obilasci<\/li>\n<li class=\"whitespace-normal break-words\">Materijali za radionicu ili dodatni tro\u0161kovi aktivnosti<\/li>\n<li class=\"whitespace-normal break-words\">Programi za starije gra\u0111ane<\/li>\n<\/ul>\n<h3><strong><img decoding=\"async\" class=\"alignnone size-full wp-image-2036\" src=\"https:\/\/omissmartcity.com\/wp-content\/uploads\/2025\/07\/infoo.png\" alt=\"\" width=\"34\" height=\"34\" \/> DODATNE INFORMACIJE\u00a0<\/strong><\/h3>\n<ul>\n<li class=\"whitespace-normal break-words\">Osnovano 1986. godine<\/li>\n<li class=\"whitespace-normal break-words\">Nalazi se uz Isto\u010dna gradska vrata na ulazu u Stari grad<\/li>\n<li class=\"whitespace-normal break-words\">Artefakti s vi\u0161e arheolo\u0161kih nalazi\u0161ta, uklju\u010duju\u0107i omi\u0161ke utvrde, Staro groblje, crkveni kompleks Brzet i crkvu sv. Petra<\/li>\n<li class=\"whitespace-normal break-words\">Sadr\u017ei rijetke nalaze iz drevnog naselja Oneum u zaseoku Bau\u010di\u0107i<\/li>\n<li class=\"whitespace-normal break-words\">Uklju\u010duje luksuzna arheolo\u0161ka otkri\u0107a i carske natpise<\/li>\n<li class=\"whitespace-normal break-words\">Zna\u010dajni eksponati: kamena balustrada iz 15. stolje\u0107a i kamena posuda za mjerenje \u017eita<\/li>\n<li class=\"whitespace-normal break-words\">Obrazovna misija prote\u017ee se na sve dobne skupine<\/li>\n<li class=\"whitespace-normal break-words\">Muzej slu\u017ei kao most izme\u0111u kulturne ba\u0161tine i javnosti<\/li>\n<li class=\"whitespace-normal break-words\">Sustavno prikupljanje i o\u010duvanje kulturne ba\u0161tine grada Omi\u0161a<\/li>\n<\/ul>\n<h3><strong><img loading=\"lazy\" decoding=\"async\" class=\"alignnone size-full wp-image-2231\" src=\"POLITIKA OTKAZIVANJA\" alt=\"\" width=\"34\" height=\"34\" \/> POLITIKA OTKAZIVANJA\u00a0<\/strong><\/h3>\n<ul>\n<li>Nema povrata novca<\/li>\n<\/ul>\n<h3><strong><img loading=\"lazy\" decoding=\"async\" class=\"alignnone size-full wp-image-2037\" src=\"https:\/\/omissmartcity.com\/wp-content\/uploads\/2025\/07\/clock.png\" alt=\"\" width=\"30\" height=\"30\" \/> TRAJANJE\u00a0<\/strong><\/h3>\n<ul>\n<li class=\"whitespace-normal break-words\">U\u0111ite kroz Isto\u010dna gradska vrata u Stari grad<\/li>\n<li class=\"whitespace-normal break-words\">Posjetite zgradu muzeja pored vrata<\/li>\n<li class=\"whitespace-normal break-words\">Istra\u017eite stalnu izlo\u017ebu kronolo\u0161ki od artefakata mla\u0111eg kamenog doba<\/li>\n<li class=\"whitespace-normal break-words\">Pogledajte izlo\u0161ke iz rimskog razdoblja, uklju\u010duju\u0107i mramornu glavu cara Tiberija<\/li>\n<li class=\"whitespace-normal break-words\">Examine medieval Principality of Poljica monuments<\/li>\n<li class=\"whitespace-normal break-words\">Pregledajte kolekcije iz razdoblja renesanse i baroka<\/li>\n<li class=\"whitespace-normal break-words\">Sudjelujte u dostupnim edukativnim programima ili radionicama (ako su zakazane)<\/li>\n<li class=\"whitespace-normal break-words\">Saznajte vi\u0161e o lokalnim naporima za o\u010duvanje nematerijalne kulturne ba\u0161tine\n<p><em>Autor fotografije: Antonio Mirko Macan<\/em><\/li>\n<\/ul>","protected":false},"excerpt":{"rendered":"<p>Discover centuries of history at the Omi\u0161 Town Museum, featuring rare archaeological treasures from the New Stone Age to modern times, including Emperor Tiberius&#8217; marble head and medieval artifacts from the historic Principality of Poljica. Located at the Eastern Town Gate, this compact museum offers a fascinating journey through Omi\u0161&#8217;s rich cultural heritage with educational [&hellip;]<\/p>","protected":false},"featured_media":2005,"comment_status":"open","ping_status":"closed","template":"","meta":{"_acf_changed":false,"_monsterinsights_skip_tracking":false,"_monsterinsights_sitenote_active":false,"_monsterinsights_sitenote_note":"","_monsterinsights_sitenote_category":0,"_uf_show_specific_survey":0,"_uf_disable_surveys":false},"product_brand":[],"product_cat":[55],"product_tag":[50,52,49],"class_list":{"0":"post-2003","1":"product","2":"type-product","3":"status-publish","4":"has-post-thumbnail","6":"product_cat-tours","7":"product_tag-experience","8":"product_tag-offers","9":"product_tag-service","11":"first","12":"instock","13":"shipping-taxable","14":"product-type-simple"},"acf":[],"aioseo_notices":[],"_links":{"self":[{"href":"https:\/\/omissmartcity.com\/hr\/wp-json\/wp\/v2\/product\/2003","targetHints":{"allow":["GET"]}}],"collection":[{"href":"https:\/\/omissmartcity.com\/hr\/wp-json\/wp\/v2\/product"}],"about":[{"href":"https:\/\/omissmartcity.com\/hr\/wp-json\/wp\/v2\/types\/product"}],"replies":[{"embeddable":true,"href":"https:\/\/omissmartcity.com\/hr\/wp-json\/wp\/v2\/comments?post=2003"}],"wp:featuredmedia":[{"embeddable":true,"href":"https:\/\/omissmartcity.com\/hr\/wp-json\/wp\/v2\/media\/2005"}],"wp:attachment":[{"href":"https:\/\/omissmartcity.com\/hr\/wp-json\/wp\/v2\/media?parent=2003"}],"wp:term":[{"taxonomy":"product_brand","embeddable":true,"href":"https:\/\/omissmartcity.com\/hr\/wp-json\/wp\/v2\/product_brand?post=2003"},{"taxonomy":"product_cat","embeddable":true,"href":"https:\/\/omissmartcity.com\/hr\/wp-json\/wp\/v2\/product_cat?post=2003"},{"taxonomy":"product_tag","embeddable":true,"href":"https:\/\/omissmartcity.com\/hr\/wp-json\/wp\/v2\/product_tag?post=2003"}],"curies":[{"name":"wp","href":"https:\/\/api.w.org\/{rel}","templated":true}]}}