{"id":2298,"date":"2025-07-25T12:43:16","date_gmt":"2025-07-25T12:43:16","guid":{"rendered":"https:\/\/omissmartcity.com\/?post_type=product&#038;p=2298"},"modified":"2025-08-14T11:59:40","modified_gmt":"2025-08-14T11:59:40","slug":"transfers","status":"publish","type":"product","link":"https:\/\/omissmartcity.com\/hr\/proizvod\/transfers\/","title":{"rendered":"TRANSFERI"},"content":{"rendered":"<h3><img decoding=\"async\" class=\"alignnone size-full wp-image-2034\" src=\"https:\/\/omissmartcity.com\/wp-content\/uploads\/2025\/07\/included.png\" alt=\"\" width=\"40\" height=\"34\" \/> TRANSFERI IZ ZRA\u010cNE LUKE<\/h3>\n<ul>\n<li class=\"translation-block\"><strong>Iz zra\u010dne luke:<\/strong><br> Kada stignete u zra\u010dnu luku, va\u0161 voza\u010d \u0107e vas \u010dekati na izlazu dr\u017ee\u0107i natpis s va\u0161im imenom. Na\u0161i voza\u010di su ljubazni i uslu\u017eni - rado \u0107e podijeliti lokalne savjete, atrakcije i obavezna mjesta za posjetiti u tom podru\u010dju.<\/li>\n<li class=\"translation-block\"><strong>U zra\u010dnu luku:<\/strong><br>Va\u0161 voza\u010d \u0107e vas pokupiti s va\u0161e lokacije u dogovoreno vrijeme i odvesti izravno u zra\u010dnu luku. Rezervacijom unaprijed osiguravate da stignete na vrijeme, bez stresiranja oko parkiranja ili gu\u017evi u prometu. Putovanje do i od zra\u010dne luke nikada nije bilo lak\u0161e \u2013 opustite se i prepustite vo\u017enju nama.<\/li>\n<\/ul>\n<h3><img decoding=\"async\" class=\"alignnone size-full wp-image-2229\" src=\"https:\/\/omissmartcity.com\/wp-content\/uploads\/2025\/07\/loc.png\" alt=\"\" width=\"34\" height=\"34\" \/> PREUZIMANJA, VO\u017dNJA I JO\u0160 MNOGO TOGA<\/h3>\n<ul>\n<li>Bilo da se radi o poslovnom sastanku, kupovini, putovanju izvan grada ili avanturi na odmoru, na\u0161i voza\u010di su dostupni svaki dan da vas odvedu gdje god \u017eelite i to uvijek s osmijehom. Vi\u0161e od samo voza\u010da, strastveni su u pru\u017eanju izvrsne usluge i lokalnog znanja.<\/li>\n<\/ul>\n<h3><img decoding=\"async\" class=\"alignnone size-full wp-image-2036\" src=\"https:\/\/omissmartcity.com\/wp-content\/uploads\/2025\/07\/infoo.png\" alt=\"\" width=\"34\" height=\"34\" \/> VOZILA<\/h3>\n<ul>\n<li>Sva na\u0161a vozila \u2013 bilo da su u pitanju automobili ili kombiji \u2013 moderna su, prostrana i opremljena najnovijim sigurnosnim zna\u010dajkama kako bi osigurala ugodnu i sigurnu vo\u017enju za vas i va\u0161e suputnike.<\/li>\n<\/ul>\n<h3><img loading=\"lazy\" decoding=\"async\" class=\"alignnone size-full wp-image-2230\" src=\"https:\/\/omissmartcity.com\/wp-content\/uploads\/2025\/07\/amen.png\" alt=\"\" width=\"34\" height=\"34\" \/> VOZA\u010cI<\/h3>\n<ul>\n<li>Na\u0161i profesionalni lokalni voza\u010di pa\u017eljivo su odabrani zbog svoje stru\u010dnosti, pouzdanosti i poznavanja Hrvatske i okolnog podru\u010dja \ud83c\udded\ud83c\uddf7. Te\u010dno govore engleski, dobro su ure\u0111eni i uvijek su spremni u\u010diniti va\u0161u vo\u017enju ugodnom i pou\u010dnom.<\/li>\n<\/ul>\n<h3>Ne \u010dekajte \u2013 rezervirajte svoj transfer danas i putujte bez stresa!<\/h3>\n<p>&nbsp;<\/p>","protected":false},"excerpt":{"rendered":"<p>AIRPORT TRANSFERS From the Airport: When you arrive at the airport, your driver will be waiting for you at the arrivals gate holding a sign with your name. Our drivers are friendly and helpful \u2013 they\u2019re happy to share local tips, attractions, and must-see spots in the area. To the Airport: Your driver will pick [&hellip;]<\/p>","protected":false},"featured_media":2299,"comment_status":"open","ping_status":"closed","template":"","meta":{"_acf_changed":false,"_monsterinsights_skip_tracking":false,"_monsterinsights_sitenote_active":false,"_monsterinsights_sitenote_note":"","_monsterinsights_sitenote_category":0,"_uf_show_specific_survey":0,"_uf_disable_surveys":false},"product_brand":[],"product_cat":[56],"product_tag":[52,49],"class_list":{"0":"post-2298","1":"product","2":"type-product","3":"status-publish","4":"has-post-thumbnail","6":"product_cat-transfers","7":"product_tag-offers","8":"product_tag-service","10":"first","11":"instock","12":"shipping-taxable","13":"purchasable","14":"product-type-simple"},"acf":[],"aioseo_notices":[],"_links":{"self":[{"href":"https:\/\/omissmartcity.com\/hr\/wp-json\/wp\/v2\/product\/2298","targetHints":{"allow":["GET"]}}],"collection":[{"href":"https:\/\/omissmartcity.com\/hr\/wp-json\/wp\/v2\/product"}],"about":[{"href":"https:\/\/omissmartcity.com\/hr\/wp-json\/wp\/v2\/types\/product"}],"replies":[{"embeddable":true,"href":"https:\/\/omissmartcity.com\/hr\/wp-json\/wp\/v2\/comments?post=2298"}],"wp:featuredmedia":[{"embeddable":true,"href":"https:\/\/omissmartcity.com\/hr\/wp-json\/wp\/v2\/media\/2299"}],"wp:attachment":[{"href":"https:\/\/omissmartcity.com\/hr\/wp-json\/wp\/v2\/media?parent=2298"}],"wp:term":[{"taxonomy":"product_brand","embeddable":true,"href":"https:\/\/omissmartcity.com\/hr\/wp-json\/wp\/v2\/product_brand?post=2298"},{"taxonomy":"product_cat","embeddable":true,"href":"https:\/\/omissmartcity.com\/hr\/wp-json\/wp\/v2\/product_cat?post=2298"},{"taxonomy":"product_tag","embeddable":true,"href":"https:\/\/omissmartcity.com\/hr\/wp-json\/wp\/v2\/product_tag?post=2298"}],"curies":[{"name":"wp","href":"https:\/\/api.w.org\/{rel}","templated":true}]}}