{"id":2307,"date":"2025-07-25T13:48:03","date_gmt":"2025-07-25T13:48:03","guid":{"rendered":"https:\/\/omissmartcity.com\/?post_type=product&#038;p=2307"},"modified":"2025-08-17T19:14:05","modified_gmt":"2025-08-17T19:14:05","slug":"fortica-fortress","status":"publish","type":"product","link":"https:\/\/omissmartcity.com\/hr\/proizvod\/fortica-fortress\/","title":{"rendered":"TVR\u0110AVA FORTICA"},"content":{"rendered":"<p>Fortica je srednjovjekovna tvr\u0111ava smje\u0161tena iznad obalnog grada Omi\u0161a. Izgra\u0111ena u 15. stolje\u0107u za obranu od gusara i osmanskih invazija, danas predstavlja simbol bogate povijesti grada. Do nje se mo\u017ee do\u0107i slikovitom pje\u0161a\u010dkom stazom, a Fortica nudi neke od najljep\u0161ih panoramskih pogleda u Dalmaciji - uklju\u010duju\u0107i kanjon rijeke Cetine, Jadransko more i obli\u017enje otoke.<\/p>\n<h3><img decoding=\"async\" class=\"alignnone size-full wp-image-2034\" src=\"https:\/\/omissmartcity.com\/wp-content\/uploads\/2025\/07\/included.png\" alt=\"\" width=\"40\" height=\"34\" \/> \u0160TO JE UKLJU\u010cENO<\/h3>\n<ul>\n<li>Ulaz u povijesnu tvr\u0111avu<\/li>\n<li>Pristup glavnoj vidikovnoj platformi s pogledom od 360\u00b0<\/li>\n<li>Jedinstvene prilike za fotografiranje Omi\u0161a i obale<\/li>\n<li>Iskustvo planinarenja kroz prirodu<\/li>\n<\/ul>\n<h3><img decoding=\"async\" class=\"alignnone size-full wp-image-2039\" src=\"https:\/\/omissmartcity.com\/wp-content\/uploads\/2025\/07\/notincluded.png\" alt=\"\" width=\"33\" height=\"33\" \/> \u0160TO NIJE UKLJU\u010cENO<\/h3>\n<ul>\n<li>Vo\u0111eni obilasci (osim ako nisu zasebno dogovoreni)<\/li>\n<li>Hrana ili pi\u0107e - ponesite svoju vodu<\/li>\n<li>Prijevoz  \u2013 pristup je mogu\u0107 pje\u0161a\u010dkom stazom<\/li>\n<\/ul>\n<h3><img decoding=\"async\" class=\"alignnone size-full wp-image-2036\" src=\"https:\/\/omissmartcity.com\/wp-content\/uploads\/2025\/07\/infoo.png\" alt=\"\" width=\"34\" height=\"34\" \/> DODATNE INFORMACIJE<\/h3>\n<ul>\n<li>Vrijeme pje\u0161a\u010denja: 60 minuta od starog grada Omi\u0161a<\/li>\n<li>Preporu\u010duje se: Udobne cipele, za\u0161tita od sunca, voda<\/li>\n<li>Radno vrijeme: otvoreno tijekom dnevnog svjetla<\/li>\n<li>Najbolje vrijeme za posjet: Jutro<\/li>\n<\/ul>\n<h3><img loading=\"lazy\" decoding=\"async\" class=\"alignnone size-full wp-image-2231\" src=\"POLITIKA OTKAZIVANJA\" alt=\"\" width=\"34\" height=\"34\" \/> ULAZNICA<\/h3>\n<ul>\n<li><strong>3,5 \u20ac <\/strong>po posjetitelju<\/li>\n<\/ul>\n<h3><img loading=\"lazy\" decoding=\"async\" class=\"alignnone size-full wp-image-2037\" src=\"https:\/\/omissmartcity.com\/wp-content\/uploads\/2025\/07\/clock.png\" alt=\"\" width=\"30\" height=\"30\" \/> TRAJANJE<\/h3>\n<ul>\n<li>otprilike 4 sata<\/li>\n<\/ul>\n<p class=\"whitespace-normal break-words\"><strong>Pje\u0161a\u010dka staza Omi\u0161 (Planovo) \u2013 Fortica \u2013 Omi\u0161 (luka)<\/strong> Du\u017eina: <strong>2.13 km<\/strong> Vrijeme hodanja: <strong>02:45 h<\/strong> Ozna\u010davanje staze: <strong>601<\/strong> <strong>Umjereno te\u0161ka staza<\/strong><\/p>\n<p class=\"whitespace-normal break-words\">Staza po\u010dinje od <strong>Omi\u0161 (Planovo)<\/strong>, iza prvog tunela s desne strane (putokaz na zgradi). Slijede\u0107i markacije prema istoku kroz borovu \u0161umu, staza vodi uzbrdo do <strong>tvr\u0111ave Fortica (303 m nadmorske visine)<\/strong>.<\/p>\n<p class=\"whitespace-normal break-words\">Staza nastavlja od Fortice prema istoku i nakon 15 minuta spusta dolazi do raskri\u017eja <strong>(x) sa stazom 602<\/strong> (prema istoku do <strong>&#8220;Luda ku\u0107a&#8221;<\/strong> \u2013 prema jugu do omi\u0161ke luke), odmah iznad zaseoka Bau\u010di\u0107i. Staza se nastavlja nizbrdo prema jugu stazom 602, prolazi kroz zaselak Bau\u010di\u0107i i zavr\u0161ava na <strong>Omi\u0161ka luka<\/strong>.<\/p>\n<p class=\"whitespace-normal break-words\"><strong>Naziv staze:<\/strong> Pje\u0161a\u010dka staza Omi\u0161 (Planovo) \u2013 Fortica \u2013 Omi\u0161 (luka) <strong>Start:<\/strong> Omi\u0161 (Planovo) \u2013 N 43\u00b0 26.819\u2032, E 016\u00b0 41.687\u2032 <strong>Kraj:<\/strong> Omi\u0161 (luka\/vatrogasni dom) \u2013 N 43\u00b0 26.559\u2032, E 016\u00b0 41.678\u2032 <strong>Vrijeme hodanja:<\/strong> 02:45h <strong>Du\u017eina:<\/strong> 2.1 km <strong>Razlika u nadmorskoj visini:<\/strong> 287m <strong>Kategorija:<\/strong> Umjereno te\u0161ka staza <strong>Opis:<\/strong> Omi\u0161 (Planovo), iza prvog tunela desno \u2013 Fortica (303mnm) \u2013 spajanje sa stazom 602, Bau\u010di\u0107i \u2013 Omi\u0161 (luka) <strong>Ozna\u010davanje staze:<\/strong> 601<\/p>\n<p>Napomena - nikada se ne penjite na Forticu nakon 18 sati jer bi silazak nakon mraka mogao biti vrlo te\u017eak.<\/p>\n<div>Za vi\u0161e informacija posjetite: <a href=\"https:\/\/www.pdimber.com\/kako-doci-na-forticu\/\">Pd Imber Omi\u0161<\/a><\/div>\n<p>&nbsp;<\/p>\n<p>&nbsp;<\/p>","protected":false},"excerpt":{"rendered":"<p>Fortica is a medieval fortress perched above the coastal town of Omi\u0161. Built in the 15th century to defend against pirates and Ottoman invasions, it now stands as a symbol of the town\u2019s rich history. Accessible via a scenic hiking trail, Fortica offers some of the most breathtaking panoramic views in Dalmatia \u2013 including the [&hellip;]<\/p>","protected":false},"featured_media":4224,"comment_status":"open","ping_status":"closed","template":"","meta":{"_acf_changed":false,"_monsterinsights_skip_tracking":false,"_monsterinsights_sitenote_active":false,"_monsterinsights_sitenote_note":"","_monsterinsights_sitenote_category":0,"_uf_show_specific_survey":0,"_uf_disable_surveys":false},"product_brand":[],"product_cat":[55],"product_tag":[50,52,49],"class_list":{"0":"post-2307","1":"product","2":"type-product","3":"status-publish","4":"has-post-thumbnail","6":"product_cat-tours","7":"product_tag-experience","8":"product_tag-offers","9":"product_tag-service","11":"first","12":"instock","13":"shipping-taxable","14":"product-type-simple"},"acf":[],"aioseo_notices":[],"_links":{"self":[{"href":"https:\/\/omissmartcity.com\/hr\/wp-json\/wp\/v2\/product\/2307","targetHints":{"allow":["GET"]}}],"collection":[{"href":"https:\/\/omissmartcity.com\/hr\/wp-json\/wp\/v2\/product"}],"about":[{"href":"https:\/\/omissmartcity.com\/hr\/wp-json\/wp\/v2\/types\/product"}],"replies":[{"embeddable":true,"href":"https:\/\/omissmartcity.com\/hr\/wp-json\/wp\/v2\/comments?post=2307"}],"wp:featuredmedia":[{"embeddable":true,"href":"https:\/\/omissmartcity.com\/hr\/wp-json\/wp\/v2\/media\/4224"}],"wp:attachment":[{"href":"https:\/\/omissmartcity.com\/hr\/wp-json\/wp\/v2\/media?parent=2307"}],"wp:term":[{"taxonomy":"product_brand","embeddable":true,"href":"https:\/\/omissmartcity.com\/hr\/wp-json\/wp\/v2\/product_brand?post=2307"},{"taxonomy":"product_cat","embeddable":true,"href":"https:\/\/omissmartcity.com\/hr\/wp-json\/wp\/v2\/product_cat?post=2307"},{"taxonomy":"product_tag","embeddable":true,"href":"https:\/\/omissmartcity.com\/hr\/wp-json\/wp\/v2\/product_tag?post=2307"}],"curies":[{"name":"wp","href":"https:\/\/api.w.org\/{rel}","templated":true}]}}