{"id":2351,"date":"2025-07-28T10:30:54","date_gmt":"2025-07-28T10:30:54","guid":{"rendered":"https:\/\/omissmartcity.com\/?post_type=product&#038;p=2351"},"modified":"2025-08-20T10:32:21","modified_gmt":"2025-08-20T08:32:21","slug":"parasailing","status":"publish","type":"product","link":"https:\/\/omissmartcity.com\/hr\/proizvod\/parasailing\/","title":{"rendered":"PARAGLIDING"},"content":{"rendered":"<p>Iskusite nezaboravnu avanturu iznad kristalno \u010distog Jadranskog mora s na\u0161im parasailing izletom u prekrasnom Omi\u0161u! Letite na visinama od 50-100 metara iznad mora dok u\u017eivate u spektakularnim pogledima na rijeku Cetinu, otoke Bra\u010d i Hvar, te dramati\u010dne planine koje okru\u017euju ovaj \u0161armantni grad. Ova uzbudljiva aktivnost traje 10-15 minuta u zraku.<\/p>\n<p>&nbsp;<\/p>\n<h3><img decoding=\"async\" class=\"alignnone size-full wp-image-2034\" src=\"https:\/\/omissmartcity.com\/wp-content\/uploads\/2025\/07\/included.png\" alt=\"\" width=\"40\" height=\"34\" \/> \u0160TO JE UKLJU\u010cENO<\/h3>\n<ul>\n<li class=\"whitespace-normal break-words translation-block\"><strong>Paragliding let<\/strong> (10-15 minuta u zraku)<\/li>\n<li class=\"whitespace-normal break-words\"><strong>Profesionalni certificirani instruktor<\/strong><\/li>\n<li class=\"whitespace-normal break-words translation-block\"><strong>Sva potrebna oprema<\/strong> (padobran, pojasevi, za\u0161titna oprema)<\/li>\n<li class=\"whitespace-normal break-words translation-block\"><strong>Brodski prijevoz<\/strong> do to\u010dke polijetanja<\/li>\n<li class=\"whitespace-normal break-words translation-block\"><strong>Sigurnosne upute <\/strong> prije aktivnosti<\/li>\n<\/ul>\n<h3><img decoding=\"async\" class=\"alignnone size-full wp-image-2039\" src=\"https:\/\/omissmartcity.com\/wp-content\/uploads\/2025\/07\/notincluded.png\" alt=\"\" width=\"33\" height=\"33\" \/> \u0160TO NIJE UKLJU\u010cENO<\/h3>\n<ul>\n<li class=\"translation-block\"><strong>Profesionalna foto\/video usluga<\/strong> (dostupna uz dodatnu naknadu)<\/li>\n<\/ul>\n<h3><img decoding=\"async\" class=\"alignnone size-full wp-image-2036\" src=\"https:\/\/omissmartcity.com\/wp-content\/uploads\/2025\/07\/infoo.png\" alt=\"\" width=\"34\" height=\"34\" \/> DODATNE INFORMACIJE<\/h3>\n<ul>\n<li class=\"whitespace-normal break-words translation-block\"><strong>Minimalna te\u017eina<\/strong>: 40 kg<\/li>\n<li class=\"whitespace-normal break-words translation-block\"><strong>Maksimalna te\u017eina<\/strong>: 150 kg (pojedinac), 200 kg (tandem)<\/li>\n<li class=\"whitespace-normal break-words translation-block\"><strong>Dob<\/strong>: od 6 godina uz nadzor odraslih<\/li>\n<li class=\"whitespace-normal break-words translation-block\"><strong>Vremenski uvjeti<\/strong>: aktivnost ovisi o vjetru i vremenu.<\/li>\n<li class=\"whitespace-normal break-words translation-block\"><strong>Sposobnost plivanja<\/strong>: nije potrebna (oprema osigurava sigurnost)<\/li>\n<\/ul>\n<h3><img loading=\"lazy\" decoding=\"async\" class=\"alignnone size-full wp-image-2231\" src=\"POLITIKA OTKAZIVANJA\" alt=\"\" width=\"34\" height=\"34\" \/> POLITIKA OTKAZIVANJA<\/h3>\n<ul>\n<li>besplatno otkazivanje 24 sata prije<\/li>\n<\/ul>\n<h3><img loading=\"lazy\" decoding=\"async\" class=\"alignnone size-full wp-image-2037\" src=\"https:\/\/omissmartcity.com\/wp-content\/uploads\/2025\/07\/clock.png\" alt=\"\" width=\"30\" height=\"30\" \/> TRAJANJE<\/h3>\n<ul>\n<li>10-15 minuta u zraku<\/li>\n<\/ul>","protected":false},"excerpt":{"rendered":"<p>Experience an unforgettable adventure above the crystal-clear Adriatic Sea with our parasailing trip in beautiful Omi\u0161! Fly at heights of 50-100 meters above the sea while enjoying spectacular views of the Cetina River, Bra\u010d and Hvar islands, and the dramatic mountains surrounding this charming town. This thrilling activity lasts 10-15 minutes in the air. &nbsp; [&hellip;]<\/p>","protected":false},"featured_media":2352,"comment_status":"open","ping_status":"closed","template":"","meta":{"_acf_changed":false,"_monsterinsights_skip_tracking":false,"_monsterinsights_sitenote_active":false,"_monsterinsights_sitenote_note":"","_monsterinsights_sitenote_category":0,"_uf_show_specific_survey":0,"_uf_disable_surveys":false},"product_brand":[],"product_cat":[55],"product_tag":[50,52,49],"class_list":{"0":"post-2351","1":"product","2":"type-product","3":"status-publish","4":"has-post-thumbnail","6":"product_cat-tours","7":"product_tag-experience","8":"product_tag-offers","9":"product_tag-service","11":"first","12":"instock","13":"virtual","14":"sold-individually","15":"purchasable","16":"product-type-booking"},"acf":[],"aioseo_notices":[],"_links":{"self":[{"href":"https:\/\/omissmartcity.com\/hr\/wp-json\/wp\/v2\/product\/2351","targetHints":{"allow":["GET"]}}],"collection":[{"href":"https:\/\/omissmartcity.com\/hr\/wp-json\/wp\/v2\/product"}],"about":[{"href":"https:\/\/omissmartcity.com\/hr\/wp-json\/wp\/v2\/types\/product"}],"replies":[{"embeddable":true,"href":"https:\/\/omissmartcity.com\/hr\/wp-json\/wp\/v2\/comments?post=2351"}],"wp:featuredmedia":[{"embeddable":true,"href":"https:\/\/omissmartcity.com\/hr\/wp-json\/wp\/v2\/media\/2352"}],"wp:attachment":[{"href":"https:\/\/omissmartcity.com\/hr\/wp-json\/wp\/v2\/media?parent=2351"}],"wp:term":[{"taxonomy":"product_brand","embeddable":true,"href":"https:\/\/omissmartcity.com\/hr\/wp-json\/wp\/v2\/product_brand?post=2351"},{"taxonomy":"product_cat","embeddable":true,"href":"https:\/\/omissmartcity.com\/hr\/wp-json\/wp\/v2\/product_cat?post=2351"},{"taxonomy":"product_tag","embeddable":true,"href":"https:\/\/omissmartcity.com\/hr\/wp-json\/wp\/v2\/product_tag?post=2351"}],"curies":[{"name":"wp","href":"https:\/\/api.w.org\/{rel}","templated":true}]}}