{"id":2702,"date":"2025-07-30T10:55:33","date_gmt":"2025-07-30T10:55:33","guid":{"rendered":"https:\/\/omissmartcity.com\/?post_type=product&#038;p=2702"},"modified":"2025-07-30T10:55:33","modified_gmt":"2025-07-30T10:55:33","slug":"the-house-of-the-happy-man-in-omis","status":"publish","type":"product","link":"https:\/\/omissmartcity.com\/hr\/proizvod\/the-house-of-the-happy-man-in-omis\/","title":{"rendered":"Ku\u0107a sretnog \u010dovjeka"},"content":{"rendered":"<p class=\"whitespace-normal break-words\"><strong>Ku\u0107a sretnog \u010dovjeka u Omi\u0161u: Renesansni arhitektonski dragulj<\/strong><\/p>\n<p class=\"whitespace-normal break-words\">Ku\u0107a sretnog \u010dovjeka u Omi\u0161u je prekrasno o\u010duvana renesansna ku\u0107a s latinskom natpisom koji zahvaljuje Bogu za \u017eivot, za koju se vjeruje da je pripadala Ivanu Primojevi\u0107u, odvjetniku i venecijanskom ambasadoru, a danas predstavlja jedan od najboljih primjera klasi\u010dne dalmatinske arhitekture iz venecijanskog razdoblja.<\/p>\n<p class=\"whitespace-normal break-words\"><strong>Povijesni kontekst i venecijanska vlast<\/strong><\/p>\n<p class=\"whitespace-normal break-words translation-block\">The city of Omi\u0161 surrendered to Venice in 1444&nbsp;<span class=\"inline-flex\" data-state=\"closed\"><a class=\"group\/tag relative h-[18px] rounded-full inline-flex items-center overflow-hidden -translate-y-px cursor-pointer\" href=\"https:\/\/www.researchgate.net\/publication\/269989995_The_venetian_impact_on_Urban_change_in_Dalmatian_towns_in_the_first_half_of_the_fifteenth_century\" target=\"_blank\" rel=\"noopener\"><span class=\"relative transition-colors h-full max-w-[180px] overflow-hidden px-1.5 inline-flex items-center font-small rounded-full border-0.5 border-border-300 bg-bg-200 group-hover\/tag:bg-accent-secondary-900 group-hover\/tag:border-accent-secondary-100\/60\"><span class=\"text-nowrap text-text-300 break-all truncate font-normal group-hover\/tag:text-text-200\">(PDF) The venetian impact on Urban change in Dalmatian towns in the first half of the fifteenth century<\/span><\/span><\/a><\/span>, marking the beginning of a long period under Venetian rule that lasted nearly four centuries (1420-1797). The displayed coats of arms of Venetian and Omi\u0161 noble families and stone artifacts from the Renaissance and Baroque periods testify to Omi\u0161\u2019s status in the early modern period&nbsp;<span class=\"inline-flex\" data-state=\"closed\"><a class=\"group\/tag relative h-[18px] rounded-full inline-flex items-center overflow-hidden -translate-y-px cursor-pointer\" href=\"https:\/\/en.wikipedia.org\/wiki\/Venetian_Dalmatia\" target=\"_blank\" rel=\"noopener\"><span class=\"relative transition-colors h-full max-w-[180px] overflow-hidden px-1.5 inline-flex items-center font-small rounded-full border-0.5 border-border-300 bg-bg-200 group-hover\/tag:bg-accent-secondary-900 group-hover\/tag:border-accent-secondary-100\/60\"><span class=\"text-nowrap text-text-300 break-all truncate font-normal group-hover\/tag:text-text-200\">Venetian Dalmatia \u2013 Wikipedia<\/span><\/span><\/a><\/span>.<\/p>\n<p class=\"whitespace-normal break-words\"><strong>Arhitektonski razvoj i va\u017enost<\/strong><\/p>\n<p class=\"whitespace-normal break-words translation-block\">Dalmacija je uglavnom bila pod venecijanskom vla\u0161\u0107u, pa je vjerska i javna arhitektura procvjetala s jasnim utjecajima talijanske renesanse. Omi\u0161 \u2013 Dobrodo\u0161li u Hrvatsku. Omi\u0161 je razvio svoju umjetnost i trgovinu, \u0161to se odrazilo u renesansnim i baroknim zgradama u starom gradu. Arhitektura Hrvatske \u2013 Wikipedia. Ovaj utjecaj bio je posebno va\u017ean jer je sustav utvrda gradskih zidova s tornjevima izgra\u0111en na sjeverozapadu, jugoistoku i jugozapadu izme\u0111u 13. i 16. stolje\u0107a, radi obrane od Venecijanske republike i Osmanskog Carstva Omi\u0161.<\/p>\n<p class=\"whitespace-normal break-words\"><strong>Detalji o ku\u0107i i njenom vlasniku<\/strong><\/p>\n<p class=\"whitespace-normal break-words translation-block\">Legenda ka\u017ee da je Ivan Primojevi\u0107, odvjetnik i izaslanik Omi\u0161a u Veneciji, neko\u0107 \u017eivio ovdje. Prekrasni skriveni dragulj u obalnoj Hrvatskoj koji trebate dodati u svoj itinerar. Latinski natpis \"Hvala ti, Gospodine, \u0161to si mi dopustio da \u017eivim u ovom svijetu\" sugerira da je bio zadovoljavan svojim \u017eivotom. Ku\u0107a svoj vedri nadimak duguje izblijedjelom latinskom natpisu na vrhu.<\/p>\n<p class=\"whitespace-normal break-words\"><strong>Contemporary Connection<\/strong><\/p>\n<p class=\"whitespace-normal break-words translation-block\">Zanimljivo je da ime \"Ku\u0107a sretnog \u010dovjeka\" i danas \u017eivi \u2013 ime vinarije \"ku\u0107a sretnog \u010dovjeka\" prirodno ne ozna\u010dava samo osje\u0107aj sre\u0107e, ve\u0107 je vi\u0161e po\u010dast gra\u0111aninu Omi\u0161a, vjerojatno Ivanu Primojevi\u0107u, pokazuju\u0107i kako je ova renesansna ku\u0107a ostala duboko ukorijenjena u lokalnoj kulturi i sje\u0107anju.<\/p>\n<p class=\"whitespace-normal break-words\"><strong>Arhitektonski stil i o\u010duvanje<\/strong><\/p>\n<p class=\"whitespace-normal break-words translation-block\">Ku\u0107a je na sre\u0107u dobro o\u010duvana kroz stolje\u0107a i danas predstavlja jedan od najljep\u0161ih primjera dalmatinske renesansne arhitekture. Ova gra\u0111evina iz 16. stolje\u0107a svjedo\u010di o kombinaciji stilskih zna\u010dajki goti\u010dkog stila, renesanse i ranobarokne venecijanske renesansne arhitekture \u2013 Wikipedija, \u0161to je tipi\u010dno za dalmatinsku arhitekturu tog vremena koja je spajala razli\u010dite utjecaje.<\/p>","protected":false},"excerpt":{"rendered":"<p>The House of a Happy Man in Omi\u0161: A Renaissance Architectural Gem The House of a Happy Man in Omi\u0161 is a beautifully preserved Renaissance house with a Latin inscription thanking God for life, believed to have belonged to Ivan Primojevi\u0107, a lawyer and Venetian ambassador, and now stands as one of the finest examples [&hellip;]<\/p>","protected":false},"featured_media":896,"comment_status":"open","ping_status":"closed","template":"","meta":{"_acf_changed":false,"_monsterinsights_skip_tracking":false,"_monsterinsights_sitenote_active":false,"_monsterinsights_sitenote_note":"","_monsterinsights_sitenote_category":0,"_uf_show_specific_survey":0,"_uf_disable_surveys":false},"product_brand":[],"product_cat":[15],"product_tag":[49],"class_list":{"0":"post-2702","1":"product","2":"type-product","3":"status-publish","4":"has-post-thumbnail","6":"product_cat-uncategorized","7":"product_tag-service","9":"first","10":"instock","11":"shipping-taxable","12":"product-type-simple"},"acf":[],"aioseo_notices":[],"_links":{"self":[{"href":"https:\/\/omissmartcity.com\/hr\/wp-json\/wp\/v2\/product\/2702","targetHints":{"allow":["GET"]}}],"collection":[{"href":"https:\/\/omissmartcity.com\/hr\/wp-json\/wp\/v2\/product"}],"about":[{"href":"https:\/\/omissmartcity.com\/hr\/wp-json\/wp\/v2\/types\/product"}],"replies":[{"embeddable":true,"href":"https:\/\/omissmartcity.com\/hr\/wp-json\/wp\/v2\/comments?post=2702"}],"wp:featuredmedia":[{"embeddable":true,"href":"https:\/\/omissmartcity.com\/hr\/wp-json\/wp\/v2\/media\/896"}],"wp:attachment":[{"href":"https:\/\/omissmartcity.com\/hr\/wp-json\/wp\/v2\/media?parent=2702"}],"wp:term":[{"taxonomy":"product_brand","embeddable":true,"href":"https:\/\/omissmartcity.com\/hr\/wp-json\/wp\/v2\/product_brand?post=2702"},{"taxonomy":"product_cat","embeddable":true,"href":"https:\/\/omissmartcity.com\/hr\/wp-json\/wp\/v2\/product_cat?post=2702"},{"taxonomy":"product_tag","embeddable":true,"href":"https:\/\/omissmartcity.com\/hr\/wp-json\/wp\/v2\/product_tag?post=2702"}],"curies":[{"name":"wp","href":"https:\/\/api.w.org\/{rel}","templated":true}]}}