{"id":2712,"date":"2025-07-30T11:08:15","date_gmt":"2025-07-30T11:08:15","guid":{"rendered":"https:\/\/omissmartcity.com\/?post_type=product&#038;p=2712"},"modified":"2025-07-30T11:08:15","modified_gmt":"2025-07-30T11:08:15","slug":"the-old-cemetery","status":"publish","type":"product","link":"https:\/\/omissmartcity.com\/hr\/proizvod\/the-old-cemetery\/","title":{"rendered":"Staro groblje"},"content":{"rendered":"<p class=\"whitespace-normal break-words\">Staro groblje u Omi\u0161u, sa svojim impresivnim mauzolejom obitelji Bonito-Dra\u0161kovi\u0107 iz 1630. godine i crkvom Gospe Snje\u017ene koja je sagra\u0111ena na temeljima starije ranokr\u0161\u0107anske kapele, jedno je od najoriginalnijih i najprepoznatljivijih grobnih mjesta u Dalmaciji. Groblje je posebno poznato po svojim vanjskim nadgrobnim spomenicima s bogato rezbarenim natpisima koji pri\u010daju pri\u010de istaknutih lokalnih obitelji kroz nekoliko stolje\u0107a. Me\u0111u njegovim najdragocjenijim zna\u010dajkama nalazi se \u0161est drevnih rimskih sarkofaga s izvornim oznakama i natpisima, koji predstavljaju direktnu poveznicu s rimskom ba\u0161tinom ovog podru\u010dja i pru\u017eaju neprocjenjiv uvid u pogrebne obi\u010daje antike.<\/p>\n<p class=\"whitespace-normal break-words\">Groblje tako\u0111er sadr\u017ei brojne grobove poznatih omi\u0161kih obitelji, s najstarijim koji datira iz 1515. godine, stvaraju\u0107i izvanrednu kroniku dru\u0161tvenog i kulturnog razvoja grada kroz stolje\u0107a. Mo\u017eda je najzna\u010dajnije to \u0161to je ovo mjesto slu\u017eilo kao mjesto otkri\u0107a uklesane kamene plo\u010de kralja Miroslava iz 12. stolje\u0107a, koja sadr\u017ei tekst napisan bosan\u010dicom. Ovaj izvanredni artefakt uspostavlja klju\u010dnu poveznicu s legendarnim Ka\u010di\u0107ima, plemi\u0107kom obitelji koja je stekla slavu diljem Jadrana zbog svoje pomorske vje\u0161tine i, kako bi povijest htjela, svoj ugled kao zastra\u0161uju\u0107ih pirata koji su stolje\u0107ima kontrolirali vode oko Omi\u0161a.<\/p>\n<p class=\"whitespace-normal break-words\">Transformacija ovog povijesnog groblja predstavlja fascinantnu evoluciju u urbanom planiranju i o\u010duvanju kulture. Godine 2020. groblje je pa\u017eljivo preure\u0111eno iz svoje tradicionalne funkcije u multifunkcionalni javni prostor koji odaje po\u010dast njegovoj ba\u0161tini dok zadovoljava suvremene potrebe. Renovacija je uklju\u010divala instalaciju otvorene ljetne scene koja sada oboga\u0107uje prostor kulturnim doga\u0111anjima i izvedbama, stvaraju\u0107i jedinstveni prostor gdje se umjetnost i povijest susre\u0107u. Pje\u0161a\u010dke staze su promi\u0161ljeno integrirane kroz prostor, omogu\u0107uju\u0107i posjetiteljima da istra\u017euju povijesne spomenike dok u\u017eivaju u mirnom okru\u017eenju za refleksiju i razmi\u0161ljanje.<\/p>","protected":false},"excerpt":{"rendered":"<p>The old cemetery in Omi\u0161, with its impressive Bonito-Dra\u0161kovi\u0107 family mausoleum dating back to 1630 and the Church of Our Lady of Snow built on the foundations of an older Early-Christian chapel, stands as one of the most unique and recognizable burial grounds in Dalmatia. The cemetery is particularly notable for its outdoor tombstones featuring [&hellip;]<\/p>","protected":false},"featured_media":2507,"comment_status":"open","ping_status":"closed","template":"","meta":{"_acf_changed":false,"_monsterinsights_skip_tracking":false,"_monsterinsights_sitenote_active":false,"_monsterinsights_sitenote_note":"","_monsterinsights_sitenote_category":0,"_uf_show_specific_survey":0,"_uf_disable_surveys":false},"product_brand":[],"product_cat":[15],"product_tag":[49],"class_list":{"0":"post-2712","1":"product","2":"type-product","3":"status-publish","4":"has-post-thumbnail","6":"product_cat-uncategorized","7":"product_tag-service","9":"first","10":"instock","11":"shipping-taxable","12":"product-type-simple"},"acf":[],"aioseo_notices":[],"_links":{"self":[{"href":"https:\/\/omissmartcity.com\/hr\/wp-json\/wp\/v2\/product\/2712","targetHints":{"allow":["GET"]}}],"collection":[{"href":"https:\/\/omissmartcity.com\/hr\/wp-json\/wp\/v2\/product"}],"about":[{"href":"https:\/\/omissmartcity.com\/hr\/wp-json\/wp\/v2\/types\/product"}],"replies":[{"embeddable":true,"href":"https:\/\/omissmartcity.com\/hr\/wp-json\/wp\/v2\/comments?post=2712"}],"wp:featuredmedia":[{"embeddable":true,"href":"https:\/\/omissmartcity.com\/hr\/wp-json\/wp\/v2\/media\/2507"}],"wp:attachment":[{"href":"https:\/\/omissmartcity.com\/hr\/wp-json\/wp\/v2\/media?parent=2712"}],"wp:term":[{"taxonomy":"product_brand","embeddable":true,"href":"https:\/\/omissmartcity.com\/hr\/wp-json\/wp\/v2\/product_brand?post=2712"},{"taxonomy":"product_cat","embeddable":true,"href":"https:\/\/omissmartcity.com\/hr\/wp-json\/wp\/v2\/product_cat?post=2712"},{"taxonomy":"product_tag","embeddable":true,"href":"https:\/\/omissmartcity.com\/hr\/wp-json\/wp\/v2\/product_tag?post=2712"}],"curies":[{"name":"wp","href":"https:\/\/api.w.org\/{rel}","templated":true}]}}