{"id":2716,"date":"2025-07-30T11:13:16","date_gmt":"2025-07-30T11:13:16","guid":{"rendered":"https:\/\/omissmartcity.com\/?post_type=product&#038;p=2716"},"modified":"2025-08-12T08:52:06","modified_gmt":"2025-08-12T08:52:06","slug":"poljica-square-early-17th-c","status":"publish","type":"product","link":"https:\/\/omissmartcity.com\/hr\/proizvod\/poljica-square-early-17th-c\/","title":{"rendered":"Trg Poljica (Rano 17. st.)"},"content":{"rendered":"<p class=\"whitespace-normal break-words\">Polji\u010dki trg predstavlja jedan od najboljih primjera srednjovjekovnog urbanog planiranja koje je kroz stolje\u0107a transformirano pa\u017eljivim razvojem i uljep\u0161avanjem. Izvorno uspostavljen kao u\u017eurbana srednjovjekovna tr\u017enica po\u010detkom 17. stolje\u0107a, ovaj povijesni europski gradski trg slu\u017eio je kao komercijalno i dru\u0161tveno sredi\u0161te Omi\u0161a, gdje su se trgovci, obrtnici i gra\u0111ani okupljali kako bi obavljali poslove i razmjenjivali vijesti. Strate\u0161ka lokacija trga u\u010dinila ga je prirodnim sredi\u0161tem gra\u0111anskog \u017eivota, pozicioniranim za prihvat protoka ljudi i dobara koji su odr\u017eavali ekonomiju grada.<\/p>\n<p class=\"whitespace-normal break-words\">Tijekom stolje\u0107a, uzastopne generacije stanovnika doprinijele su postupnom uljep\u0161avanju trga, svako razdoblje ostavljaju\u0107i svoj trag kroz arhitektonske dodatke, dekorativne elemente i infrastrukturna pobolj\u0161anja. Evolucija trga odra\u017eava promjenljive umjetni\u010dke osjetljivosti i prakti\u010dne potrebe zajednice, stvaraju\u0107i slojevitu povijesnu pri\u010du vidljivu u njegovim kamenjima i strukturama. U sredi\u0161tu trga stoji istaknuti jarbol za zastavu koji nosi mleta\u010dke vladine oznake, slu\u017ee\u0107i kao sna\u017ean podsjetnik na razdoblje kada je Omi\u0161 pao pod mleta\u010dku vlast i upravu.<\/p>\n<p class=\"whitespace-normal break-words\">Ova sredi\u0161nja zastava nije slu\u017eila samo kao simbol vlasti; imala je dvostruku svrhu koja je bila klju\u010dna za srednjovjekovni i ranonovovjekovni gradski \u017eivot. Slu\u017ebene objave venecijanskih vlasti objavljivale su se ovdje, \u010dine\u0107i je primarnim izvorom vladine komunikacije s lokalnim stanovni\u0161tvom. Gra\u0111ani bi se okupljali oko zastave kako bi \u010duli vijesti o novim zakonima, objavama poreza, trgovinskim propisima i drugim administrativnim odlukama koje su utjecale na njihov svakodnevni \u017eivot. Me\u0111utim, zastava je tako\u0111er imala ozbiljniju funkciju kao mjesto za javne kazne, gdje su oni koji su prekr\u0161ili lokalne zakone ili osporavali venecijansku vlast suo\u010davali s posljedicama pred o\u010dima zajednice, slu\u017ee\u0107i i kao pravda i kao sredstvo zastra\u0161ivanja.<\/p>","protected":false},"excerpt":{"rendered":"<p>Poljica Square represents one of the finest examples of medieval urban planning transformed through centuries of careful development and beautification. Originally established as a bustling medieval marketplace in the early 17th century, this historic European town square served as the commercial and social heart of Omi\u0161, where merchants, craftsmen, and citizens would gather to conduct [&hellip;]<\/p>","protected":false},"featured_media":917,"comment_status":"open","ping_status":"closed","template":"","meta":{"_acf_changed":false,"_monsterinsights_skip_tracking":false,"_monsterinsights_sitenote_active":false,"_monsterinsights_sitenote_note":"","_monsterinsights_sitenote_category":0,"_uf_show_specific_survey":0,"_uf_disable_surveys":false},"product_brand":[],"product_cat":[15],"product_tag":[49],"class_list":{"0":"post-2716","1":"product","2":"type-product","3":"status-publish","4":"has-post-thumbnail","6":"product_cat-uncategorized","7":"product_tag-service","9":"first","10":"instock","11":"shipping-taxable","12":"product-type-simple"},"acf":[],"aioseo_notices":[],"_links":{"self":[{"href":"https:\/\/omissmartcity.com\/hr\/wp-json\/wp\/v2\/product\/2716","targetHints":{"allow":["GET"]}}],"collection":[{"href":"https:\/\/omissmartcity.com\/hr\/wp-json\/wp\/v2\/product"}],"about":[{"href":"https:\/\/omissmartcity.com\/hr\/wp-json\/wp\/v2\/types\/product"}],"replies":[{"embeddable":true,"href":"https:\/\/omissmartcity.com\/hr\/wp-json\/wp\/v2\/comments?post=2716"}],"wp:featuredmedia":[{"embeddable":true,"href":"https:\/\/omissmartcity.com\/hr\/wp-json\/wp\/v2\/media\/917"}],"wp:attachment":[{"href":"https:\/\/omissmartcity.com\/hr\/wp-json\/wp\/v2\/media?parent=2716"}],"wp:term":[{"taxonomy":"product_brand","embeddable":true,"href":"https:\/\/omissmartcity.com\/hr\/wp-json\/wp\/v2\/product_brand?post=2716"},{"taxonomy":"product_cat","embeddable":true,"href":"https:\/\/omissmartcity.com\/hr\/wp-json\/wp\/v2\/product_cat?post=2716"},{"taxonomy":"product_tag","embeddable":true,"href":"https:\/\/omissmartcity.com\/hr\/wp-json\/wp\/v2\/product_tag?post=2716"}],"curies":[{"name":"wp","href":"https:\/\/api.w.org\/{rel}","templated":true}]}}