{"id":2720,"date":"2025-07-30T11:17:39","date_gmt":"2025-07-30T11:17:39","guid":{"rendered":"https:\/\/omissmartcity.com\/?post_type=product&#038;p=2720"},"modified":"2025-07-30T11:17:39","modified_gmt":"2025-07-30T11:17:39","slug":"the-parish-church-of-st-michael-early-17th-c-with-the-bell-tower-early-18th-c","status":"publish","type":"product","link":"https:\/\/omissmartcity.com\/hr\/proizvod\/the-parish-church-of-st-michael-early-17th-c-with-the-bell-tower-early-18th-c\/","title":{"rendered":"\u017dupna crkva svetog Mihovila (rano 17. stolje\u0107e) s zvonikom (rano 18. stolje\u0107e)"},"content":{"rendered":"<p class=\"whitespace-normal break-words\">\u017dupna crkva sv. Mihaela stoji kao izvanredan testament arhitektonskoj evoluciji i umjetni\u010dkoj sintezi koja je odlikovala prijelaz iz srednjovjekovne u ranu modernu religijsku arhitekturu u Dalmaciji. Izgra\u0111ena po\u010detkom 17. stolje\u0107a s karakteristi\u010dnim zvonikom dodatim po\u010detkom 18. stolje\u0107a, ova sveta gra\u0111evina predstavlja skladno kombiniranje stilskih osobina iz goti\u010dke umjetnosti, renesansnih ideala i ranobaroknih senzibiliteta. Ova arhitektonska fuzija odra\u017eava slo\u017eene kulturne struje koje su prolazile kroz jadranski prostor tijekom ovog transformativnog razdoblja europske povijesti.<\/p>\n<p class=\"whitespace-normal break-words\">Najistaknutija zna\u010dajka crkve je njen rasko\u0161an portal, izra\u0111en u poznatoj radionici obitelji Bokani\u0107 s otoka Bra\u010da. Radionica obitelji Bokani\u0107 bila je poznata diljem Dalmacije zbog svoje izvrsne vje\u0161tine u kiparstvu u kamenu i arhitektonskoj dekoraciji, a njihov rad na portalu sv. Mihovila predstavlja neka od njihovih najboljih umjetni\u010dkih postignu\u0107a. Portal prikazuje sofisticirane tehnike i estetske senzibilitete koji su kipare sa Bra\u010da u\u010dinili legendarnima diljem Mediterana, sadr\u017ei slo\u017eeni reljefni rad, klasi\u010dne proporcije i dekorativne elemente koji pokazuju majstorstvo radionice u tradicionalnim i suvremenim umjetni\u010dkim stilovima.<\/p>\n<p class=\"whitespace-normal break-words\">Goti\u010dki elementi u dizajnu crkve podsje\u0107aju na srednjovjekovnu tradiciju vertikalnog nagla\u0161avanja i \u0161iljastih lukova, dok su renesansni utjecaji o\u010diti u klasi\u010dnim proporcijama i humanisti\u010dkim detaljima koji odra\u017eavaju obnovljeni interes razdoblja za drevne rimske i gr\u010dke arhitektonske principe. Rani barokni elementi dodaju osje\u0107aj pokreta i emocionalne intenzivnosti strukturi, sa zakrivljenim linijama i dinami\u010dnim oblicima koji \u0107e postati karakteristi\u010dni za pristup arhitekturi religije za vrijeme protureformacije. Ova stilska kombinacija stvara jedinstvenu arhitektonsku osobnost koja govori o kulturnoj sofisticiranosti ranog 17. stolje\u0107a u Omi\u0161u i njegovim povezivanjima s \u0161irim europskim umjetni\u010dkim pokretima.<\/p>","protected":false},"excerpt":{"rendered":"<p>The Parish Church of St. Michael stands as a remarkable testament to the architectural evolution and artistic synthesis that characterized the transition from medieval to early modern religious architecture in Dalmatia. Built in the early 17th century with its distinctive bell tower added in the early 18th century, this sacred structure represents a harmonious blending [&hellip;]<\/p>","protected":false},"featured_media":2533,"comment_status":"open","ping_status":"closed","template":"","meta":{"_acf_changed":false,"_monsterinsights_skip_tracking":false,"_monsterinsights_sitenote_active":false,"_monsterinsights_sitenote_note":"","_monsterinsights_sitenote_category":0,"_uf_show_specific_survey":0,"_uf_disable_surveys":false},"product_brand":[],"product_cat":[15],"product_tag":[49],"class_list":{"0":"post-2720","1":"product","2":"type-product","3":"status-publish","4":"has-post-thumbnail","6":"product_cat-uncategorized","7":"product_tag-service","9":"first","10":"instock","11":"shipping-taxable","12":"product-type-simple"},"acf":[],"aioseo_notices":[],"_links":{"self":[{"href":"https:\/\/omissmartcity.com\/hr\/wp-json\/wp\/v2\/product\/2720","targetHints":{"allow":["GET"]}}],"collection":[{"href":"https:\/\/omissmartcity.com\/hr\/wp-json\/wp\/v2\/product"}],"about":[{"href":"https:\/\/omissmartcity.com\/hr\/wp-json\/wp\/v2\/types\/product"}],"replies":[{"embeddable":true,"href":"https:\/\/omissmartcity.com\/hr\/wp-json\/wp\/v2\/comments?post=2720"}],"wp:featuredmedia":[{"embeddable":true,"href":"https:\/\/omissmartcity.com\/hr\/wp-json\/wp\/v2\/media\/2533"}],"wp:attachment":[{"href":"https:\/\/omissmartcity.com\/hr\/wp-json\/wp\/v2\/media?parent=2720"}],"wp:term":[{"taxonomy":"product_brand","embeddable":true,"href":"https:\/\/omissmartcity.com\/hr\/wp-json\/wp\/v2\/product_brand?post=2720"},{"taxonomy":"product_cat","embeddable":true,"href":"https:\/\/omissmartcity.com\/hr\/wp-json\/wp\/v2\/product_cat?post=2720"},{"taxonomy":"product_tag","embeddable":true,"href":"https:\/\/omissmartcity.com\/hr\/wp-json\/wp\/v2\/product_tag?post=2720"}],"curies":[{"name":"wp","href":"https:\/\/api.w.org\/{rel}","templated":true}]}}