{"id":2724,"date":"2025-07-30T11:22:53","date_gmt":"2025-07-30T11:22:53","guid":{"rendered":"https:\/\/omissmartcity.com\/?post_type=product&#038;p=2724"},"modified":"2025-07-30T11:22:53","modified_gmt":"2025-07-30T11:22:53","slug":"church-of-the-holy-spirit-1585","status":"publish","type":"product","link":"https:\/\/omissmartcity.com\/hr\/proizvod\/church-of-the-holy-spirit-1585\/","title":{"rendered":"Crkva Svetog Duha (1585)"},"content":{"rendered":"<p class=\"whitespace-normal break-words\">Crkva Svetog Duha predstavlja fascinantan primjer arhitektonske obnov\u0435 i prilagodbe, sagra\u0111ena 1585. godine na temeljima ranije goti\u010dke crkve koja je potpuno renovirana kako bi zadovoljila promjenjive potrebe i estetske preferencije kasnog 16. stolje\u0107a. Ova transformacija odra\u017eava \u0161iri obrazac religijske i arhitektonske obnove koji je zahvatio katoli\u010dku Europu tijekom razdoblja protureformacije, kada su mnoge starije crkve ponovno gra\u0111ene ili opse\u017eno modificirane kako bi odra\u017eavale nove teolo\u0161ke naglaske i umjetni\u010dke senzibilitete.<\/p>\n<p class=\"whitespace-normal break-words\">Strate\u0161ka lokacija crkve odmah ispod impozantnih utvrda Omi\u0161a postavlja je na sjeci\u0161tu vojnog i civilnog \u017eivota, ugra\u0111enu unutar srednjovjekovnih administrativnih zgrada op\u0107ine koja je \u010dinila gra\u0111ansko srce grada. Ova pozicija nije bila slu\u010dajna; crkve u srednjovjekovnim i ranomodernim europskim gradovima obi\u010dno su bile postavljene na mjestima koja su nagla\u0161avala njihovu va\u017enost kako za duhovnu, tako i za vremensku vlast. Blizina utvrda i administrativnih zgrada stvorila je sna\u017eni simboli\u010dki trokut vojne mo\u0107i, vladarske vlasti i vjerskog vo\u0111enja koji je definirao dru\u0161tveni poredak zajednice.<\/p>\n<p class=\"whitespace-normal break-words\">Odluka o potpuno obnovi ranije goti\u010dke strukture umjesto da se jednostavno modificira govori o ambicioznim ciljevima projekta i predanosti zajednice stvaranju vjerskog prostora koji bi odra\u017eavao suvremene arhitektonske i teolo\u0161ke ideale. Obnova iz 1585. godine uklju\u010divala bi najnovija dostignu\u0107a u dizajnu crkava, vjerojatno uklju\u010duju\u0107i pobolj\u0161anu akustiku za propovijedanje, bolju rasvjetu za \u010ditanje i ceremonije te dekorativne elemente koji su podr\u017eavali obnovljeni naglasak Katoli\u010dke crkve na vizualnoj ljepoti i emocionalnom anga\u017emanu u vjerskoj praksi.<\/p>","protected":false},"excerpt":{"rendered":"<p>The Church of the Holy Spirit represents a fascinating example of architectural renewal and adaptation, built in 1585 on the foundations of an earlier Gothic church that was completely renovated to meet the changing needs and aesthetic preferences of the late 16th century. This transformation reflects the broader pattern of religious and architectural renewal that [&hellip;]<\/p>","protected":false},"featured_media":935,"comment_status":"open","ping_status":"closed","template":"","meta":{"_acf_changed":false,"_monsterinsights_skip_tracking":false,"_monsterinsights_sitenote_active":false,"_monsterinsights_sitenote_note":"","_monsterinsights_sitenote_category":0,"_uf_show_specific_survey":0,"_uf_disable_surveys":false},"product_brand":[],"product_cat":[15],"product_tag":[49],"class_list":{"0":"post-2724","1":"product","2":"type-product","3":"status-publish","4":"has-post-thumbnail","6":"product_cat-uncategorized","7":"product_tag-service","9":"first","10":"instock","11":"shipping-taxable","12":"product-type-simple"},"acf":[],"aioseo_notices":[],"_links":{"self":[{"href":"https:\/\/omissmartcity.com\/hr\/wp-json\/wp\/v2\/product\/2724","targetHints":{"allow":["GET"]}}],"collection":[{"href":"https:\/\/omissmartcity.com\/hr\/wp-json\/wp\/v2\/product"}],"about":[{"href":"https:\/\/omissmartcity.com\/hr\/wp-json\/wp\/v2\/types\/product"}],"replies":[{"embeddable":true,"href":"https:\/\/omissmartcity.com\/hr\/wp-json\/wp\/v2\/comments?post=2724"}],"wp:featuredmedia":[{"embeddable":true,"href":"https:\/\/omissmartcity.com\/hr\/wp-json\/wp\/v2\/media\/935"}],"wp:attachment":[{"href":"https:\/\/omissmartcity.com\/hr\/wp-json\/wp\/v2\/media?parent=2724"}],"wp:term":[{"taxonomy":"product_brand","embeddable":true,"href":"https:\/\/omissmartcity.com\/hr\/wp-json\/wp\/v2\/product_brand?post=2724"},{"taxonomy":"product_cat","embeddable":true,"href":"https:\/\/omissmartcity.com\/hr\/wp-json\/wp\/v2\/product_cat?post=2724"},{"taxonomy":"product_tag","embeddable":true,"href":"https:\/\/omissmartcity.com\/hr\/wp-json\/wp\/v2\/product_tag?post=2724"}],"curies":[{"name":"wp","href":"https:\/\/api.w.org\/{rel}","templated":true}]}}