{"id":2728,"date":"2025-07-30T11:25:13","date_gmt":"2025-07-30T11:25:13","guid":{"rendered":"https:\/\/omissmartcity.com\/?post_type=product&#038;p=2728"},"modified":"2025-07-30T11:25:13","modified_gmt":"2025-07-30T11:25:13","slug":"church-of-st-rocco-16th-c","status":"publish","type":"product","link":"https:\/\/omissmartcity.com\/hr\/proizvod\/church-of-st-rocco-16th-c\/","title":{"rendered":"Crkva sv. Roka (16. st.)"},"content":{"rendered":"<p class=\"whitespace-normal break-words\">Crkva sv. Roka ima posebno mjesto u vjerskoj i dru\u0161tvenoj strukturi Omi\u0161a kao duhovni dom istoimene bratov\u0161tine posve\u0107ene ovom voljenom svecu. Izgra\u0111ena u 16. stolje\u0107u, ova crkva predstavlja va\u017enu tradiciju bratovskih religioznih organizacija koje su igrale klju\u010dne uloge u srednjovjekovnim i ranim modernim europskim zajednicama, pru\u017eaju\u0107i ne samo duhovno vodstvo ve\u0107 i dru\u0161tvenu podr\u0161ku, humanitarne radove i kulturne aktivnosti za svoje \u010dlanove.<\/p>\n<p class=\"whitespace-normal break-words\">Najcjenjenija umjetni\u010dka imovina crkve je veli\u010danstveni oltarni komad koji je naslikao Francesco Negri, pod naslovom \"Djevica Marija s Isusom, sv. Rokom i sv. Sebastijanom.\" Ovo izvanredno djelo vjerske umjetnosti isti\u010de sofisticirano umjetni\u010dko pokroviteljstvo koje je karakteriziralo vjerske bratov\u0161tine tog razdoblja, koje su \u010desto naru\u010divale viskokvalitetna umjetni\u010dka djela kako bi uljep\u0161ale svoje crkve i pokazale svoju pobo\u017enost. Ikonografija oltarnog komada odra\u017eava posebne brige bratov\u0161tine sv. Roka, prikazuju\u0107i svetce koji su pozivani za za\u0161titu od kuge i drugih bolesti koje su \u010desto prijetile srednjovjekovnim i ranonovovjekovnim zajednicama.<\/p>\n<p class=\"whitespace-normal break-words\">Osobito povijesno zna\u010denje ima oltar koji nosi grb mo\u0107nih Ka\u010di\u0107kih vojvoda, plemi\u0107ke obitelji \u010diji su pomorski poduhvati i politi\u010dki utjecaj oblikovali povijest Omi\u0161a stolje\u0107ima. Prisutnost Ka\u010di\u0107evog grba u ovom religijskom kontekstu pokazuje duboku integraciju svjetovne i duhovne vlasti koja je karakterizirala srednjovjekovno dru\u0161tvo, gdje su plemi\u0107ke obitelji \u010desto bile za\u0161titnici vjerskih institucija, a njihovi heraldi\u010dki simboli su se pojavili u svetim prostorima kao svjedo\u010danstvo njihove pobo\u017enosti i dru\u0161tvene uglednosti. Povezanost obitelji Ka\u010di\u0107 s ovom crkvom tako\u0111er odra\u017eava njihovu ulogu kao za\u0161titnika i dobro\u010dinitelja lokalne zajednice, \u010dak i kada je njihova reputacija kao iznimnih gusara rasprostranjena diljem Jadrana.<\/p>","protected":false},"excerpt":{"rendered":"<p>The Church of St. Rocco holds a special place in the religious and social fabric of Omi\u0161 as the spiritual home of the eponymous brotherhood dedicated to this beloved saint. Built in the 16th century, this church represents the important tradition of confraternal religious organizations that played crucial roles in medieval and early modern European [&hellip;]<\/p>","protected":false},"featured_media":2564,"comment_status":"open","ping_status":"closed","template":"","meta":{"_acf_changed":false,"_monsterinsights_skip_tracking":false,"_monsterinsights_sitenote_active":false,"_monsterinsights_sitenote_note":"","_monsterinsights_sitenote_category":0,"_uf_show_specific_survey":0,"_uf_disable_surveys":false},"product_brand":[],"product_cat":[15],"product_tag":[49],"class_list":{"0":"post-2728","1":"product","2":"type-product","3":"status-publish","4":"has-post-thumbnail","6":"product_cat-uncategorized","7":"product_tag-service","9":"first","10":"instock","11":"shipping-taxable","12":"product-type-simple"},"acf":[],"aioseo_notices":[],"_links":{"self":[{"href":"https:\/\/omissmartcity.com\/hr\/wp-json\/wp\/v2\/product\/2728","targetHints":{"allow":["GET"]}}],"collection":[{"href":"https:\/\/omissmartcity.com\/hr\/wp-json\/wp\/v2\/product"}],"about":[{"href":"https:\/\/omissmartcity.com\/hr\/wp-json\/wp\/v2\/types\/product"}],"replies":[{"embeddable":true,"href":"https:\/\/omissmartcity.com\/hr\/wp-json\/wp\/v2\/comments?post=2728"}],"wp:featuredmedia":[{"embeddable":true,"href":"https:\/\/omissmartcity.com\/hr\/wp-json\/wp\/v2\/media\/2564"}],"wp:attachment":[{"href":"https:\/\/omissmartcity.com\/hr\/wp-json\/wp\/v2\/media?parent=2728"}],"wp:term":[{"taxonomy":"product_brand","embeddable":true,"href":"https:\/\/omissmartcity.com\/hr\/wp-json\/wp\/v2\/product_brand?post=2728"},{"taxonomy":"product_cat","embeddable":true,"href":"https:\/\/omissmartcity.com\/hr\/wp-json\/wp\/v2\/product_cat?post=2728"},{"taxonomy":"product_tag","embeddable":true,"href":"https:\/\/omissmartcity.com\/hr\/wp-json\/wp\/v2\/product_tag?post=2728"}],"curies":[{"name":"wp","href":"https:\/\/api.w.org\/{rel}","templated":true}]}}