{"id":2737,"date":"2025-07-30T11:33:15","date_gmt":"2025-07-30T11:33:15","guid":{"rendered":"https:\/\/omissmartcity.com\/?post_type=product&#038;p=2737"},"modified":"2025-07-30T11:33:15","modified_gmt":"2025-07-30T11:33:15","slug":"the-church-of-st-euphemia-5th-6th-c","status":"publish","type":"product","link":"https:\/\/omissmartcity.com\/hr\/proizvod\/the-church-of-st-euphemia-5th-6th-c\/","title":{"rendered":"Crkva svete Eufemije (5.-6. st.)"},"content":{"rendered":"<p class=\"whitespace-normal break-words\">Crkva svete Eufemije stoji kao jedno od najstarijih i arheolo\u0161ki zna\u010dajnih vjerskih mjesta u Omi\u0161u, s porijeklom koje se\u017ee u 5. ili 6. stolje\u0107e tijekom ranokr\u0161\u0107anskog razdoblja. Ostaci ove iznimne gra\u0111evine otkrivaju da je to bila jednostavna crkva s polukru\u017enom apsidom i posebnim klupama, arhitektonskim elementima koji su bili karakteristi\u010dni za dizajn ranokr\u0161\u0107anskih crkava i odra\u017eavaju razvijaju\u0107e liturgijske prakse tog razdoblja. Ove zna\u010dajke pru\u017eaju vrijedne uvide u evoluciju kr\u0161\u0107anske arhitekture tijekom prijelaza iz kasnog Rimskog Carstva u rano srednjovjekovno razdoblje.<\/p>\n<p class=\"whitespace-normal break-words\">Temelji crkve, koji su nedavno istra\u017eeni i iskopani tijekom opse\u017enog arheolo\u0161kog istra\u017eivanja provedenog 2004. godine, donijeli su fascinantna otkri\u0107a koja osvjetljavaju kako tehniku izgradnje zgrade, tako i njezinu povijesnu va\u017enost. Ove arheolo\u0161ke istrage otkrile su vi\u0161e faza izgradnje i obnove, \u0161to sugerira da je mjesto odr\u017eavalo svoju religijsku va\u017enost tijekom mnogih stolje\u0107a i da je vi\u0161e puta prilago\u0111avano kako bi zadovoljilo promjenjive liturgijske i dru\u0161tvene potrebe. Pa\u017eljivo izvedeni iskopi tako\u0111er su otkrili artefakte i arhitektonske fragmente koji pru\u017eaju presudne dokaze o ranokr\u0161\u0107anskom \u017eivotu u ovoj regiji Dalmacije.<\/p>\n<p class=\"whitespace-normal break-words\">Pisani izvori iz 1527. godine daju prvi dokumentirani spomen crkve, ukazuju\u0107i na to da je ostala aktivno religijsko mjesto sve do ranog modernog razdoblja unato\u010d svojim drevnim korijenima. Ovi dokumentarni dokazi sugeriraju izuzetni kontinuitet religijske prakse koja traje preko tisu\u0107u godina, od njenog ranokr\u0161\u0107anskog osnivanja kroz srednjovjekovno razdoblje do renesanse. Crkva je posve\u0107ena svetoj Eufemiji, mu\u010denici iz Kalcedona koja je postala \u0161iroko \u0161tovana \u0161irom kr\u0161\u0107anskog svijeta kao za\u0161titnica prave vjere, odra\u017eavaju\u0107i predanost zajednice ortodoksnoj kr\u0161\u0107anskoj doktrini tijekom razdoblja teolo\u0161kih kontroverzi i doktrinalnih izazova.<\/p>\n<p class=\"whitespace-normal break-words\">Posveta svetoj Eufemiji posebno je zna\u010dajna s obzirom na njezinu ulogu u ranoj kr\u0161\u0107anskoj povijesti i na Kalcedonskom saboru 451. godine, gdje su njezine relikvije navodno \u010dudesno potvrdile ortodoksni stav o prirodi Krista. Ova posveta sugerira da je rana kr\u0161\u0107anska zajednica u Omi\u0161u bila dobro povezana sa \u0161irim teolo\u0161kim razvojem u kr\u0161\u0107anskom svijetu i da je bila predana o\u010duvanju doktrinalne ortodoksije tijekom formativnih stolje\u0107a kr\u0161\u0107anske teologije. Crkva stoga predstavlja ne samo arhitektonski spomenik, ve\u0107 i svjedo\u010danstvo dubokih korijena kr\u0161\u0107anske vjere u ovoj regiji i njezine veze sa \u0161irim kr\u0161\u0107anskim zajednicama ranog srednjeg vijeka.<\/p>","protected":false},"excerpt":{"rendered":"<p>The Church of St. Euphemia stands as one of the most ancient and archaeologically significant religious sites in Omi\u0161, with its origins tracing back to the 5th or 6th century during the early Christian period. The remnants of this remarkable structure reveal it to have been a single-nave church featuring a semi-circular apse and a [&hellip;]<\/p>","protected":false},"featured_media":949,"comment_status":"open","ping_status":"closed","template":"","meta":{"_acf_changed":false,"_monsterinsights_skip_tracking":false,"_monsterinsights_sitenote_active":false,"_monsterinsights_sitenote_note":"","_monsterinsights_sitenote_category":0,"_uf_show_specific_survey":0,"_uf_disable_surveys":false},"product_brand":[],"product_cat":[15],"product_tag":[49],"class_list":{"0":"post-2737","1":"product","2":"type-product","3":"status-publish","4":"has-post-thumbnail","6":"product_cat-uncategorized","7":"product_tag-service","9":"first","10":"instock","11":"shipping-taxable","12":"product-type-simple"},"acf":[],"aioseo_notices":[],"_links":{"self":[{"href":"https:\/\/omissmartcity.com\/hr\/wp-json\/wp\/v2\/product\/2737","targetHints":{"allow":["GET"]}}],"collection":[{"href":"https:\/\/omissmartcity.com\/hr\/wp-json\/wp\/v2\/product"}],"about":[{"href":"https:\/\/omissmartcity.com\/hr\/wp-json\/wp\/v2\/types\/product"}],"replies":[{"embeddable":true,"href":"https:\/\/omissmartcity.com\/hr\/wp-json\/wp\/v2\/comments?post=2737"}],"wp:featuredmedia":[{"embeddable":true,"href":"https:\/\/omissmartcity.com\/hr\/wp-json\/wp\/v2\/media\/949"}],"wp:attachment":[{"href":"https:\/\/omissmartcity.com\/hr\/wp-json\/wp\/v2\/media?parent=2737"}],"wp:term":[{"taxonomy":"product_brand","embeddable":true,"href":"https:\/\/omissmartcity.com\/hr\/wp-json\/wp\/v2\/product_brand?post=2737"},{"taxonomy":"product_cat","embeddable":true,"href":"https:\/\/omissmartcity.com\/hr\/wp-json\/wp\/v2\/product_cat?post=2737"},{"taxonomy":"product_tag","embeddable":true,"href":"https:\/\/omissmartcity.com\/hr\/wp-json\/wp\/v2\/product_tag?post=2737"}],"curies":[{"name":"wp","href":"https:\/\/api.w.org\/{rel}","templated":true}]}}