{"id":2776,"date":"2025-07-30T13:56:58","date_gmt":"2025-07-30T13:56:58","guid":{"rendered":"https:\/\/omissmartcity.com\/?post_type=product&#038;p=2776"},"modified":"2025-08-14T12:14:00","modified_gmt":"2025-08-14T12:14:00","slug":"speed-boat-taxi","status":"publish","type":"product","link":"https:\/\/omissmartcity.com\/hr\/proizvod\/speed-boat-taxi\/","title":{"rendered":"GLISER TAXI"},"content":{"rendered":"<p>Mi smo profesionalna usluga brze taksi brodice koja pru\u017ea brzi i pouzdani vodeni transport za do 12 putnika, specijalizirana za prijevoz do zra\u010dne luke i prilago\u0111ene rute kroz obalne vode.<\/p>\n<h3><img decoding=\"async\" class=\"alignnone size-full wp-image-2034\" src=\"https:\/\/omissmartcity.com\/wp-content\/uploads\/2025\/07\/included.png\" alt=\"\" width=\"40\" height=\"34\" \/>\u0160TO JE UKLJU\u010cENO<\/h3>\n<ul>\n<li class=\"whitespace-normal break-words\">Profesionalni licencirani kapetan<\/li>\n<li class=\"whitespace-normal break-words\">Prsluci za spa\u0161avanje osigurani za sve putnike<\/li>\n<li class=\"whitespace-normal break-words\">Sigurnosna oprema (prva pomo\u0107, hitne signalizacijske rakete, radio komunikacija)<\/li>\n<li class=\"whitespace-normal break-words\">Prijevoz prtljage<\/li>\n<\/ul>\n<h3><img decoding=\"async\" class=\"alignnone size-full wp-image-2039\" src=\"https:\/\/omissmartcity.com\/wp-content\/uploads\/2025\/07\/notincluded.png\" alt=\"\" width=\"33\" height=\"33\" \/> \u0160TO NIJE UKLJU\u010cENO<\/h3>\n<ul>\n<li class=\"whitespace-normal break-words\">Napojnice za posadu (nije obavezno)<\/li>\n<li class=\"whitespace-normal break-words\">Dodatni tro\u0161kovi goriva za produ\u017eene rute<\/li>\n<li class=\"whitespace-normal break-words\">Najam posebne opreme (oprema za ronjenje, itd.)<\/li>\n<li class=\"whitespace-normal break-words\">Dodatne pristojbe za luke\/marine za premium lokacije<\/li>\n<\/ul>\n<h3><img decoding=\"async\" class=\"alignnone size-full wp-image-2036\" src=\"https:\/\/omissmartcity.com\/wp-content\/uploads\/2025\/07\/infoo.png\" alt=\"\" width=\"34\" height=\"34\" \/> DODATNE INFORMACIJE<\/h3>\n<ul>\n<li class=\"whitespace-normal break-words translation-block\"><strong>Kapacitet:<\/strong> 1-12 putnika po \u010damcu<\/li>\n<li class=\"whitespace-normal break-words translation-block\"><strong>Prtljaga:<\/strong> Dostupan je adekvatan prostor za standardnu prtljagu<\/li>\n<li class=\"whitespace-normal break-words translation-block\"><strong>Politika vremena:<\/strong> Usluga se odvija samo u sigurnim vremenskim uvjetima<\/li>\n<li class=\"whitespace-normal break-words translation-block\"><strong>Dobna ograni\u010denja:<\/strong> Djeca mla\u0111a od 3 godine moraju biti u pratnji odrasle osobe u svim trenucima.<\/li>\n<li class=\"whitespace-normal break-words translation-block\"><strong>Posebne potrebe:<\/strong> Molimo vas da nas obavijestite o bilo kojim zahtjevima vezanim uz mobilnost prilikom rezervacije.<\/li>\n<\/ul>\n<h3><img loading=\"lazy\" decoding=\"async\" class=\"alignnone size-full wp-image-2231\" src=\"POLITIKA OTKAZIVANJA\" alt=\"\" width=\"34\" height=\"34\" \/> POLITIKA OTKAZIVANJA<\/h3>\n<ul>\n<li>Manje od 24 sata: Nema povrata novca<\/li>\n<\/ul>\n<h3><img loading=\"lazy\" decoding=\"async\" class=\"alignnone size-full wp-image-2037\" src=\"https:\/\/omissmartcity.com\/wp-content\/uploads\/2025\/07\/clock.png\" alt=\"\" width=\"30\" height=\"30\" \/> TRAJANJE<\/h3>\n<ul>\n<li class=\"whitespace-normal break-words\">Trajanje: Varira ovisno o ruti<\/li>\n<li class=\"whitespace-normal break-words\">Svi dogovori napravljeni su sporazumno<\/li>\n<\/ul>","protected":false},"excerpt":{"rendered":"<p>We are a professional speed boat taxi service providing fast, reliable water transportation for up to 12 passengers, specializing in airport transfers and custom routes across coastal waters. WHAT&#8217;S INCLUDED Professional licensed captain Life jackets for all passengers Safety equipment (first aid kit, emergency flares, radio communication) Luggage transportation WHAT&#8217;S NOT INCLUDED Gratuities for captain [&hellip;]<\/p>","protected":false},"featured_media":2779,"comment_status":"open","ping_status":"closed","template":"","meta":{"_acf_changed":false,"_monsterinsights_skip_tracking":false,"_monsterinsights_sitenote_active":false,"_monsterinsights_sitenote_note":"","_monsterinsights_sitenote_category":0,"_uf_show_specific_survey":0,"_uf_disable_surveys":false},"product_brand":[],"product_cat":[56],"product_tag":[52,49],"class_list":{"0":"post-2776","1":"product","2":"type-product","3":"status-publish","4":"has-post-thumbnail","6":"product_cat-transfers","7":"product_tag-offers","8":"product_tag-service","10":"first","11":"instock","12":"shipping-taxable","13":"product-type-simple"},"acf":[],"aioseo_notices":[],"_links":{"self":[{"href":"https:\/\/omissmartcity.com\/hr\/wp-json\/wp\/v2\/product\/2776","targetHints":{"allow":["GET"]}}],"collection":[{"href":"https:\/\/omissmartcity.com\/hr\/wp-json\/wp\/v2\/product"}],"about":[{"href":"https:\/\/omissmartcity.com\/hr\/wp-json\/wp\/v2\/types\/product"}],"replies":[{"embeddable":true,"href":"https:\/\/omissmartcity.com\/hr\/wp-json\/wp\/v2\/comments?post=2776"}],"wp:featuredmedia":[{"embeddable":true,"href":"https:\/\/omissmartcity.com\/hr\/wp-json\/wp\/v2\/media\/2779"}],"wp:attachment":[{"href":"https:\/\/omissmartcity.com\/hr\/wp-json\/wp\/v2\/media?parent=2776"}],"wp:term":[{"taxonomy":"product_brand","embeddable":true,"href":"https:\/\/omissmartcity.com\/hr\/wp-json\/wp\/v2\/product_brand?post=2776"},{"taxonomy":"product_cat","embeddable":true,"href":"https:\/\/omissmartcity.com\/hr\/wp-json\/wp\/v2\/product_cat?post=2776"},{"taxonomy":"product_tag","embeddable":true,"href":"https:\/\/omissmartcity.com\/hr\/wp-json\/wp\/v2\/product_tag?post=2776"}],"curies":[{"name":"wp","href":"https:\/\/api.w.org\/{rel}","templated":true}]}}