{"id":2825,"date":"2025-07-31T08:18:49","date_gmt":"2025-07-31T08:18:49","guid":{"rendered":"https:\/\/omissmartcity.com\/?post_type=product&#038;p=2825"},"modified":"2025-08-25T13:33:40","modified_gmt":"2025-08-25T11:33:40","slug":"la-reina-beauty-cosmetic-salon","status":"publish","type":"product","link":"https:\/\/omissmartcity.com\/hr\/proizvod\/la-reina-beauty-cosmetic-salon\/","title":{"rendered":"LA REINA SALON LJEPOTE"},"content":{"rendered":"<p class=\"whitespace-normal break-words\"><strong>#1 Salon ljepote i njege tijela u Omi\u0161u | Napredne tehnologije | \u010carobna oaza uz rijeku Cetinu<\/strong><\/p>\n<hr \/>\n<h3 class=\"text-xl font-bold text-text-100 mt-1 -mb-0.5\"><img decoding=\"async\" class=\"alignnone size-full wp-image-2230\" src=\"https:\/\/omissmartcity.com\/wp-content\/uploads\/2025\/07\/amen.png\" alt=\"\" width=\"34\" height=\"34\" \/> ZA\u0160TO JE LA REINA POSEBNA?<\/h3>\n<p class=\"whitespace-normal break-words translation-block\"><strong>Prvi i jedini salon te vrste u Omi\u0161u<\/strong> \u2013 smje\u0161ten u prekrasnom kutku uz rijeku Cetinu, La Reina je prava mala oaza za potpunu relaksaciju i odmor. Na\u0161 tim koristi <strong>napredne tehnologije<\/strong> i proizvode renomiranih svjetskih proizvo\u0111a\u010da.<\/p>\n<h3 class=\"whitespace-normal break-words\"><img decoding=\"async\" class=\"alignnone size-full wp-image-2034\" src=\"https:\/\/omissmartcity.com\/wp-content\/uploads\/2025\/07\/included.png\" alt=\"\" width=\"40\" height=\"34\" \/> \u0160TO NAS \u010cINI DRUGA\u010cIJIMA:<\/h3>\n<ul>\n<li class=\"whitespace-normal break-words\">Prvi salon za njegu tijela u Omi\u0161u \u2013 pionir u naprednim tretmanima ljepote<\/li>\n<li class=\"whitespace-normal break-words\">Jedinstvena lokacija uz rijeku \u2013 mirno uto\u010di\u0161te od gradske buke<\/li>\n<li class=\"whitespace-normal break-words\">Najnovija tehnologija \u2013 oprema profesionalne razine za najbolje rezultate<\/li>\n<li class=\"whitespace-normal break-words\">Stru\u010dni tim \u2013 neprekidno se obu\u010dava u najnovijim tehnikama<\/li>\n<li class=\"whitespace-normal break-words\">Premium proizvodi \u2013 samo renomirane me\u0111unarodne marke<\/li>\n<\/ul>\n<h3><img decoding=\"async\" class=\"alignnone size-full wp-image-2036\" src=\"https:\/\/omissmartcity.com\/wp-content\/uploads\/2025\/07\/infoo.png\" alt=\"\" width=\"34\" height=\"34\" \/> NA\u0160A OPREMA I USLUGE<\/h3>\n<p class=\"whitespace-normal break-words\"><strong>NAPREDNI URE\u0110AJI:<\/strong><\/p>\n<ul class=\"[&amp;:not(:last-child)_ul]:pb-1 [&amp;:not(:last-child)_ol]:pb-1 list-disc space-y-1.5 pl-7\">\n<li class=\"whitespace-normal break-words translation-block\"><strong>ANTI-CELULITNI TRETMANI<\/strong> \u2013 Napredne terapije usmjerene na smanjenje celulita i zagla\u0111ivanje ko\u017ee<\/li>\n<li class=\"whitespace-normal break-words translation-block\"><strong>IPL LASER<\/strong> \u2013 Uklanjanje dla\u010dica, tretman pigmentacije, pomla\u0111ivanje ko\u017ee<\/li>\n<\/ul>\n<p class=\"whitespace-normal break-words\"><strong>TRETMANI:<\/strong><\/p>\n<ul class=\"[&amp;:not(:last-child)_ul]:pb-1 [&amp;:not(:last-child)_ol]:pb-1 list-disc space-y-1.5 pl-7\">\n<li class=\"whitespace-normal break-words\">Konturiranje i toniziranje tijela<\/li>\n<li class=\"whitespace-normal break-words\">Trajna epilacija<\/li>\n<li class=\"whitespace-normal break-words\">Obnova ko\u017ee<\/li>\n<li class=\"whitespace-normal break-words\">Smanjenje pigmentacije<\/li>\n<li class=\"whitespace-normal break-words\">Personalizirani programi za njegu tijela<\/li>\n<\/ul>\n<h3 class=\"text-lg font-bold text-text-100 mt-1 -mb-1.5\"><img loading=\"lazy\" decoding=\"async\" class=\"alignnone size-full wp-image-2229\" src=\"https:\/\/omissmartcity.com\/wp-content\/uploads\/2025\/07\/loc.png\" alt=\"\" width=\"34\" height=\"34\" \/> GDJE NAS MO\u017dETE NA\u0106I:<\/h3>\n<p class=\"whitespace-normal break-words translation-block\"><a href=\"https:\/\/maps.google.com\/maps?q=trgivanaraosa+1+Omi\u0161\" target=\"_self\"><strong>Trg Ivana Raosa 1, Omi\u0161<\/strong><\/a> <em>(U srcu grada, uz rijeku \u2013 lako dostupna, a ipak skrivena oaza mira), <a href=\"tel:0953838678\" target=\"_self\">095\/3838678<\/a>, <a href=\"mailto:La.reina.omis@gmail.com\" target=\"_self\">La.reina.omis@gmail.com<\/a><\/em><\/p>\n<ul>\n<li>For more info visit website: <a href=\"https:\/\/lareina.hr\/\">https:\/\/lareina.hr\/<\/a><\/li>\n<\/ul>\n<hr \/>\n<h3 class=\"text-xl font-bold text-text-100 mt-1 -mb-0.5\">\u201eSvaka \u017eena zaslu\u017euje osje\u0107ati se kao kraljica\u201c<\/h3>\n<p class=\"whitespace-normal break-words translation-block\">Na\u0161a misija je jednostavna - \u017eelimo da svaki gost ode osje\u0107aju\u0107i se kao <strong>la reina<\/strong> (kraljica). Kombiniramo profesionalnost s toplinom, tehnologiju s osobnim pristupom.<\/p>\n<p class=\"whitespace-normal break-words\"><strong>Zaka\u017eite svoj termin danas i otkrijte za\u0161to smo postali broj 1 izbor za njegu tijela u Omi\u0161u!<\/strong><\/p>\n<hr \/>\n<p class=\"whitespace-normal break-words\"><em>Tip: Book in advance \u2013 we\u2019re a popular destination for those seeking quality!<\/em><\/p>\n<p class=\"whitespace-normal break-words\"><strong>\u2b50\u2b50\u2b50\u2b50\u2b50<\/strong> <em>\u201eToplo preporu\u010dujem svakome tko tra\u017ei kvalitetnu uslugu u mirnom okru\u017eenju\u201c<\/em><\/p>","protected":false},"excerpt":{"rendered":"<p>#1 Beauty &amp; Body Care Salon in Omi\u0161 | Advanced Technologies | Magical Oasis by River Cetina WHY IS LA REINA SPECIAL? First and only salon of its kind in Omi\u0161 &#8211; nestled in beautiful corner by River Cetina, La Reina is true little oasis for complete relaxation and rest. Our team uses advanced technologies [&hellip;]<\/p>","protected":false},"featured_media":2827,"comment_status":"open","ping_status":"closed","template":"","meta":{"_acf_changed":false,"_monsterinsights_skip_tracking":false,"_monsterinsights_sitenote_active":false,"_monsterinsights_sitenote_note":"","_monsterinsights_sitenote_category":0,"_uf_show_specific_survey":0,"_uf_disable_surveys":false},"product_brand":[],"product_cat":[57],"product_tag":[52,49],"class_list":{"0":"post-2825","1":"product","2":"type-product","3":"status-publish","4":"has-post-thumbnail","6":"product_cat-health","7":"product_tag-offers","8":"product_tag-service","10":"first","11":"instock","12":"shipping-taxable","13":"product-type-simple"},"acf":[],"aioseo_notices":[],"_links":{"self":[{"href":"https:\/\/omissmartcity.com\/hr\/wp-json\/wp\/v2\/product\/2825","targetHints":{"allow":["GET"]}}],"collection":[{"href":"https:\/\/omissmartcity.com\/hr\/wp-json\/wp\/v2\/product"}],"about":[{"href":"https:\/\/omissmartcity.com\/hr\/wp-json\/wp\/v2\/types\/product"}],"replies":[{"embeddable":true,"href":"https:\/\/omissmartcity.com\/hr\/wp-json\/wp\/v2\/comments?post=2825"}],"wp:featuredmedia":[{"embeddable":true,"href":"https:\/\/omissmartcity.com\/hr\/wp-json\/wp\/v2\/media\/2827"}],"wp:attachment":[{"href":"https:\/\/omissmartcity.com\/hr\/wp-json\/wp\/v2\/media?parent=2825"}],"wp:term":[{"taxonomy":"product_brand","embeddable":true,"href":"https:\/\/omissmartcity.com\/hr\/wp-json\/wp\/v2\/product_brand?post=2825"},{"taxonomy":"product_cat","embeddable":true,"href":"https:\/\/omissmartcity.com\/hr\/wp-json\/wp\/v2\/product_cat?post=2825"},{"taxonomy":"product_tag","embeddable":true,"href":"https:\/\/omissmartcity.com\/hr\/wp-json\/wp\/v2\/product_tag?post=2825"}],"curies":[{"name":"wp","href":"https:\/\/api.w.org\/{rel}","templated":true}]}}