{"id":2834,"date":"2025-07-31T08:35:22","date_gmt":"2025-07-31T08:35:22","guid":{"rendered":"https:\/\/omissmartcity.com\/?post_type=product&#038;p=2834"},"modified":"2025-08-25T15:05:03","modified_gmt":"2025-08-25T13:05:03","slug":"rogac-rooms-restaurant","status":"publish","type":"product","link":"https:\/\/omissmartcity.com\/hr\/proizvod\/rogac-rooms-restaurant\/","title":{"rendered":"ROGA\u010c ROOMS &#038; RESTAURANT"},"content":{"rendered":"<p class=\"whitespace-normal break-words\"><strong>\u00a0#1 Ocijenjeni pansion s doru\u010dkom u Du\u0107ama | Sobe s pogledom na more | Restoran \u00c0 la carte | 30 m od pla\u017ee<\/strong><\/p>\n<hr \/>\n<h3 class=\"text-xl font-bold text-text-100 mt-1 -mb-0.5\"><img decoding=\"async\" class=\"alignnone size-full wp-image-2230\" src=\"https:\/\/omissmartcity.com\/wp-content\/uploads\/2025\/07\/amen.png\" alt=\"\" width=\"34\" height=\"34\" \/> ZA\u0160TO ODABRATI ROGA\u010c?<\/h3>\n<p class=\"whitespace-normal break-words\"><strong>Savr\u0161ena lokacija u srcu Omi\u0161ke rivijere<\/strong> \u2013 samo nekoliko koraka od poznate 5 km duge pje\u0161\u010dane pla\u017ee Du\u0107e, idealne za obitelji i mlade putnike koji tra\u017ee i opu\u0161tanje i avanturu.<\/p>\n<h3 class=\"text-lg font-bold text-text-100 mt-1 -mb-1.5\"><img decoding=\"async\" class=\"alignnone size-full wp-image-2034\" src=\"https:\/\/omissmartcity.com\/wp-content\/uploads\/2025\/07\/included.png\" alt=\"\" width=\"40\" height=\"34\" \/> NA\u0160 SMJE\u0160TAJ:<\/h3>\n<ul class=\"[&amp;:not(:last-child)_ul]:pb-1 [&amp;:not(:last-child)_ol]:pb-1 list-disc space-y-1.5 pl-7\">\n<li class=\"whitespace-normal break-words\">Luksuzne sobe s pogledom na more i modernim sadr\u017eajima<\/li>\n<li class=\"whitespace-normal break-words\">Novo renovirani smje\u0161taj<\/li>\n<li class=\"whitespace-normal break-words\">Izvrsne i pristupa\u010dne cijene<\/li>\n<li class=\"whitespace-normal break-words\">Savr\u0161eno za nezaboravan odmor<\/li>\n<li class=\"whitespace-normal break-words\">Klima ure\u0111aj i besplatni WiFi<\/li>\n<\/ul>\n<h3><img decoding=\"async\" class=\"alignnone wp-image-2063\" src=\"https:\/\/omissmartcity.com\/wp-content\/uploads\/2025\/07\/food.png\" alt=\"\" width=\"37\" height=\"37\" \/> ISTAKNUTE ZNA\u010cAJKE RESTORANA:<\/h3>\n<ul class=\"[&amp;:not(:last-child)_ul]:pb-1 [&amp;:not(:last-child)_ol]:pb-1 list-disc space-y-1.5 pl-7\">\n<li class=\"whitespace-normal break-words\">\u00c0-la-carte restoran s terasom uz more<\/li>\n<li class=\"whitespace-normal break-words\">Tradicionalni dalmatinski specijaliteti<\/li>\n<li class=\"whitespace-normal break-words\">Svje\u017ei morski plodovi svakodnevno<\/li>\n<li class=\"whitespace-normal break-words\">Specijaliteti: Pa\u0161ticada, odresci s ro\u0161tilja, ri\u017eoto s morskim plodovima<\/li>\n<li class=\"whitespace-normal break-words\">Izbor kvalitetnih vina<\/li>\n<li class=\"whitespace-normal break-words\">Google je ocijenio s 4,8\/5 zvjezdica<\/li>\n<li class=\"whitespace-normal break-words\">Otvoreno od 7 do 23 sata (nedjeljom zatvoreno)<\/li>\n<li class=\"whitespace-normal break-words\">Savr\u0161eno gastronomsko iskustvo uz pla\u017eu<\/li>\n<\/ul>\n<h3 class=\"text-lg font-bold text-text-100 mt-1 -mb-1.5\"><img loading=\"lazy\" decoding=\"async\" class=\"alignnone size-full wp-image-2229\" src=\"https:\/\/omissmartcity.com\/wp-content\/uploads\/2025\/07\/loc.png\" alt=\"\" width=\"34\" height=\"34\" \/> NEPOBJEDIVA LOKACIJA:<\/h3>\n<ul class=\"[&amp;:not(:last-child)_ul]:pb-1 [&amp;:not(:last-child)_ol]:pb-1 list-disc space-y-1.5 pl-7\">\n<li class=\"whitespace-normal break-words\">Pla\u017ea: 30 metara<\/li>\n<li class=\"whitespace-normal break-words\">Restoran: 0 metara (na licu mjesta)<\/li>\n<li class=\"whitespace-normal break-words\">Autobusna stanica: 50 metara<\/li>\n<li class=\"whitespace-normal break-words\">Centar Omi\u0161a: 2,5 km<\/li>\n<li class=\"whitespace-normal break-words\">Split: 22 km<\/li>\n<li class=\"whitespace-normal break-words\">Bankomat: 150 metara<\/li>\n<\/ul>\n<p><strong>\u00a0ADRESA:<\/strong> <a href=\"https:\/\/www.google.com\/maps?rlz=1C1GCEA_hrHR1166HR1166&amp;gs_lcrp=EgZjaHJvbWUyBggAEEUYOTIICAEQABgWGB4yCAgCEAAYFhgeMggIAxAAGBYYHjIICAQQABgWGB4yCAgFEAAYFhgeMggIBhAAGBYYHjIICAcQABgWGB4yCAgIEAAYFhgeMggICRAAGBYYHtIBCTIyOTVqMGoxNagCCLACAQ&amp;um=1&amp;ie=UTF-8&amp;fb=1&amp;gl=hr&amp;sa=X&amp;geocode=KTt4sV77mEoTMQvEW5mW4eEw&amp;daddr=Polji%C4%8Dka+cesta+-+Vavlje+1,+21315,+Du%C4%87e\">Vavlje II 1, 21310 Du\u0107e<\/a> (Omi\u0161), 021 734 491<\/p>\n<h3 class=\"text-lg font-bold text-text-100 mt-1 -mb-1.5\"><img loading=\"lazy\" decoding=\"async\" class=\"alignnone size-full wp-image-2036\" src=\"https:\/\/omissmartcity.com\/wp-content\/uploads\/2025\/07\/infoo.png\" alt=\"\" width=\"34\" height=\"34\" \/> \u0160TO NAS \u010cINI POSEBNIMA:<\/h3>\n<ul class=\"[&amp;:not(:last-child)_ul]:pb-1 [&amp;:not(:last-child)_ol]:pb-1 list-disc space-y-1.5 pl-7\">\n<li class=\"whitespace-normal break-words\">Samo 30 metara od netaknute pje\u0161\u010dane pla\u017ee<\/li>\n<li class=\"whitespace-normal break-words\">Kristalno \u010disto Jadransko more na va\u0161em pragu<\/li>\n<li class=\"whitespace-normal break-words\">Savr\u0161ena baza za istra\u017eivanje srednje Dalmacije<\/li>\n<li class=\"whitespace-normal break-words\">Obiteljska atmosfera<\/li>\n<li class=\"whitespace-normal break-words\">Izvrsna povezanost javnim prijevozom<\/li>\n<li class=\"whitespace-normal break-words\">Kulturna ba\u0161tina i prirodne ljepote u blizini<\/li>\n<\/ul>\n<hr \/>\n<h3 class=\"text-xl font-bold text-text-100 mt-1 -mb-0.5\">\u201eLuksuz susre\u0107e pristupa\u010dnost uz more\u201c<\/h3>\n<p class=\"whitespace-normal break-words\">Do\u017eivite najbolje od hrvatske obale \u2013 probudite se uz pogled na more, u\u017eivajte u svje\u017eim plodovima mora i zaspite uz zvuk valova. Savr\u0161ena kombinacija udobnosti, lokacije i autenti\u010dnog dalmatinskog gostoprimstva.<\/p>\n<p class=\"whitespace-normal break-words\"><strong>Rezervirajte odmah svoju nezaboravnu jadransku avanturu!<\/strong><\/p>\n<hr \/>\n<p class=\"whitespace-normal break-words\"><em>Savjet: Rezervirajte na vrijeme sobe s pogledom na more \u2013 najpopularniji izbor me\u0111u gostima: <a href=\"https:\/\/rogacrooms.com\/\">https:\/\/rogacrooms.com\/<\/a><\/em><\/p>\n<p class=\"whitespace-normal break-words\"><strong>\u2b50\u2b50\u2b50\u2b50\u2b50<\/strong> <em>Rangirano na #1 od 8 no\u0107enja s doru\u010dkom u Du\u0107ama na TripAdvisoru<\/em><\/p>","protected":false},"excerpt":{"rendered":"<p>\u00a0#1 Rated B&amp;B in Du\u0107e | Sea View Rooms | \u00c0-la-carte Restaurant | 30m from Beach WHY CHOOSE ROGA\u010c? Perfect location in heart of Omi\u0161 Riviera &#8211; just steps from famous 5km sandy beach of Du\u0107e, ideal for families and young travelers seeking both relaxation and adventure. OUR ROOMS: Luxury sea view rooms with modern [&hellip;]<\/p>","protected":false},"featured_media":2835,"comment_status":"open","ping_status":"closed","template":"","meta":{"_acf_changed":false,"_monsterinsights_skip_tracking":false,"_monsterinsights_sitenote_active":false,"_monsterinsights_sitenote_note":"","_monsterinsights_sitenote_category":0,"_uf_show_specific_survey":0,"_uf_disable_surveys":false},"product_brand":[],"product_cat":[22],"product_tag":[49],"class_list":{"0":"post-2834","1":"product","2":"type-product","3":"status-publish","4":"has-post-thumbnail","6":"product_cat-food","7":"product_tag-service","9":"first","10":"instock","11":"shipping-taxable","12":"product-type-simple"},"acf":[],"aioseo_notices":[],"_links":{"self":[{"href":"https:\/\/omissmartcity.com\/hr\/wp-json\/wp\/v2\/product\/2834","targetHints":{"allow":["GET"]}}],"collection":[{"href":"https:\/\/omissmartcity.com\/hr\/wp-json\/wp\/v2\/product"}],"about":[{"href":"https:\/\/omissmartcity.com\/hr\/wp-json\/wp\/v2\/types\/product"}],"replies":[{"embeddable":true,"href":"https:\/\/omissmartcity.com\/hr\/wp-json\/wp\/v2\/comments?post=2834"}],"wp:featuredmedia":[{"embeddable":true,"href":"https:\/\/omissmartcity.com\/hr\/wp-json\/wp\/v2\/media\/2835"}],"wp:attachment":[{"href":"https:\/\/omissmartcity.com\/hr\/wp-json\/wp\/v2\/media?parent=2834"}],"wp:term":[{"taxonomy":"product_brand","embeddable":true,"href":"https:\/\/omissmartcity.com\/hr\/wp-json\/wp\/v2\/product_brand?post=2834"},{"taxonomy":"product_cat","embeddable":true,"href":"https:\/\/omissmartcity.com\/hr\/wp-json\/wp\/v2\/product_cat?post=2834"},{"taxonomy":"product_tag","embeddable":true,"href":"https:\/\/omissmartcity.com\/hr\/wp-json\/wp\/v2\/product_tag?post=2834"}],"curies":[{"name":"wp","href":"https:\/\/api.w.org\/{rel}","templated":true}]}}