{"id":4610,"date":"2025-08-18T13:38:24","date_gmt":"2025-08-18T11:38:24","guid":{"rendered":"https:\/\/omissmartcity.com\/?post_type=product&#038;p=4610"},"modified":"2026-01-08T10:36:29","modified_gmt":"2026-01-08T08:36:29","slug":"fizio-medical-clinic","status":"publish","type":"product","link":"https:\/\/omissmartcity.com\/hr\/proizvod\/fizio-medical-clinic\/","title":{"rendered":"FIZIO MEDICAL CLINIC"},"content":{"rendered":"<div>\n<div class=\"grid-cols-1 grid gap-2.5 [&amp;_&gt;_*]:min-w-0 !gap-3.5\">\n<h2 class=\"text-xl font-bold text-text-100 mt-1 -mb-0.5\"><strong>DOBRODO\u0160LI U NA\u0160U KLINIKU<\/strong><\/h2>\n<p class=\"whitespace-normal break-words\">Fizio Medical Clinic u Omi\u0161u je specijalizirana ustanova za fizioterapiju i rehabilitaciju. Na\u0161a klinika pru\u017ea profesionalne zdravstvene usluge pod nadzorom iskusnog fizioterapeuta Marina Markoti\u0107a i njegovog tima.<\/p>\n<h2 class=\"text-xl font-bold text-text-100 mt-1 -mb-0.5\"><img decoding=\"async\" class=\"alignnone size-full wp-image-2036\" src=\"https:\/\/omissmartcity.com\/wp-content\/uploads\/2025\/07\/infoo.png\" alt=\"\" width=\"34\" height=\"34\" \/> <strong>O nama<\/strong><\/h2>\n<p class=\"whitespace-normal break-words\">Na\u0161 iskusni tim fizioterapeuta ima godine iskustva u podru\u010dju fizioterapije i rehabilitacije. Tijekom svojih karijera, na\u0161 tim je stekao zna\u010dajno znanje i vje\u0161tine koje primjenjuje u radu s pacijentima razli\u010ditih dobnih skupina i zdravstvenih stanja.<\/p>\n<p class=\"whitespace-normal break-words\">Na\u0161a klinika opremljena je modernom opremom i prati najnovije trendove u fizioterapiji, \u0161to nam omogu\u0107uje pru\u017eanje u\u010dinkovitih i sigurnih tretmana.<\/p>\n<h2 class=\"text-xl font-bold text-text-100 mt-1 -mb-0.5\"><img decoding=\"async\" class=\"alignnone size-full wp-image-2036\" src=\"https:\/\/omissmartcity.com\/wp-content\/uploads\/2025\/07\/infoo.png\" alt=\"\" width=\"34\" height=\"34\" \/> <strong>Na\u0161e usluge<\/strong><\/h2>\n<ul class=\"[&amp;:not(:last-child)_ul]:pb-1 [&amp;:not(:last-child)_ol]:pb-1 list-disc space-y-1.5 pl-7\">\n<li class=\"whitespace-normal break-words translation-block\"><strong>Fizikalna terapija<\/strong> \u2013 lije\u010denje ozljeda i poreme\u0107aja mi\u0161i\u0107no-ko\u0161tanog sustava<\/li>\n<li class=\"whitespace-normal break-words translation-block\"><strong>Rehabilitacija<\/strong> \u2013 specijalizirani tretmani oporavka i obnova funkcije<\/li>\n<li class=\"whitespace-normal break-words translation-block\"><strong>Akupunktura<\/strong> \u2013 tradicionalna terapija iglama za ubla\u017eavanje boli i ozdravljenje<\/li>\n<li class=\"whitespace-normal break-words translation-block\"><strong>Kinezioterapija<\/strong> \u2013 terapijska vje\u017eba i terapija pokreta<\/li>\n<li class=\"whitespace-normal break-words translation-block\"><strong>Elektroterapija <\/strong> \u2013 elektri\u010dna stimulacija lije\u010denja za bol i oporavak mi\u0161i\u0107a<\/li>\n<\/ul>\n<h2 class=\"text-xl font-bold text-text-100 mt-1 -mb-0.5\"><img decoding=\"async\" class=\"alignnone size-full wp-image-2036\" src=\"https:\/\/omissmartcity.com\/wp-content\/uploads\/2025\/07\/infoo.png\" alt=\"\" width=\"34\" height=\"34\" \/> <strong>ZA\u0160TO ODABRATI NA\u0160U KLINIKU?<\/strong><\/h2>\n<ul class=\"[&amp;:not(:last-child)_ul]:pb-1 [&amp;:not(:last-child)_ol]:pb-1 list-disc space-y-1.5 pl-7\">\n<li class=\"whitespace-normal break-words\">Godine iskustva na\u0161eg fizioterapeutskog tima<\/li>\n<li class=\"whitespace-normal break-words\">Individualni pristup svakom pacijentu<\/li>\n<li class=\"whitespace-normal break-words\">Moderna oprema i tehnologija<\/li>\n<li class=\"whitespace-normal break-words\">Prilago\u0111eni tretmani prema potrebama pacijenata<\/li>\n<li class=\"whitespace-normal break-words\">Kontinuirani profesionalni razvoj<\/li>\n<li class=\"whitespace-normal break-words\">Prijateljska i profesionalna atmosfera<\/li>\n<\/ul>\n<h2 class=\"text-xl font-bold text-text-100 mt-1 -mb-0.5\"><img decoding=\"async\" class=\"alignnone size-full wp-image-2229\" src=\"https:\/\/omissmartcity.com\/wp-content\/uploads\/2025\/07\/loc.png\" alt=\"\" width=\"34\" height=\"34\" \/> <strong>KONTAKT<\/strong><\/h2>\n<p class=\"whitespace-normal break-words translation-block\"><strong>Addresa:<\/strong><a href=\"https:\/\/www.google.com\/maps\/place\/etvrt+Ribnjak+7,+21310,+Omi\/@43.4429649,16.6820697,1101m\/data=!3m2!1e3!4b1!4m6!3m5!1s0x134a985a5116bb05:0x90a012c18b188dce!8m2!3d43.442961!4d16.6846446!16sg11pzxgb24c?entry=ttu&amp;g_ep=EgoyMDI1MDgxMy4wIKXMDSoASAFQAw\" target=\"_self\"> \u010cetvrt Ribnjak 7, 21310 Omi\u0161<\/a><\/p>\n<p class=\"whitespace-normal break-words\"><strong>Telefon<\/strong> +385 95 504 7151<\/p>\n<p><strong>Email:\u00a0<\/strong>fizio.medical.clinic@gmail.com<\/p>\n<h2 class=\"whitespace-normal break-words\"><strong><img decoding=\"async\" class=\"alignnone size-full wp-image-2231\" src=\"POLITIKA OTKAZIVANJA\" alt=\"\" width=\"34\" height=\"34\" \/> RADNI SATI\u00a0<\/strong><\/h2>\n<ul class=\"[&amp;:not(:last-child)_ul]:pb-1 [&amp;:not(:last-child)_ol]:pb-1 list-disc space-y-1.5 pl-7\">\n<li class=\"whitespace-normal break-words\">Ponedjeljak \u2013 14:00 - 21:00<\/li>\n<li>Utorak \u2013 08:00 \u2013 21:00<\/li>\n<li>Srijeda -  08:00- 21:00<\/li>\n<li>\u010cetvrtak \u2013 14:00- 21:00<\/li>\n<li>Petak \u2013 08:00 - 21:00<\/li>\n<li class=\"whitespace-normal break-words\">Subota -  14:00 - 20:00<\/li>\n<li class=\"whitespace-normal break-words\">Nedjelja: Zatvoreno<\/li>\n<\/ul>\n<p>&nbsp;<\/p>\n<hr \/>\n<p class=\"whitespace-normal break-words\"><em> Naru\u010dite se na pregled i napravite prvi korak prema \u017eivotu bez boli  +385 95 504 7151<\/em><\/p>\n<\/div>\n<\/div>\n<div class=\"h-8\"><\/div>","protected":false},"excerpt":{"rendered":"<p>WELCOME TO OUR CLINIC Fizio Medical Clinic in Omi\u0161 is a specialized facility for physiotherapy and rehabilitation. Our clinic provides professional healthcare services under control of\u00a0 experienced physiotherapist Marin Markoti\u0107 and his team. ABOUT US Our experienced team of physiotherapists has years of experience in the field of physiotherapy and rehabilitation. Throughout their careers, our [&hellip;]<\/p>","protected":false},"featured_media":4612,"comment_status":"open","ping_status":"closed","template":"","meta":{"_acf_changed":false,"_monsterinsights_skip_tracking":false,"_monsterinsights_sitenote_active":false,"_monsterinsights_sitenote_note":"","_monsterinsights_sitenote_category":0,"_uf_show_specific_survey":0,"_uf_disable_surveys":false},"product_brand":[],"product_cat":[57],"product_tag":[52,49],"class_list":{"0":"post-4610","1":"product","2":"type-product","3":"status-publish","4":"has-post-thumbnail","6":"product_cat-health","7":"product_tag-offers","8":"product_tag-service","10":"first","11":"instock","12":"shipping-taxable","13":"product-type-simple"},"acf":[],"aioseo_notices":[],"_links":{"self":[{"href":"https:\/\/omissmartcity.com\/hr\/wp-json\/wp\/v2\/product\/4610","targetHints":{"allow":["GET"]}}],"collection":[{"href":"https:\/\/omissmartcity.com\/hr\/wp-json\/wp\/v2\/product"}],"about":[{"href":"https:\/\/omissmartcity.com\/hr\/wp-json\/wp\/v2\/types\/product"}],"replies":[{"embeddable":true,"href":"https:\/\/omissmartcity.com\/hr\/wp-json\/wp\/v2\/comments?post=4610"}],"wp:featuredmedia":[{"embeddable":true,"href":"https:\/\/omissmartcity.com\/hr\/wp-json\/wp\/v2\/media\/4612"}],"wp:attachment":[{"href":"https:\/\/omissmartcity.com\/hr\/wp-json\/wp\/v2\/media?parent=4610"}],"wp:term":[{"taxonomy":"product_brand","embeddable":true,"href":"https:\/\/omissmartcity.com\/hr\/wp-json\/wp\/v2\/product_brand?post=4610"},{"taxonomy":"product_cat","embeddable":true,"href":"https:\/\/omissmartcity.com\/hr\/wp-json\/wp\/v2\/product_cat?post=4610"},{"taxonomy":"product_tag","embeddable":true,"href":"https:\/\/omissmartcity.com\/hr\/wp-json\/wp\/v2\/product_tag?post=4610"}],"curies":[{"name":"wp","href":"https:\/\/api.w.org\/{rel}","templated":true}]}}