{"id":4619,"date":"2025-08-18T14:56:04","date_gmt":"2025-08-18T12:56:04","guid":{"rendered":"https:\/\/omissmartcity.com\/?post_type=product&#038;p=4619"},"modified":"2025-08-18T15:19:58","modified_gmt":"2025-08-18T13:19:58","slug":"leut-bara-1927-cetina-river-picnic","status":"publish","type":"product","link":"https:\/\/omissmartcity.com\/hr\/proizvod\/leut-bara-1927-cetina-river-picnic\/","title":{"rendered":"LEUT BARA 1927. \u2013 PIKNIK NA RIJECI CETINI"},"content":{"rendered":"<p>Ukrcajte se na povijesni drveni ribarski brod \u201eBara\u201c, izgra\u0111en 1927. godine u tradicionalnom dalmatinskom stilu. Izvorno izra\u0111en za lokalne ribare, ovaj \u0161armantni brod sada nudi nezaboravne rije\u010dne avanture uz prekrasnu rijeku Cetinu u Omi\u0161u. Do\u017eivite \u010daroliju pomorske ba\u0161tine Hrvatske dok u\u017eivate u prirodnim ljepotama jedne od najnetaknutijih rijeka u zemlji. Ovo autenti\u010dno iskustvo spaja povijest, prirodu i tradicionalno dalmatinsko gostoprimstvo dok krstarite iz Omi\u0161a kroz prekrasan kanjon rijeke Cetine.<\/p>\n<h2><img decoding=\"async\" class=\"alignnone size-full wp-image-2034\" src=\"https:\/\/omissmartcity.com\/wp-content\/uploads\/2025\/07\/included.png\" alt=\"\" width=\"40\" height=\"34\" \/><strong>\u0160TO JE UKLJU\u010cENO<\/strong><\/h2>\n<p class=\"text-lg font-bold text-text-100 mt-1 -mb-1.5\"><strong>Tradicionalni dalmatinski meni:<\/strong><\/p>\n<ul class=\"[&amp;:not(:last-child)_ul]:pb-1 [&amp;:not(:last-child)_ol]:pb-1 list-disc space-y-1.5 pl-7\">\n<li class=\"whitespace-normal break-words\"><strong>Predjelo:<\/strong> Dagnje na buzaru (tradicionalna hrvatska priprema)<\/li>\n<li class=\"whitespace-normal break-words\"><strong>Glavno jelo:<\/strong> Izbor pe\u010dene ribe ili mesa s krumpirom\/povr\u0107em na pari<\/li>\n<li class=\"whitespace-normal break-words\"><strong>Prilog:<\/strong> Salata od svje\u017eeg mije\u0161anog povr\u0107a<\/li>\n<li class=\"whitespace-normal break-words\"><strong>Besplatna pi\u0107a:<\/strong> Lokalna crna i bijela vina, tradicionalna rakija, kava, keksi, sezonsko vo\u0107e<\/li>\n<\/ul>\n<p class=\"text-lg font-bold text-text-100 mt-1 -mb-1.5\"><strong>Aktivnosti i oprema:<\/strong><\/p>\n<ul class=\"[&amp;:not(:last-child)_ul]:pb-1 [&amp;:not(:last-child)_ol]:pb-1 list-disc space-y-1.5 pl-7\">\n<li class=\"whitespace-normal break-words\">Besplatne SUP daske za istra\u017eivanje rijeke<\/li>\n<li class=\"whitespace-normal break-words\">Kajaci dostupni za avanturisti\u010dke goste<\/li>\n<li class=\"whitespace-normal break-words\">Mogu\u0107nosti kupanja u kristalno \u010distoj vodi<\/li>\n<li class=\"whitespace-normal break-words\">Oprema za ronjenje<\/li>\n<li class=\"whitespace-normal break-words\">Slikovita krstarenja brodom kroz kanjon rijeke Cetine<\/li>\n<li class=\"whitespace-normal break-words\">Profesionalna posada i vodi\u010d<\/li>\n<\/ul>\n<h2><img decoding=\"async\" class=\"alignnone size-full wp-image-2039\" src=\"https:\/\/omissmartcity.com\/wp-content\/uploads\/2025\/07\/notincluded.png\" alt=\"\" width=\"38\" height=\"34\" \/> <strong>\u0160TO NIJE UKLJU\u010cENO<\/strong><\/h2>\n<ul>\n<li class=\"whitespace-normal break-words\">Napojnice za posadu (nije obavezno)<\/li>\n<li class=\"whitespace-normal break-words\">Dodatna alkoholna pi\u0107a osim besplatnog izbora<\/li>\n<li class=\"whitespace-normal break-words\">Najam podvodnih kamera<\/li>\n<li class=\"whitespace-normal break-words\">Osobni ru\u010dnici i kupa\u0107i kostimi<\/li>\n<\/ul>\n<h2><img decoding=\"async\" class=\"alignnone size-full wp-image-2036\" src=\"https:\/\/omissmartcity.com\/wp-content\/uploads\/2025\/07\/infoo.png\" alt=\"\" width=\"34\" height=\"34\" \/><strong>DODATNE INFORMACIJE<\/strong><\/h2>\n<ul>\n<li class=\"whitespace-normal break-words\"><strong>Mjesto polaska:<\/strong> Omi\u0161ka luka<\/li>\n<li class=\"whitespace-normal break-words\"><strong>Veli\u010dina grupe:<\/strong> Maksimalno 12 putnika<\/li>\n<li class=\"whitespace-normal break-words\"><strong>Dobni zahtjev:<\/strong> Pogodno za sve uzraste (djeca moraju biti pod nadzorom)<\/li>\n<li class=\"whitespace-normal break-words\"><strong>Dijetalna ograni\u010denja:<\/strong> Molimo vas da unaprijed potvrdite posebne zahtjeve i alergije<\/li>\n<li class=\"whitespace-normal break-words\"><strong>\u0160to ponijeti:<\/strong> Kupa\u0107i kostimi, ru\u010dnici, za\u0161tita od sunca, udobna odje\u0107a<\/li>\n<li class=\"whitespace-normal break-words\"><strong>Ovisno o vremenskim uvjetima:<\/strong> Izlet se odvija u povoljnim vremenskim uvjetima<\/li>\n<li class=\"whitespace-normal break-words\"><strong>Jezik:<\/strong> Posada koja govori hrvatski i engleski jezik<\/li>\n<\/ul>\n<h2><img loading=\"lazy\" decoding=\"async\" class=\"alignnone size-full wp-image-2231\" src=\"POLITIKA OTKAZIVANJA\" alt=\"\" width=\"34\" height=\"34\" \/> <strong>POLITIKA OTKAZIVANJA<\/strong><\/h2>\n<ul>\n<li><strong>Bez povrata novca:<\/strong> Manje od 24 sata prije polaska<\/li>\n<\/ul>\n<h2><img loading=\"lazy\" decoding=\"async\" class=\"alignnone size-full wp-image-2037\" src=\"https:\/\/omissmartcity.com\/wp-content\/uploads\/2025\/07\/clock.png\" alt=\"\" width=\"34\" height=\"34\" \/> <strong>TRAJANJE<\/strong><\/h2>\n<ul>\n<li>otprilike 4 sata<\/li>\n<\/ul>\n<p>&nbsp;<\/p>","protected":false},"excerpt":{"rendered":"<p>Step aboard the historic wooden fishing boat &#8220;Bara,&#8221; built in 1927 in traditional Dalmatian style. Originally crafted for local fishermen, this charming vessel now offers unforgettable river adventures along the stunning Cetina River in Omi\u0161. Experience the magic of Croatia&#8217;s maritime heritage while enjoying the natural beauty of one of the country&#8217;s most pristine rivers. [&hellip;]<\/p>","protected":false},"featured_media":4627,"comment_status":"open","ping_status":"closed","template":"","meta":{"_acf_changed":false,"_monsterinsights_skip_tracking":false,"_monsterinsights_sitenote_active":false,"_monsterinsights_sitenote_note":"","_monsterinsights_sitenote_category":0,"_uf_show_specific_survey":0,"_uf_disable_surveys":false},"product_brand":[],"product_cat":[55],"product_tag":[50,52,49],"class_list":{"0":"post-4619","1":"product","2":"type-product","3":"status-publish","4":"has-post-thumbnail","6":"product_cat-tours","7":"product_tag-experience","8":"product_tag-offers","9":"product_tag-service","11":"first","12":"instock","13":"shipping-taxable","14":"product-type-simple"},"acf":[],"aioseo_notices":[],"_links":{"self":[{"href":"https:\/\/omissmartcity.com\/hr\/wp-json\/wp\/v2\/product\/4619","targetHints":{"allow":["GET"]}}],"collection":[{"href":"https:\/\/omissmartcity.com\/hr\/wp-json\/wp\/v2\/product"}],"about":[{"href":"https:\/\/omissmartcity.com\/hr\/wp-json\/wp\/v2\/types\/product"}],"replies":[{"embeddable":true,"href":"https:\/\/omissmartcity.com\/hr\/wp-json\/wp\/v2\/comments?post=4619"}],"wp:featuredmedia":[{"embeddable":true,"href":"https:\/\/omissmartcity.com\/hr\/wp-json\/wp\/v2\/media\/4627"}],"wp:attachment":[{"href":"https:\/\/omissmartcity.com\/hr\/wp-json\/wp\/v2\/media?parent=4619"}],"wp:term":[{"taxonomy":"product_brand","embeddable":true,"href":"https:\/\/omissmartcity.com\/hr\/wp-json\/wp\/v2\/product_brand?post=4619"},{"taxonomy":"product_cat","embeddable":true,"href":"https:\/\/omissmartcity.com\/hr\/wp-json\/wp\/v2\/product_cat?post=4619"},{"taxonomy":"product_tag","embeddable":true,"href":"https:\/\/omissmartcity.com\/hr\/wp-json\/wp\/v2\/product_tag?post=4619"}],"curies":[{"name":"wp","href":"https:\/\/api.w.org\/{rel}","templated":true}]}}