{"id":4680,"date":"2025-08-21T15:34:26","date_gmt":"2025-08-21T13:34:26","guid":{"rendered":"https:\/\/omissmartcity.com\/?post_type=product&#038;p=4680"},"modified":"2025-08-21T16:40:23","modified_gmt":"2025-08-21T14:40:23","slug":"amphora-boat","status":"publish","type":"product","link":"https:\/\/omissmartcity.com\/hr\/proizvod\/amphora-boat\/","title":{"rendered":"AMPHORA BROD"},"content":{"rendered":"<p>U\u017eivajte u nezaboravnoj morskoj avanturi! Polazimo s bilo koje lokacije izme\u0111u Makarske i Splita i kre\u0107emo prema otoku Bra\u010du (Pu\u010di\u0161\u0107a) i uvalama. Tijekom ture, zaustavljamo se na skrivenim mjestima do kojih se mo\u017ee do\u0107i samo brodom, gdje mo\u017eete isprobati SUP dasku, opremu za ronjenje ili ribolov. Opustite se plivaju\u0107i, sun\u010daju\u0107i se ili u\u017eivaju\u0107i u osvje\u017eavaju\u0107em pi\u0107u \u2013 sve to uz o\u010daravaju\u0107e poglede i zadivljuju\u0107u ljepotu.<\/p>\n<h2 class=\"text-xl font-bold text-text-100 mt-1 -mb-0.5\"><img decoding=\"async\" class=\"alignnone size-full wp-image-2034\" src=\"https:\/\/omissmartcity.com\/wp-content\/uploads\/2025\/07\/included.png\" alt=\"\" width=\"40\" height=\"34\" \/>\u0160TO JE UKLJU\u010cENO<\/h2>\n<ul class=\"[&amp;:not(:last-child)_ul]:pb-1 [&amp;:not(:last-child)_ol]:pb-1 list-disc space-y-1.5 pl-7\">\n<li class=\"whitespace-normal break-words\">Najam broda s kapetanom<\/li>\n<li class=\"whitespace-normal break-words\">SUP oprema za dasku<\/li>\n<li class=\"whitespace-normal break-words\">Oprema za ronjenje<\/li>\n<li class=\"whitespace-normal break-words\">Oprema za ribolov<\/li>\n<li class=\"whitespace-normal break-words\">Prijevoz do skrivenih mjesta i uvala<\/li>\n<li>Hrana i pi\u0107e<\/li>\n<\/ul>\n<h2 class=\"text-xl font-bold text-text-100 mt-1 -mb-0.5\"><img decoding=\"async\" class=\"alignnone size-full wp-image-2039\" src=\"https:\/\/omissmartcity.com\/wp-content\/uploads\/2025\/07\/notincluded.png\" alt=\"\" width=\"38\" height=\"34\" \/> \u0160TO NIJE UKLJU\u010cENO<\/h2>\n<ul class=\"[&amp;:not(:last-child)_ul]:pb-1 [&amp;:not(:last-child)_ol]:pb-1 list-disc space-y-1.5 pl-7\">\n<li class=\"whitespace-normal break-words\">Napojnice za skipera<\/li>\n<li class=\"whitespace-normal break-words\">Suveniri<\/li>\n<li class=\"whitespace-normal break-words\">Osobni tro\u0161kovi<\/li>\n<li class=\"whitespace-normal break-words\">Dodatne aktivnosti<\/li>\n<\/ul>\n<h2 class=\"text-xl font-bold text-text-100 mt-1 -mb-0.5\"><img decoding=\"async\" class=\"alignnone size-full wp-image-2036\" src=\"https:\/\/omissmartcity.com\/wp-content\/uploads\/2025\/07\/infoo.png\" alt=\"\" width=\"34\" height=\"34\" \/> DODATNE INFORMACIJE<\/h2>\n<ul class=\"[&amp;:not(:last-child)_ul]:pb-1 [&amp;:not(:last-child)_ol]:pb-1 list-disc space-y-1.5 pl-7\">\n<li class=\"whitespace-normal break-words\">Mjesta polaska: Bilo koja lokacija izme\u0111u Makarske i Splita<\/li>\n<li class=\"whitespace-normal break-words\">Odredi\u0161te: Otok Bra\u010d, skrivene lokacije dostupne samo brodom<\/li>\n<li class=\"whitespace-normal break-words\">Dostupne aktivnosti: vo\u017enja SUP daske, ronjenje, ribolov<\/li>\n<li class=\"whitespace-normal break-words\">Pogodno za: Plivanje, sun\u010danje, opu\u0161tanje<\/li>\n<li>Maximum capacity: 8 people<\/li>\n<\/ul>\n<h2 class=\"text-xl font-bold text-text-100 mt-1 -mb-0.5\"><img loading=\"lazy\" decoding=\"async\" class=\"alignnone size-full wp-image-2231\" src=\"POLITIKA OTKAZIVANJA\" alt=\"\" width=\"34\" height=\"34\" \/> POLITIKA OTKAZIVANJA<\/h2>\n<ul>\n<li>Besplatno otkazivanje unutar 24 sata od rezervacije. Otkazivanja zbog vremenskih uvjeta bit \u0107e premje\u0161tena ili \u0107e vam biti u potpunosti vra\u0107en novac.<\/li>\n<\/ul>\n<h2 class=\"text-xl font-bold text-text-100 mt-1 -mb-0.5\"><img loading=\"lazy\" decoding=\"async\" class=\"alignnone size-full wp-image-2037\" src=\"https:\/\/omissmartcity.com\/wp-content\/uploads\/2025\/07\/clock.png\" alt=\"\" width=\"34\" height=\"34\" \/> TRAJANJE<\/h2>\n<ul>\n<li>Trajanje: 10:00 - 18:00 (8 sati)<\/li>\n<\/ul>\n<p class=\"whitespace-normal break-words\">","protected":false},"excerpt":{"rendered":"<p>Enjoy an unforgettable sea adventure! We depart from any location between Makarska and Split and head toward Bra\u010d island (Pu\u010di\u0161\u0107a) and coves. During the tour, we stop at hidden spots only accessible by boat, where you can try out a SUP board, snorkeling gear, or fishing equipment. Relax while swimming, sunbathing, or enjoying a refreshing [&hellip;]<\/p>","protected":false},"featured_media":4691,"comment_status":"closed","ping_status":"closed","template":"","meta":{"_acf_changed":false,"_monsterinsights_skip_tracking":false,"_monsterinsights_sitenote_active":false,"_monsterinsights_sitenote_note":"","_monsterinsights_sitenote_category":0,"_uf_show_specific_survey":0,"_uf_disable_surveys":false},"product_brand":[],"product_cat":[55],"product_tag":[50,52,49],"class_list":{"0":"post-4680","1":"product","2":"type-product","3":"status-publish","4":"has-post-thumbnail","6":"product_cat-tours","7":"product_tag-experience","8":"product_tag-offers","9":"product_tag-service","11":"first","12":"instock","13":"virtual","14":"sold-individually","15":"purchasable","16":"product-type-booking"},"acf":[],"aioseo_notices":[],"_links":{"self":[{"href":"https:\/\/omissmartcity.com\/hr\/wp-json\/wp\/v2\/product\/4680","targetHints":{"allow":["GET"]}}],"collection":[{"href":"https:\/\/omissmartcity.com\/hr\/wp-json\/wp\/v2\/product"}],"about":[{"href":"https:\/\/omissmartcity.com\/hr\/wp-json\/wp\/v2\/types\/product"}],"replies":[{"embeddable":true,"href":"https:\/\/omissmartcity.com\/hr\/wp-json\/wp\/v2\/comments?post=4680"}],"wp:featuredmedia":[{"embeddable":true,"href":"https:\/\/omissmartcity.com\/hr\/wp-json\/wp\/v2\/media\/4691"}],"wp:attachment":[{"href":"https:\/\/omissmartcity.com\/hr\/wp-json\/wp\/v2\/media?parent=4680"}],"wp:term":[{"taxonomy":"product_brand","embeddable":true,"href":"https:\/\/omissmartcity.com\/hr\/wp-json\/wp\/v2\/product_brand?post=4680"},{"taxonomy":"product_cat","embeddable":true,"href":"https:\/\/omissmartcity.com\/hr\/wp-json\/wp\/v2\/product_cat?post=4680"},{"taxonomy":"product_tag","embeddable":true,"href":"https:\/\/omissmartcity.com\/hr\/wp-json\/wp\/v2\/product_tag?post=4680"}],"curies":[{"name":"wp","href":"https:\/\/api.w.org\/{rel}","templated":true}]}}