{"id":4700,"date":"2025-08-25T10:37:19","date_gmt":"2025-08-25T08:37:19","guid":{"rendered":"https:\/\/omissmartcity.com\/?post_type=product&#038;p=4700"},"modified":"2025-10-14T15:29:59","modified_gmt":"2025-10-14T13:29:59","slug":"restaurant-speedy-gonzales","status":"publish","type":"product","link":"https:\/\/omissmartcity.com\/hr\/proizvod\/restaurant-speedy-gonzales\/","title":{"rendered":"RESTORAN BRZI GONZALES"},"content":{"rendered":"<p class=\"whitespace-normal break-words\">Smje\u0161ten u Brzetu, s terasom koja se otvara na beskrajan pogled na more, Speedy Gonzales donosi autenti\u010dnu meksi\u010dku kuhinju u Omi\u0161 \u2013 prvi i jedini meksi\u010dki restoran u gradu.<\/p>\n<p class=\"whitespace-normal break-words\">Svje\u017ee tortilje pripremaju se svakodnevno uz tradicionalna jela poput tacosa, tortilja, guacamolea i nachosa koja do\u010daravaju pravi duh Meksika. Ovdje, gdje se Jadran susre\u0107e s drevnim kamenom, uveli smo ne\u0161to potpuno novo na lokalnu gastronomsku scenu.<\/p>\n<p class=\"whitespace-normal break-words\">Kao jedini meksi\u010dki restoran u Omi\u0161u, ponosni smo \u0161to nudimo autenti\u010dan okus Meksika koji ne\u0107ete prona\u0107i nigdje drugdje du\u017e ovog dijela obale. Na\u0161 san je bio jednostavan: dodati \u017eivopisne meksi\u010dke okuse ovom prekrasnom obalnom gradu i stvoriti jedinstveno kulinarsko iskustvo. Pridru\u017eite nam se na na\u0161oj terasi, okusite autenti\u010dnost i prepustite se morskom povjetarcu koji \u0107e upotpuniti va\u0161e gastronomsko iskustvo.<\/p>\n<h4 class=\"whitespace-normal break-words\"><strong><img decoding=\"async\" class=\"alignnone size-full wp-image-2037\" src=\"https:\/\/omissmartcity.com\/wp-content\/uploads\/2025\/07\/clock.png\" alt=\"\" width=\"34\" height=\"34\" \/> RADNO VRIJEME<\/strong><\/h4>\n<ul>\n<li>\n<p class=\"whitespace-normal break-words\">Ponedjeljak - Petak - 15:00 - 22:00<\/p>\n<\/li>\n<li>Subota i Nedjelja - 12:00 - 22:00<\/li>\n<li><em>Zatvoreni od 26. listopada \u2013 ali pazite! Vra\u0107amo se za advent od 1. prosinca, otvoreni svakodnevno od 17 do pono\u0107i.<\/em><\/li>\n<\/ul>\n<h4><img decoding=\"async\" class=\"alignnone size-full wp-image-2231\" src=\"POLITIKA OTKAZIVANJA\" alt=\"\" width=\"34\" height=\"34\" \/> <strong>KONTAKT<\/strong><\/h4>\n<ul>\n<li>021 670 674<\/li>\n<li><strong>ADRESA: <a href=\"https:\/\/www.google.com\/maps\/place\/\/data=!4m2!3m1!1s0x134a99dada74edbd:0x93191e811fef18a1?sa=X&amp;ved=1t:8290&amp;ictx=111\">Brzet 4, 21310, Omi\u0161<\/a><\/strong><\/li>\n<\/ul>\n<h4><img decoding=\"async\" class=\"alignnone size-full wp-image-2230\" src=\"https:\/\/omissmartcity.com\/wp-content\/uploads\/2025\/07\/amen.png\" alt=\"\" width=\"34\" height=\"34\" \/> <strong>REZERVACIJE:<\/strong><\/h4>\n<ul>\n<li style=\"list-style-type: none;\">\n<ul>\n<li>\u00a0 <a class=\"underline\" href=\"https:\/\/www.google.com\/maps\/reserve\/v\/dine\/c\/f--3DZYN_jI?source=pa&amp;opi=89978449&amp;hl=hr-HR&amp;gei=MwACaPH3OtaHxc8PnLDx2Ac&amp;sourceurl=https%3A%2F%2Fwww.google.hr%2Fsearch%3Fq%3Dbrzi%2Bgonzales%2Bomi%25C5&amp;ihs=1\">Rezervirajte svoj stol ovdje<\/a><\/li>\n<\/ul>\n<\/li>\n<\/ul>\n<p>&nbsp;<\/p>","protected":false},"excerpt":{"rendered":"<p>Located in Brzet, with a terrace that opens to an endless sea views, Speedy Gonzales brings authentic Mexican cuisine to Omi\u0161 &#8211; the first and only Mexican restaurant in town. Fresh tortillas are prepared daily alongside traditional dishes like tacos, tortillas, guacamole, and nachos that capture the true spirit of Mexico. Here, where the Adriatic [&hellip;]<\/p>","protected":false},"featured_media":4708,"comment_status":"closed","ping_status":"closed","template":"","meta":{"_acf_changed":false,"_monsterinsights_skip_tracking":false,"_monsterinsights_sitenote_active":false,"_monsterinsights_sitenote_note":"","_monsterinsights_sitenote_category":0,"_uf_show_specific_survey":0,"_uf_disable_surveys":false},"product_brand":[],"product_cat":[22],"product_tag":[52,49],"class_list":{"0":"post-4700","1":"product","2":"type-product","3":"status-publish","4":"has-post-thumbnail","6":"product_cat-food","7":"product_tag-offers","8":"product_tag-service","10":"first","11":"instock","12":"shipping-taxable","13":"product-type-simple"},"acf":[],"aioseo_notices":[],"_links":{"self":[{"href":"https:\/\/omissmartcity.com\/hr\/wp-json\/wp\/v2\/product\/4700","targetHints":{"allow":["GET"]}}],"collection":[{"href":"https:\/\/omissmartcity.com\/hr\/wp-json\/wp\/v2\/product"}],"about":[{"href":"https:\/\/omissmartcity.com\/hr\/wp-json\/wp\/v2\/types\/product"}],"replies":[{"embeddable":true,"href":"https:\/\/omissmartcity.com\/hr\/wp-json\/wp\/v2\/comments?post=4700"}],"wp:featuredmedia":[{"embeddable":true,"href":"https:\/\/omissmartcity.com\/hr\/wp-json\/wp\/v2\/media\/4708"}],"wp:attachment":[{"href":"https:\/\/omissmartcity.com\/hr\/wp-json\/wp\/v2\/media?parent=4700"}],"wp:term":[{"taxonomy":"product_brand","embeddable":true,"href":"https:\/\/omissmartcity.com\/hr\/wp-json\/wp\/v2\/product_brand?post=4700"},{"taxonomy":"product_cat","embeddable":true,"href":"https:\/\/omissmartcity.com\/hr\/wp-json\/wp\/v2\/product_cat?post=4700"},{"taxonomy":"product_tag","embeddable":true,"href":"https:\/\/omissmartcity.com\/hr\/wp-json\/wp\/v2\/product_tag?post=4700"}],"curies":[{"name":"wp","href":"https:\/\/api.w.org\/{rel}","templated":true}]}}