{"id":4728,"date":"2025-08-26T14:40:28","date_gmt":"2025-08-26T12:40:28","guid":{"rendered":"https:\/\/omissmartcity.com\/?post_type=product&#038;p=4728"},"modified":"2025-08-29T13:56:55","modified_gmt":"2025-08-29T11:56:55","slug":"restaurant-zvizdan","status":"publish","type":"product","link":"https:\/\/omissmartcity.com\/hr\/proizvod\/restaurant-zvizdan\/","title":{"rendered":"RESTAURANT ZVIZDAN"},"content":{"rendered":"<div>\n<div class=\"grid-cols-1 grid gap-2.5 [&amp;_&gt;_*]:min-w-0 !gap-3.5\">\n<p class=\"whitespace-normal break-words\">Otkrijte nezaboravno gastronomsko putovanje gdje se autenti\u010dna doma\u0107a kuhinja susre\u0107e s vrhunskim servisom i o\u010daravaju\u0107im ambijentom!<\/p>\n<h3 class=\"text-xl font-bold text-text-100 mt-1 -mb-0.5\"><img decoding=\"async\" class=\"alignnone size-full wp-image-2036\" src=\"https:\/\/omissmartcity.com\/wp-content\/uploads\/2025\/07\/infoo.png\" alt=\"\" width=\"34\" height=\"34\" \/> \u0160TO NUDIMO<\/h3>\n<ul class=\"[&amp;:not(:last-child)_ul]:pb-1 [&amp;:not(:last-child)_ol]:pb-1 list-disc space-y-1.5 pl-7\">\n<li class=\"whitespace-normal break-words\"><strong>Vanjska usluga<\/strong> \u2013 Ve\u010derajte na otvorenom u na\u0161em ugodnom vanjskom prostoru<\/li>\n<li class=\"whitespace-normal break-words\"><strong>Klima ure\u0111aj<\/strong> &#8211; Stay comfortable during your visit<\/li>\n<li class=\"whitespace-normal break-words\"><strong>Besplatan parking<\/strong> Parkirali\u0161te dostupno za sve goste<\/li>\n<li class=\"whitespace-normal break-words\"><strong>Besplatni WiFi<\/strong> \u2013 Ostanite povezani dok jedete<\/li>\n<li class=\"whitespace-normal break-words\"><strong>Dozvoljeni ku\u0107ni ljubimci<\/strong> \u2013 Ku\u0107ni ljubimci su dobrodo\u0161li u na\u0161em objektu<\/li>\n<li class=\"whitespace-normal break-words\"><strong>Vi\u0161e opcija pla\u0107anja<\/strong> \u2013 Pla\u0107anje se prihva\u0107a putem nekoliko metoda<\/li>\n<li class=\"whitespace-normal break-words\"><strong>Organiziranje doga\u0111aja<\/strong> \u2013 Nudimo vam vrhunske usluge za va\u0161e posebne prigode<\/li>\n<\/ul>\n<p class=\"whitespace-normal break-words\">U restoranu Zvizdan nudimo sve sadr\u017eaje potrebne za savr\u0161eno iskustvo objedovanja. Tra\u017eite li obiteljski obrok, romanti\u010dnu ve\u010deru ili organizirate poseban doga\u0111aj, mi imamo sve \u0161to vam je potrebno.<\/p>\n<p class=\"whitespace-normal break-words\">Ne ustru\u010davajte se kontaktirati nas kako biste rezervirali stol i iskusili na\u0161e toplo gostoprimstvo u prekrasnom Omi\u0161u!<\/p>\n<h3 class=\"text-xl font-bold text-text-100 mt-1 -mb-0.5\"><img decoding=\"async\" class=\"alignnone size-full wp-image-2229\" src=\"https:\/\/omissmartcity.com\/wp-content\/uploads\/2025\/07\/loc.png\" alt=\"\" width=\"34\" height=\"34\" \/> LOKACIJA &amp; KONTAKT<\/h3>\n<ul>\n<li><strong>Adresa:<a href=\"https:\/\/www.google.com\/maps\/place\/\/data=!4m2!3m1!1s0x134a993ff8b0c44d:0x74394b05715f832b?sa=X&amp;ved=1t:8290&amp;hl=en&amp;ictx=111\"> Brzet 16, 21310 Omi\u0161, Croatia<\/a><\/strong><\/li>\n<li class=\"whitespace-normal break-words\"><strong>E-mail us: <\/strong><a class=\"underline\" href=\"mailto:doljaninboris1@gmail.com\">doljaninboris1@gmail.com<\/a><\/li>\n<li><strong>Nazovite nas: +385 98 928 9230<\/strong><\/li>\n<li><strong>Website: <a href=\"https:\/\/restaurant-zvizdan-omis.eatbu.hr\/?lang=en#services\">https:\/\/restaurant-zvizdan-omis.eatbu.hr\/?lang=en#services<\/a><\/strong><\/li>\n<\/ul>\n<h3 class=\"text-xl font-bold text-text-100 mt-1 -mb-0.5\"><img decoding=\"async\" class=\"alignnone size-full wp-image-2037\" src=\"https:\/\/omissmartcity.com\/wp-content\/uploads\/2025\/07\/clock.png\" alt=\"\" width=\"34\" height=\"34\" \/> RADNO VRIJEME<\/h3>\n<ul class=\"[&amp;:not(:last-child)_ul]:pb-1 [&amp;:not(:last-child)_ol]:pb-1 list-disc space-y-1.5 pl-7\">\n<li class=\"whitespace-normal break-words\"><strong>Ponedjeljak: <\/strong>Closed<\/li>\n<li class=\"whitespace-normal break-words\"><strong>Utorak - Nedjelja:<\/strong> 10:00 - 23:00<\/li>\n<\/ul>\n<p class=\"whitespace-normal break-words\"><strong>O\u010dekuje vas uzbudljiva kulinarska avantura.<\/strong><\/p>\n<hr class=\"border-border-300 my-2\" \/>\n<p class=\"whitespace-normal break-words\"><em>Kontaktirajte nas danas da <a href=\"https:\/\/restaurant-zvizdan-omis.eatbu.hr\/?lang=en#reservation\">rezervirate svoj stol<\/a> i u\u017eivate u nezaboravnom gastronomskom iskustvu!<\/em><\/p>\n<\/div>\n<\/div>\n<div class=\"h-8\"><\/div>","protected":false},"excerpt":{"rendered":"<p>Discover an unforgettable culinary journey where authentic local cuisine meets exceptional service and stunning surroundings! WHAT WE OFFER Outside service &#8211; Dine al fresco in our pleasant outdoor area Air-conditioning &#8211; Stay comfortable during your visit Free parking &#8211; Convenient parking available for all guests Free WiFi &#8211; Stay connected while you dine Pet-friendly &#8211; [&hellip;]<\/p>","protected":false},"featured_media":4743,"comment_status":"closed","ping_status":"closed","template":"","meta":{"_acf_changed":false,"_monsterinsights_skip_tracking":false,"_monsterinsights_sitenote_active":false,"_monsterinsights_sitenote_note":"","_monsterinsights_sitenote_category":0,"_uf_show_specific_survey":0,"_uf_disable_surveys":false},"product_brand":[],"product_cat":[22],"product_tag":[52,49],"class_list":{"0":"post-4728","1":"product","2":"type-product","3":"status-publish","4":"has-post-thumbnail","6":"product_cat-food","7":"product_tag-offers","8":"product_tag-service","10":"first","11":"instock","12":"shipping-taxable","13":"product-type-simple"},"acf":[],"aioseo_notices":[],"_links":{"self":[{"href":"https:\/\/omissmartcity.com\/hr\/wp-json\/wp\/v2\/product\/4728","targetHints":{"allow":["GET"]}}],"collection":[{"href":"https:\/\/omissmartcity.com\/hr\/wp-json\/wp\/v2\/product"}],"about":[{"href":"https:\/\/omissmartcity.com\/hr\/wp-json\/wp\/v2\/types\/product"}],"replies":[{"embeddable":true,"href":"https:\/\/omissmartcity.com\/hr\/wp-json\/wp\/v2\/comments?post=4728"}],"wp:featuredmedia":[{"embeddable":true,"href":"https:\/\/omissmartcity.com\/hr\/wp-json\/wp\/v2\/media\/4743"}],"wp:attachment":[{"href":"https:\/\/omissmartcity.com\/hr\/wp-json\/wp\/v2\/media?parent=4728"}],"wp:term":[{"taxonomy":"product_brand","embeddable":true,"href":"https:\/\/omissmartcity.com\/hr\/wp-json\/wp\/v2\/product_brand?post=4728"},{"taxonomy":"product_cat","embeddable":true,"href":"https:\/\/omissmartcity.com\/hr\/wp-json\/wp\/v2\/product_cat?post=4728"},{"taxonomy":"product_tag","embeddable":true,"href":"https:\/\/omissmartcity.com\/hr\/wp-json\/wp\/v2\/product_tag?post=4728"}],"curies":[{"name":"wp","href":"https:\/\/api.w.org\/{rel}","templated":true}]}}