{"id":4744,"date":"2025-08-26T15:31:22","date_gmt":"2025-08-26T13:31:22","guid":{"rendered":"https:\/\/omissmartcity.com\/?post_type=product&#038;p=4744"},"modified":"2025-08-27T13:20:26","modified_gmt":"2025-08-27T11:20:26","slug":"pizzeria-sotto","status":"publish","type":"product","link":"https:\/\/omissmartcity.com\/hr\/proizvod\/pizzeria-sotto\/","title":{"rendered":"PIZZERIA SOTTO"},"content":{"rendered":"<div>\n<div class=\"grid-cols-1 grid gap-2.5 [&amp;_&gt;_*]:min-w-0 !gap-3.5\">\n<p class=\"whitespace-normal break-words\">Smje\u0161ten na u\u0161\u0107u rijeke Cetine, na\u0161 restoran nudi savr\u0161eno mjesto za objedovanje uz pogled na prekrasnu tvr\u0111avu Mirabelu. Ovdje \u0107ete prona\u0107i savr\u0161en spoj prirodne ljepote, svje\u017eeg morskog povjetarca i opu\u0161taju\u0107e atmosfere.<\/p>\n<p class=\"whitespace-normal break-words\">U vru\u0107im ljetnim danima, sjednite na na\u0161u terasu, u\u017eivajte u ugodnoj hladovini i autenti\u010dnim okusima Dalmacije. Bilo da dolazite na romanti\u010dnu ve\u010deru, obiteljski ru\u010dak ili jednostavno na \u010da\u0161u vina u zalazak sunca, kod nas \u0107ete prona\u0107i svoj kutak mira i u\u017eitka.<\/p>\n<h2 class=\"text-xl font-bold text-text-100 mt-1 -mb-0.5\"><img decoding=\"async\" class=\"alignnone size-full wp-image-2037\" src=\"https:\/\/omissmartcity.com\/wp-content\/uploads\/2025\/07\/clock.png\" alt=\"\" width=\"34\" height=\"34\" \/> RADNO VRIJEME<\/h2>\n<ul class=\"[&amp;:not(:last-child)_ul]:pb-1 [&amp;:not(:last-child)_ol]:pb-1 list-disc space-y-1.5 pl-7\">\n<li class=\"whitespace-normal break-words\"><strong>Ponedjeljak:<\/strong> 12:00 \u2013 23:00<\/li>\n<li class=\"whitespace-normal break-words\"><strong>Utorak:<\/strong> 12:00 \u2013 23:00<\/li>\n<li class=\"whitespace-normal break-words\"><strong>Srijeda:<\/strong> 12:00 \u2013 23:00<\/li>\n<li class=\"whitespace-normal break-words\"><strong>\u010cetvrtak:<\/strong> 12:00 \u2013 23:00<\/li>\n<li class=\"whitespace-normal break-words\"><strong>Petak:<\/strong> 12:00 \u2013 23:00<\/li>\n<li class=\"whitespace-normal break-words\"><strong>Subota:<\/strong> 12:00 \u2013 23:00<\/li>\n<li class=\"whitespace-normal break-words\"><strong>Nedjelja:<\/strong> 12:00 \u2013 23:00<\/li>\n<\/ul>\n<p class=\"whitespace-normal break-words\"><em>Otvoreno 7 dana u tjednu<\/em><\/p>\n<h2 class=\"text-xl font-bold text-text-100 mt-1 -mb-0.5\"><img decoding=\"async\" class=\"alignnone size-full wp-image-2036\" src=\"https:\/\/omissmartcity.com\/wp-content\/uploads\/2025\/07\/infoo.png\" alt=\"\" width=\"34\" height=\"34\" \/> \u0160TO NUDIMO<\/h2>\n<ul class=\"[&amp;:not(:last-child)_ul]:pb-1 [&amp;:not(:last-child)_ol]:pb-1 list-disc space-y-1.5 pl-7\">\n<li class=\"whitespace-normal break-words\"><strong>Pizza<\/strong> \u2013 Tradicionalne i specijalne sorte<\/li>\n<li class=\"whitespace-normal break-words\"><strong>Burgeri<\/strong> \u2013 Svje\u017ee pripremljeno<\/li>\n<li class=\"whitespace-normal break-words\"><strong>Tjestenina<\/strong> \u2013 Autenti\u010dna talijanska jela<\/li>\n<li class=\"whitespace-normal break-words\"><strong>Jela od mesa<\/strong> \u2013 Kvalitetni rezovi i pripreme<\/li>\n<li class=\"whitespace-normal break-words\"><strong>Dostupne su vegetarijanske opcije<\/strong><\/li>\n<li class=\"whitespace-normal break-words\"><strong>Vanjski prostor za sjedenje<\/strong><\/li>\n<\/ul>\n<h2 class=\"text-xl font-bold text-text-100 mt-1 -mb-0.5\"><img decoding=\"async\" class=\"alignnone size-full wp-image-2229\" src=\"https:\/\/omissmartcity.com\/wp-content\/uploads\/2025\/07\/loc.png\" alt=\"\" width=\"34\" height=\"34\" \/> LOKACIJA I KONTAKT<\/h2>\n<ul>\n<li><strong>Adresa:\u00a0<\/strong>Cetinska cesta 32, 21310 Omi\u0161<\/li>\n<li><strong>Telefon<\/strong> +385 95 539 1611<\/li>\n<li>Za kompletan izbor i cijene <a href=\"https:\/\/omissmartcity.com\/wp-content\/uploads\/2025\/08\/Sotto-novi-jelovnik-a4-2.pdf\">provjerite na\u0161 jelovnik<\/a><\/li>\n<\/ul>\n<p>&nbsp;<\/p>\n<hr class=\"border-border-300 my-2\" \/>\n<p class=\"whitespace-normal break-words\">Do\u017eivite spoj mora, rijeke i planina \u2013 do\u017eivite Omi\u0161 u najboljem izdanju!<\/p>\n<\/div>\n<\/div>\n<div class=\"h-8\"><\/div>","protected":false},"excerpt":{"rendered":"<p>Located at the mouth of the Cetina River, our restaurant offers the perfect spot to dine while enjoying views of the beautiful Mirabella Fortress. Here you&#8217;ll find a perfect blend of natural beauty, fresh sea breeze, and a relaxing atmosphere. On hot summer days, sit on our terrace, embrace the pleasant shade, and savor the [&hellip;]<\/p>","protected":false},"featured_media":4746,"comment_status":"closed","ping_status":"closed","template":"","meta":{"_acf_changed":false,"_monsterinsights_skip_tracking":false,"_monsterinsights_sitenote_active":false,"_monsterinsights_sitenote_note":"","_monsterinsights_sitenote_category":0,"_uf_show_specific_survey":0,"_uf_disable_surveys":false},"product_brand":[],"product_cat":[22],"product_tag":[52,49],"class_list":{"0":"post-4744","1":"product","2":"type-product","3":"status-publish","4":"has-post-thumbnail","6":"product_cat-food","7":"product_tag-offers","8":"product_tag-service","10":"first","11":"instock","12":"shipping-taxable","13":"product-type-simple"},"acf":[],"aioseo_notices":[],"_links":{"self":[{"href":"https:\/\/omissmartcity.com\/hr\/wp-json\/wp\/v2\/product\/4744","targetHints":{"allow":["GET"]}}],"collection":[{"href":"https:\/\/omissmartcity.com\/hr\/wp-json\/wp\/v2\/product"}],"about":[{"href":"https:\/\/omissmartcity.com\/hr\/wp-json\/wp\/v2\/types\/product"}],"replies":[{"embeddable":true,"href":"https:\/\/omissmartcity.com\/hr\/wp-json\/wp\/v2\/comments?post=4744"}],"wp:featuredmedia":[{"embeddable":true,"href":"https:\/\/omissmartcity.com\/hr\/wp-json\/wp\/v2\/media\/4746"}],"wp:attachment":[{"href":"https:\/\/omissmartcity.com\/hr\/wp-json\/wp\/v2\/media?parent=4744"}],"wp:term":[{"taxonomy":"product_brand","embeddable":true,"href":"https:\/\/omissmartcity.com\/hr\/wp-json\/wp\/v2\/product_brand?post=4744"},{"taxonomy":"product_cat","embeddable":true,"href":"https:\/\/omissmartcity.com\/hr\/wp-json\/wp\/v2\/product_cat?post=4744"},{"taxonomy":"product_tag","embeddable":true,"href":"https:\/\/omissmartcity.com\/hr\/wp-json\/wp\/v2\/product_tag?post=4744"}],"curies":[{"name":"wp","href":"https:\/\/api.w.org\/{rel}","templated":true}]}}