{"id":4809,"date":"2025-08-28T16:22:09","date_gmt":"2025-08-28T14:22:09","guid":{"rendered":"https:\/\/omissmartcity.com\/?post_type=product&#038;p=4809"},"modified":"2025-09-05T11:48:58","modified_gmt":"2025-09-05T09:48:58","slug":"beach-lounge-bar-fortica","status":"publish","type":"product","link":"https:\/\/omissmartcity.com\/hr\/proizvod\/beach-lounge-bar-fortica\/","title":{"rendered":"BEACH &#038; LOUNGE BAR FORTICA"},"content":{"rendered":"<h3 class=\"text-2xl font-bold mt-1 text-text-100\">Beach Bar Fortica \u2013 Va\u0161a savr\u0161ena ljetna destinacija<\/h3>\n<p class=\"whitespace-normal break-words\">Ako tra\u017eite mjesto gdje se spajaju izvrsna atmosfera, vrhunska hrana i morske avanture \u2013 Beach Bar Fortica je savr\u0161ena adresa!<\/p>\n<p class=\"whitespace-normal break-words\">Osim savr\u0161enog pogleda i odli\u010dne glazbe, Fortica vam nudi bogat izbor jela s ro\u0161tilja - so\u010dnog mesa, svje\u017ee ribe i ljetnih delicija koje osvajaju na prvi zalogaj. Ljubitelji talijanske hrane u\u017eivat \u0107e u pizzi pripremljenoj na napuljski na\u010din u kru\u0161noj pe\u0107i na drva - lagano tijesto, svje\u017ei sastojci i savr\u0161en okus Mediterana.<\/p>\n<p class=\"whitespace-normal break-words\">Za potpuni do\u017eivljaj, tu su udobne le\u017ealjke u hladu, idealne za opu\u0161tanje uz more uz ohla\u0111eni koktel. A za one \u017eeljne akcije, dostupne su vo\u017enje jet skijem \u2013 doza adrenalina koja otkriva obalu iz potpuno nove perspektive.<\/p>\n<p class=\"whitespace-normal break-words\">Kad sunce po\u010dne zalaziti, zabava se nastavlja u obli\u017enjim Beach barovima Baywatch i Varadero, gdje vas o\u010dekuju izvrsni kokteli i nezaboravna ljetna atmosfera.<\/p>\n<p class=\"whitespace-normal break-words\"><strong>Fortica, Baywatch i Varadero \u2013 va\u0161a savr\u0161ena ljetna ruta!<\/strong><\/p>\n<hr class=\"border-border-300 my-2\" \/>\n<h3 class=\"text-xl font-bold text-text-100 mt-1 -mb-0.5\"><img decoding=\"async\" class=\"alignnone size-full wp-image-2229\" src=\"https:\/\/omissmartcity.com\/wp-content\/uploads\/2025\/07\/loc.png\" alt=\"\" width=\"34\" height=\"34\" \/> RADNO VRIJEME I KONTAKT<\/h3>\n<p class=\"whitespace-normal break-words\"><strong>Otvoreno svaki dan od 9:00 do pono\u0107i<\/strong><\/p>\n<p class=\"whitespace-normal break-words\"><strong>Rezervacije:<\/strong> <a class=\"underline\" href=\"https:\/\/beach-bar-fortica-omis.eatbu.hr\/?lang=hr#reservation\">https:\/\/beach-bar-fortica-omis.eatbu.hr\/?lang=hr#reservation<\/a><\/p>\n<p class=\"whitespace-normal break-words\"><strong>Telefon<\/strong> +385958451000<br \/>\n<strong>Email:<\/strong> <a class=\"underline\" href=\"mailto:fortica.omis@gmail.com\">fortica.omis@gmail.com<\/a><br \/>\n<strong>Adresa:<\/strong><a href=\"https:\/\/www.google.com\/maps\/place\/Beach+%26+lounge+bar+Fortica\/@43.4363997,16.6964283,1101m\/data=!3m2!1e3!4b1!4m6!3m5!1s0x134a99f2b1cda301:0xdea942d94acda2b5!8m2!3d43.4363959!4d16.7012992!16s%2Fg%2F11c475g40t?entry=ttu&amp;g_ep=EgoyMDI1MDgyNS4wIKXMDSoASAFQAw%3D%3D\"> Brzet 21310 Omi\u0161, Croatia<\/a><\/p>","protected":false},"excerpt":{"rendered":"<p>Beach Bar Fortica &#8211; Your Perfect Summer Destination If you&#8217;re looking for a place where excellent atmosphere, top-quality food, and sea adventures come together \u2013 Beach Bar Fortica is the perfect address! Beyond the perfect view and great music, Fortica offers you a rich selection of grilled food \u2013 succulent meat, fresh fish, and summer [&hellip;]<\/p>","protected":false},"featured_media":4810,"comment_status":"closed","ping_status":"closed","template":"","meta":{"_acf_changed":false,"_monsterinsights_skip_tracking":false,"_monsterinsights_sitenote_active":false,"_monsterinsights_sitenote_note":"","_monsterinsights_sitenote_category":0,"_uf_show_specific_survey":0,"_uf_disable_surveys":false},"product_brand":[],"product_cat":[22],"product_tag":[52,49],"class_list":{"0":"post-4809","1":"product","2":"type-product","3":"status-publish","4":"has-post-thumbnail","6":"product_cat-food","7":"product_tag-offers","8":"product_tag-service","10":"first","11":"instock","12":"shipping-taxable","13":"product-type-simple"},"acf":[],"aioseo_notices":[],"_links":{"self":[{"href":"https:\/\/omissmartcity.com\/hr\/wp-json\/wp\/v2\/product\/4809","targetHints":{"allow":["GET"]}}],"collection":[{"href":"https:\/\/omissmartcity.com\/hr\/wp-json\/wp\/v2\/product"}],"about":[{"href":"https:\/\/omissmartcity.com\/hr\/wp-json\/wp\/v2\/types\/product"}],"replies":[{"embeddable":true,"href":"https:\/\/omissmartcity.com\/hr\/wp-json\/wp\/v2\/comments?post=4809"}],"wp:featuredmedia":[{"embeddable":true,"href":"https:\/\/omissmartcity.com\/hr\/wp-json\/wp\/v2\/media\/4810"}],"wp:attachment":[{"href":"https:\/\/omissmartcity.com\/hr\/wp-json\/wp\/v2\/media?parent=4809"}],"wp:term":[{"taxonomy":"product_brand","embeddable":true,"href":"https:\/\/omissmartcity.com\/hr\/wp-json\/wp\/v2\/product_brand?post=4809"},{"taxonomy":"product_cat","embeddable":true,"href":"https:\/\/omissmartcity.com\/hr\/wp-json\/wp\/v2\/product_cat?post=4809"},{"taxonomy":"product_tag","embeddable":true,"href":"https:\/\/omissmartcity.com\/hr\/wp-json\/wp\/v2\/product_tag?post=4809"}],"curies":[{"name":"wp","href":"https:\/\/api.w.org\/{rel}","templated":true}]}}