{"id":4830,"date":"2025-08-29T14:30:12","date_gmt":"2025-08-29T12:30:12","guid":{"rendered":"https:\/\/omissmartcity.com\/?post_type=product&#038;p=4830"},"modified":"2025-09-05T11:00:58","modified_gmt":"2025-09-05T09:00:58","slug":"caffe-bar-zizula-restaurant-vagabundo","status":"publish","type":"product","link":"https:\/\/omissmartcity.com\/hr\/proizvod\/caffe-bar-zizula-restaurant-vagabundo\/","title":{"rendered":"CAFFE BAR \u017dI\u017dULA &#038; RESTAURANT VAGABUNDO"},"content":{"rendered":"<div>\n<div class=\"grid-cols-1 grid gap-2.5 [&amp;_&gt;_*]:min-w-0 !gap-3.5\">\n<h4 class=\"text-lg font-bold text-text-100 mt-1 -mb-1.5\">Dobrodo\u0161li u srce Starog grada<\/h4>\n<p class=\"whitespace-normal break-words\">Smje\u0161ten na mirnom trgu u povijesnoj staroj gradskoj jezgri,\u00a0<strong>\u017di\u017eula-Vagabundo<\/strong>\u00a0je savr\u0161eno mjesto gdje se tradicija susre\u0107e s modernim. Na\u0161 restoran i caffe bar nude brojne udobne prostore za sjedenje u hladu, stvaraju\u0107i idealnu atmosferu za opu\u0161tanje i u\u017eivanje.<\/p>\n<h2 class=\"text-lg font-bold text-text-100 mt-1 -mb-1.5\"><img decoding=\"async\" class=\"alignnone size-full wp-image-4260\" src=\"https:\/\/omissmartcity.com\/wp-content\/uploads\/2025\/08\/special.png\" alt=\"\" width=\"34\" height=\"34\" \/> ZA SVAKU PRIGODU, SVAKI OKUS<\/h2>\n<p class=\"whitespace-normal break-words\">Tra\u017eite li:<\/p>\n<ul class=\"[&amp;:not(:last-child)_ul]:pb-1 [&amp;:not(:last-child)_ol]:pb-1 list-disc space-y-1.5 pl-7\">\n<li class=\"whitespace-normal break-words\"><strong>Opu\u0161taju\u0107i napitak<\/strong>\u00a0s prijateljima<\/li>\n<li class=\"whitespace-normal break-words\"><strong>Romanti\u010dna ve\u010dera<\/strong>\u00a0za dvoje<\/li>\n<li class=\"whitespace-normal break-words\"><strong>Okupljanje s velikom grupom<\/strong><\/li>\n<li class=\"whitespace-normal break-words\"><strong>Kvalitetan obrok<\/strong>\u00a0u ugodnom okru\u017eenju<\/li>\n<\/ul>\n<p class=\"whitespace-normal break-words\"><strong>\u017di\u017eula-Vagabundo<\/strong>\u00a0je pravi izbor za vas!<\/p>\n<h2 class=\"text-xl font-bold text-text-100 mt-1 -mb-0.5\"><img decoding=\"async\" class=\"alignnone size-full wp-image-2036\" src=\"https:\/\/omissmartcity.com\/wp-content\/uploads\/2025\/07\/infoo.png\" alt=\"\" width=\"34\" height=\"34\" \/> NA\u0160A PONUDA<\/h2>\n<ul>\n<li class=\"text-lg font-bold text-text-100 mt-1 -mb-1.5\">\n<h4>\u00a0<strong>Bar<\/strong><\/h4>\n<\/li>\n<\/ul>\n<p class=\"whitespace-normal break-words\">Veliki izbor pi\u0107a, aperitiva i visokokvalitetnih \u017eestokih pi\u0107a zadovoljit \u0107e i najzahtjevnije poznavatelje finih pi\u0107a.<\/p>\n<ul>\n<li class=\"text-lg font-bold text-text-100 mt-1 -mb-1.5\">\n<h4>\u00a0<strong>Restoran<\/strong><\/h4>\n<\/li>\n<\/ul>\n<p class=\"whitespace-normal break-words\">Ukusna hrana pripremljena s pa\u017enjom i ljubavlju, zajam\u010deno \u0107e zadovoljiti sve va\u0161e kulinarske \u017eelje.<\/p>\n<h2 class=\"text-xl font-bold text-text-100 mt-1 -mb-0.5\"><img decoding=\"async\" class=\"alignnone size-full wp-image-2229\" src=\"https:\/\/omissmartcity.com\/wp-content\/uploads\/2025\/07\/loc.png\" alt=\"\" width=\"34\" height=\"34\" \/> LOKACIJA I KONTAKT<\/h2>\n<ul>\n<li class=\"whitespace-normal break-words\"><strong>\u00a0Adresa: <\/strong><a href=\"https:\/\/www.google.com\/maps\/place\/Pizzeria+-+Pe%C4%8Denjarnica+Vagabundo\/@43.4441065,16.6902978,1101m\/data=!3m2!1e3!4b1!4m6!3m5!1s0x134a98440956d041:0x1c124ef8f8c50605!8m2!3d43.4441026!4d16.6928727!16s%2Fg%2F11gjt1ks18?entry=ttu&amp;g_ep=EgoyMDI1MDgyNS4wIKXMDSoASAFQAw%3D%3D\">Ul. Ivana Katu\u0161i\u0107a 6, 21310 Omi\u0161, Croatia<\/a><\/li>\n<li class=\"whitespace-normal break-words\"><strong>\u00a0Opening Hours: Caffe bar \u017di\u017eula &#8211; <\/strong>Every day from 6:30 &#8211; 00:00 (Saturday 2AM), <strong>Restaurant Vagabundo<\/strong> &#8211; Every day from 11AM &#8211; 2AM<\/li>\n<li class=\"whitespace-normal break-words\"><strong>\u00a0Kontakt: <\/strong>+385 95 907 8604<\/li>\n<\/ul>\n<p>&nbsp;<\/p>\n<hr class=\"border-border-300 my-2\" \/>\n<p class=\"whitespace-normal break-words\"><em>Posjetite nas i otkrijte za\u0161to je \u017di\u017eula-Vagabundo omiljeno mjesto i mje\u0161tana i posjetitelja Omi\u0161a!<\/em><\/p>\n<\/div>\n<\/div>","protected":false},"excerpt":{"rendered":"<p>Welcome to the Heart of the Old Town Located on a peaceful square in the historic old town core,\u00a0\u017di\u017eula-Vagabundo\u00a0is the perfect place where tradition meets modernity. Our restaurant and caffe bar offers numerous comfortable seating areas in the shade, creating an ideal atmosphere for relaxation and enjoyment. FOR EVERY OCCASION, EVERY TASTE Whether you&#8217;re looking [&hellip;]<\/p>","protected":false},"featured_media":4832,"comment_status":"closed","ping_status":"closed","template":"","meta":{"_acf_changed":false,"_monsterinsights_skip_tracking":false,"_monsterinsights_sitenote_active":false,"_monsterinsights_sitenote_note":"","_monsterinsights_sitenote_category":0,"_uf_show_specific_survey":0,"_uf_disable_surveys":false},"product_brand":[],"product_cat":[22],"product_tag":[52,49],"class_list":{"0":"post-4830","1":"product","2":"type-product","3":"status-publish","4":"has-post-thumbnail","6":"product_cat-food","7":"product_tag-offers","8":"product_tag-service","10":"first","11":"instock","12":"shipping-taxable","13":"product-type-simple"},"acf":[],"aioseo_notices":[],"_links":{"self":[{"href":"https:\/\/omissmartcity.com\/hr\/wp-json\/wp\/v2\/product\/4830","targetHints":{"allow":["GET"]}}],"collection":[{"href":"https:\/\/omissmartcity.com\/hr\/wp-json\/wp\/v2\/product"}],"about":[{"href":"https:\/\/omissmartcity.com\/hr\/wp-json\/wp\/v2\/types\/product"}],"replies":[{"embeddable":true,"href":"https:\/\/omissmartcity.com\/hr\/wp-json\/wp\/v2\/comments?post=4830"}],"wp:featuredmedia":[{"embeddable":true,"href":"https:\/\/omissmartcity.com\/hr\/wp-json\/wp\/v2\/media\/4832"}],"wp:attachment":[{"href":"https:\/\/omissmartcity.com\/hr\/wp-json\/wp\/v2\/media?parent=4830"}],"wp:term":[{"taxonomy":"product_brand","embeddable":true,"href":"https:\/\/omissmartcity.com\/hr\/wp-json\/wp\/v2\/product_brand?post=4830"},{"taxonomy":"product_cat","embeddable":true,"href":"https:\/\/omissmartcity.com\/hr\/wp-json\/wp\/v2\/product_cat?post=4830"},{"taxonomy":"product_tag","embeddable":true,"href":"https:\/\/omissmartcity.com\/hr\/wp-json\/wp\/v2\/product_tag?post=4830"}],"curies":[{"name":"wp","href":"https:\/\/api.w.org\/{rel}","templated":true}]}}