{"id":4835,"date":"2025-08-29T14:53:16","date_gmt":"2025-08-29T12:53:16","guid":{"rendered":"https:\/\/omissmartcity.com\/?post_type=product&#038;p=4835"},"modified":"2025-09-05T11:45:53","modified_gmt":"2025-09-05T09:45:53","slug":"restaurant-caca","status":"publish","type":"product","link":"https:\/\/omissmartcity.com\/hr\/proizvod\/restaurant-caca\/","title":{"rendered":"KONOBA \u0106A\u0106A"},"content":{"rendered":"<div>\n<div class=\"grid-cols-1 grid gap-2.5 [&amp;_&gt;_*]:min-w-0 !gap-3.5\">\n<h3 class=\"text-xl font-bold text-text-100 mt-1 -mb-0.5\"><strong>Obiteljska tradicija uz rijeku Cetinu<\/strong><\/h3>\n<p class=\"whitespace-normal break-words\"><strong>Restoran \u0106a\u0107a<\/strong> je obiteljski restoran smje\u0161ten u naj\u0161armantnijem dijelu starog Omi\u0161a, tik uz rijeku Cetinu. Nalazi se samo desetak metara nakon skretanja lijevo s mosta, tek minutu ili dvije od centra grada i glavne ulice Fo\u0161al.<\/p>\n<h3 class=\"text-lg font-bold text-text-100 mt-1 -mb-1.5\"><strong>Jedinstvena lokacija \u2013 mir u srcu grada<\/strong><\/h3>\n<p class=\"whitespace-normal break-words\">Iako se nalazi u blizini popularnih turisti\u010dkih odredi\u0161ta i gradskih trgova, na\u0161 restoran nudi potpuno druga\u010dije iskustvo. Smje\u0161ten u mirnom okru\u017eenju starih gradskih ulica (kala), uz rijeku Cetinu koja tijekom vru\u0107ih ljetnih ve\u010deri pru\u017ea osvje\u017eavaju\u0107i povjetarac koji objedovanje u na\u0161em restoranu \u010dini <strong>vrt<\/strong> iznimno ugodno i osvje\u017eavaju\u0107e.<\/p>\n<h2 class=\"text-xl font-bold text-text-100 mt-1 -mb-0.5\"><img decoding=\"async\" class=\"alignnone size-full wp-image-2036\" src=\"https:\/\/omissmartcity.com\/wp-content\/uploads\/2025\/07\/infoo.png\" alt=\"\" width=\"34\" height=\"34\" \/> <strong>ZA\u0160TO ODABRATI RESTORAN \u0106A\u0106A?<\/strong><\/h2>\n<ul>\n<li class=\"whitespace-normal break-words\"><strong>Obiteljska atmosfera<\/strong> \u2013 Toplo gostoprimstvo koje svaki obrok \u010dini posebnim<\/li>\n<li class=\"whitespace-normal break-words\"><strong>Prirodno hla\u0111enje<\/strong> \u2013 Osvje\u017eavaju\u0107i povjetarac s rijeke Cetine<\/li>\n<li class=\"whitespace-normal break-words\"><strong>Autenti\u010dan ambijent<\/strong> \u2013 \u0160arm starih omi\u0161kih ulica (kala)<\/li>\n<li class=\"whitespace-normal break-words\"><strong>Savr\u0161ena lokacija<\/strong> \u2013 U centru, a opet mirno<\/li>\n<li class=\"whitespace-normal break-words\"><strong>Tradicionalna kuhinja<\/strong> \u2013 Autenti\u010dni okusi Omi\u0161ke rivijere<\/li>\n<li class=\"whitespace-normal break-words\"><strong>Tradicionalni okusi Dalmacije<\/strong> \u2013 Autenti\u010dna dalmatinska kulinarska ba\u0161tina<\/li>\n<\/ul>\n<h2 class=\"text-xl font-bold text-text-100 mt-1 -mb-0.5\"><img decoding=\"async\" class=\"alignnone size-full wp-image-2229\" src=\"https:\/\/omissmartcity.com\/wp-content\/uploads\/2025\/07\/loc.png\" alt=\"\" width=\"34\" height=\"34\" \/> <strong>LOKACIJA &amp; KONTAKT<\/strong><\/h2>\n<p class=\"whitespace-normal break-words\"><strong>Adresa: <\/strong><a href=\"https:\/\/www.google.com\/maps\/place\/\/data=!4m2!3m1!1s0x134a984393cad42f:0x5481bf4e2ed5d9f7?sa=X&amp;ved=1t:8290&amp;ictx=111\">Polji\u010dki trg b.b., 21310 Omi\u0161, Croatia<\/a><\/p>\n<p class=\"whitespace-normal break-words\"><strong>Telefon <\/strong>(+385) 91 253 74 18<\/p>\n<p class=\"whitespace-normal break-words\"><strong>Radno vrijeme<\/strong>Ponedjeljak \u2013 Nedjelja od 10:00 do 23:00<\/p>\n<hr class=\"border-border-300 my-2\" \/>\n<p class=\"whitespace-normal break-words\"><em>Posjetite restoran \u0106a\u0107a i otkrijte autenti\u010dan okus mediteranske kuhinje uz zvuk rijeke Cetine u srcu starog Omi\u0161a!<\/em><\/p>\n<\/div>\n<\/div>\n<div class=\"h-8\"><\/div>","protected":false},"excerpt":{"rendered":"<p>Family Tradition by the Cetina River Restaurant \u0106a\u0107a is a family restaurant located in the most charming part of old Omi\u0161, right next to the Cetina River. It is situated just ten meters after turning left from the bridge, only a minute or two away from the city center and the main Fo\u0161al street. Unique [&hellip;]<\/p>","protected":false},"featured_media":4839,"comment_status":"closed","ping_status":"closed","template":"","meta":{"_acf_changed":false,"_monsterinsights_skip_tracking":false,"_monsterinsights_sitenote_active":false,"_monsterinsights_sitenote_note":"","_monsterinsights_sitenote_category":0,"_uf_show_specific_survey":0,"_uf_disable_surveys":false},"product_brand":[],"product_cat":[22],"product_tag":[52,49],"class_list":{"0":"post-4835","1":"product","2":"type-product","3":"status-publish","4":"has-post-thumbnail","6":"product_cat-food","7":"product_tag-offers","8":"product_tag-service","10":"first","11":"instock","12":"shipping-taxable","13":"product-type-simple"},"acf":[],"aioseo_notices":[],"_links":{"self":[{"href":"https:\/\/omissmartcity.com\/hr\/wp-json\/wp\/v2\/product\/4835","targetHints":{"allow":["GET"]}}],"collection":[{"href":"https:\/\/omissmartcity.com\/hr\/wp-json\/wp\/v2\/product"}],"about":[{"href":"https:\/\/omissmartcity.com\/hr\/wp-json\/wp\/v2\/types\/product"}],"replies":[{"embeddable":true,"href":"https:\/\/omissmartcity.com\/hr\/wp-json\/wp\/v2\/comments?post=4835"}],"wp:featuredmedia":[{"embeddable":true,"href":"https:\/\/omissmartcity.com\/hr\/wp-json\/wp\/v2\/media\/4839"}],"wp:attachment":[{"href":"https:\/\/omissmartcity.com\/hr\/wp-json\/wp\/v2\/media?parent=4835"}],"wp:term":[{"taxonomy":"product_brand","embeddable":true,"href":"https:\/\/omissmartcity.com\/hr\/wp-json\/wp\/v2\/product_brand?post=4835"},{"taxonomy":"product_cat","embeddable":true,"href":"https:\/\/omissmartcity.com\/hr\/wp-json\/wp\/v2\/product_cat?post=4835"},{"taxonomy":"product_tag","embeddable":true,"href":"https:\/\/omissmartcity.com\/hr\/wp-json\/wp\/v2\/product_tag?post=4835"}],"curies":[{"name":"wp","href":"https:\/\/api.w.org\/{rel}","templated":true}]}}