{"id":5016,"date":"2025-09-12T15:03:18","date_gmt":"2025-09-12T13:03:18","guid":{"rendered":"https:\/\/omissmartcity.com\/?post_type=product&#038;p=5016"},"modified":"2025-09-29T13:15:11","modified_gmt":"2025-09-29T11:15:11","slug":"pixel-it-solutions","status":"publish","type":"product","link":"https:\/\/omissmartcity.com\/hr\/proizvod\/pixel-it-solutions\/","title":{"rendered":"PIXEL IT SOLUTIONS"},"content":{"rendered":"<h3 class=\"text-xl font-bold text-text-100 mt-1 -mb-0.5\"><strong>Va\u0161 pouzdani IT partner u gradu!<\/strong><\/h3>\n<p class=\"whitespace-normal break-words\">Poma\u017eemo gra\u0111anima, poduzetnicima i iznajmljiva\u010dima turisti\u010dkog smje\u0161taja da uvijek imaju brza, moderna i pouzdana IT rje\u0161enja. Na\u0161a misija je jednostavna \u2013 tehnologiju \u010dinimo lak\u0161om i dostupnijom svima.<\/p>\n<h3 class=\"text-xl font-bold text-text-100 mt-1 -mb-0.5\"><img decoding=\"async\" class=\"alignnone size-full wp-image-2036\" src=\"https:\/\/omissmartcity.com\/wp-content\/uploads\/2025\/07\/infoo.png\" alt=\"\" width=\"34\" height=\"34\" \/> <strong>Na\u0161e usluge<\/strong><\/h3>\n<ul>\n<li class=\"whitespace-normal break-words\"><strong>Izrada modernih web stranica<\/strong> \u2013 profesionalno dizajnirane i prilago\u0111ene va\u0161im potrebama<\/li>\n<li class=\"whitespace-normal break-words\"><strong>Pode\u0161avanje interneta za vile i apartmane<\/strong> \u2013 stabilna i brza mre\u017ea za va\u0161e goste<\/li>\n<li class=\"whitespace-normal break-words\"><strong>Projektiranje, nabava i realizacija IT sustava za obrte i firme (klju\u010d u ruke)<\/strong> \u2013 kompletna rje\u0161enja za va\u0161e poslovanje<\/li>\n<li class=\"whitespace-normal break-words\"><strong>Projektiranje i postavljanje IT sustava i Wi-Fi mre\u017ea<\/strong> \u2013 sigurnost i pouzdanost na jednom mjestu<\/li>\n<li class=\"whitespace-normal break-words\"><strong>E-mail i IT podr\u0161ka za tvrtke i obrtnike<\/strong> \u2013 komunikacija bez zastoja<\/li>\n<\/ul>\n<p>&nbsp;<\/p>\n<p class=\"whitespace-normal break-words\">Bilo da vam treba jednostavna web stranica, stabilan internet za apartmane, ili kompletan IT sustav za poslovanje, Pixel IT Solutions je partner na kojeg se mo\u017eete osloniti.<\/p>\n<h3 class=\"whitespace-normal break-words\"><strong><img decoding=\"async\" class=\"alignnone size-full wp-image-2229\" src=\"https:\/\/omissmartcity.com\/wp-content\/uploads\/2025\/07\/loc.png\" alt=\"\" width=\"34\" height=\"34\" \/> KONTAKT<\/strong><\/h3>\n<p><strong>Adresa:<\/strong> <a href=\"https:\/\/www.google.com\/maps\/place\/Glagolja%C5%A1ka+9,+21310,+Omi%C5%A1\/@43.4471066,16.6866291,1101m\/data=!3m2!1e3!4b1!4m6!3m5!1s0x134a984321499149:0x9ef1385ed6dc8a66!8m2!3d43.4471027!4d16.689204!16s%2Fg%2F11cs6vg2__?entry=ttu&amp;g_ep=EgoyMDI1MDkwOS4wIKXMDSoASAFQAw%3D%3D\">Glagolja\u0161ka 9, Omi\u0161, 21310, Croatia<\/a><br \/>\n<strong>Telefon<\/strong> +385 91 9708 439<br \/>\n<strong>Email:<\/strong> <a class=\"underline\" href=\"mailto:info@nikadisplay.com\">info@nikadisplay.com<\/a><\/p>\n<hr class=\"border-border-300 my-2\" \/>\n<p><em>Kontaktirajte nas ve\u0107 danas \u2013 jer tehnologija mo\u017ee biti jednostavna kad imate pravog partnera!<\/em><\/p>","protected":false},"excerpt":{"rendered":"<p>Your Reliable IT Partner in the City! We help citizens, entrepreneurs, and vacation rental operators to always have fast, modern, and reliable IT solutions. Our mission is simple \u2013 we make technology easier and more accessible for everyone. OUR SERVICES Modern Website Development \u2013 professionally designed and tailored to your needs Internet Setup for Villas [&hellip;]<\/p>","protected":false},"featured_media":5017,"comment_status":"closed","ping_status":"closed","template":"","meta":{"_acf_changed":false,"_monsterinsights_skip_tracking":false,"_monsterinsights_sitenote_active":false,"_monsterinsights_sitenote_note":"","_monsterinsights_sitenote_category":0,"_uf_show_specific_survey":0,"_uf_disable_surveys":false},"product_brand":[],"product_cat":[65],"product_tag":[52,49],"class_list":{"0":"post-5016","1":"product","2":"type-product","3":"status-publish","4":"has-post-thumbnail","6":"product_cat-it-solutions","7":"product_tag-offers","8":"product_tag-service","10":"first","11":"instock","12":"shipping-taxable","13":"product-type-simple"},"acf":[],"aioseo_notices":[],"_links":{"self":[{"href":"https:\/\/omissmartcity.com\/hr\/wp-json\/wp\/v2\/product\/5016","targetHints":{"allow":["GET"]}}],"collection":[{"href":"https:\/\/omissmartcity.com\/hr\/wp-json\/wp\/v2\/product"}],"about":[{"href":"https:\/\/omissmartcity.com\/hr\/wp-json\/wp\/v2\/types\/product"}],"replies":[{"embeddable":true,"href":"https:\/\/omissmartcity.com\/hr\/wp-json\/wp\/v2\/comments?post=5016"}],"wp:featuredmedia":[{"embeddable":true,"href":"https:\/\/omissmartcity.com\/hr\/wp-json\/wp\/v2\/media\/5017"}],"wp:attachment":[{"href":"https:\/\/omissmartcity.com\/hr\/wp-json\/wp\/v2\/media?parent=5016"}],"wp:term":[{"taxonomy":"product_brand","embeddable":true,"href":"https:\/\/omissmartcity.com\/hr\/wp-json\/wp\/v2\/product_brand?post=5016"},{"taxonomy":"product_cat","embeddable":true,"href":"https:\/\/omissmartcity.com\/hr\/wp-json\/wp\/v2\/product_cat?post=5016"},{"taxonomy":"product_tag","embeddable":true,"href":"https:\/\/omissmartcity.com\/hr\/wp-json\/wp\/v2\/product_tag?post=5016"}],"curies":[{"name":"wp","href":"https:\/\/api.w.org\/{rel}","templated":true}]}}