{"id":5029,"date":"2025-09-15T15:23:10","date_gmt":"2025-09-15T13:23:10","guid":{"rendered":"https:\/\/omissmartcity.com\/?post_type=product&#038;p=5029"},"modified":"2025-09-22T13:00:25","modified_gmt":"2025-09-22T11:00:25","slug":"restaurant-pod-odrnom","status":"publish","type":"product","link":"https:\/\/omissmartcity.com\/hr\/proizvod\/restaurant-pod-odrnom\/","title":{"rendered":"RESTAURANT POD ODRNOM"},"content":{"rendered":"<h3><img decoding=\"async\" class=\"alignnone size-full wp-image-2036\" src=\"https:\/\/omissmartcity.com\/wp-content\/uploads\/2025\/07\/infoo.png\" alt=\"\" width=\"34\" height=\"34\" \/> POD ODRNOM - GDJE SE TRADICIJA SUSRE\u0106E S OKUSOM OD 1967.<\/h3>\n<p>Skriven u srcu staroga grada Omi\u0161a, odmah iza ljekarne i glavnog turisti\u010dkog ureda, Pod Odrnom ve\u0107 gotovo \u0161est desetlje\u0107a do\u010dekuje goste toplinom i vrhunskim okusima.<\/p>\n<p>Na\u0161a strast prema dalmatinskoj i mediteranskoj kuhinji o\u017eivljava u svakom jelu \u2013 od so\u010dnih steakova s ro\u0161tilja na drveni ugljen do najsvje\u017eije ribe i plodova mora izravno iz Jadrana , uz doma\u0107e tjestenine, hrskave salate i rasko\u0161ne deserte.<\/p>\n<p>Uz va\u0161e jelo odaberite \u010da\u0161u iz na\u0161e pomno birane selekcije hrvatskih vina ili se opustite uz jedan od na\u0161ih ru\u010dno ra\u0111enih koktela za savr\u0161eno gastronomsko iskustvo.<\/p>\n<p>Bilo da izaberete ugodnu intimu na\u0161eg novoure\u0111enog interijera u staroj kamenoj ku\u0107i (30 mjesta) ili opu\u0161taju\u0107u atmosferu romanti\u010dne terase pod zvijezdama (60 mjesta), prona\u0107i \u0107ete mirno uto\u010di\u0161te daleko od u\u017eurbanih ulica.<\/p>\n<p>Do\u0111ite okusiti tradiciju. Do\u0111ite osjetiti pri\u010du. Dobrodo\u0161li u Pod Odrnom.<\/p>\n<p>&nbsp;<\/p>\n<h3><img decoding=\"async\" class=\"alignnone size-full wp-image-2229\" src=\"https:\/\/omissmartcity.com\/wp-content\/uploads\/2025\/07\/loc.png\" alt=\"\" width=\"34\" height=\"34\" \/> LOKACIJA &amp; KONTAKT<\/h3>\n<ul>\n<li>Rezervacija je jednostavna. Za rezervaciju nas nazovite na +385 95 903 3740 izme\u0111u 9 i 20 sati, od ponedjeljka do nedjelje, ili koristite obrazac u nastavku.<\/li>\n<li><a href=\"http:\/\/www.pod-odrnom.hr\/odrna\/reservation\/\"><strong>Rezervacija stola<\/strong><\/a> &#8211; <a href=\"http:\/\/www.pod-odrnom.hr\/odrna\/reservation\/\">http:\/\/www.pod-odrnom.hr\/odrna\/reservation\/<\/a><\/li>\n<li>Adresa: <a href=\"https:\/\/www.google.com\/maps\/place\/\/data=!4m2!3m1!1s0x134a98440db9be5f:0x598f22134be02b4e?sa=X&amp;ved=1t:8290&amp;ictx=111\">Ivana Katu\u0161i\u0107a 1, 21310 Omi\u0161<\/a> (just behind pharmacy and the main tourist office)<\/li>\n<li>Kontakt: +385 95 903 3740<\/li>\n<li>Email: <a href=\"mailto:info@pod-odrnom.hr\">info@pod-odrnom.hr<\/a><\/li>\n<li>Radno vrijeme: Svaki dan 12:00 -- 00:00<\/li>\n<li>Website:<a href=\"https:\/\/www.pod-odrnom.hr\/odrna\/\"> https:\/\/www.pod-odrnom.hr<\/a><\/li>\n<li><a href=\"https:\/\/omissmartcity.com\/wp-content\/uploads\/2025\/09\/MENU-2025.pdf\">MENU<\/a><\/li>\n<\/ul>\n<p>&nbsp;<\/p>\n<hr class=\"border-border-300 my-2\" \/>\n<p><em>Molimo imajte na umu da online rezervacije primamo samo do 18:30 sati za isti dan. Ako \u017eelite napraviti kasniju rezervaciju, molimo vas da nas nazovete izravno kako biste provjerili dostupnost ili osobno do\u0111ete u na\u0161 restoran.<\/em><\/p>\n<p>&nbsp;<\/p>\n<p>&nbsp;<\/p>","protected":false},"excerpt":{"rendered":"<p>POD ODRNOM &#8211; WHERE TRADITION MEETS FLAVOR SINCE 1967. Tucked away in the heart of Omi\u0161 Old Town, just behind the pharmacy and main tourist office, Pod Odrnom has been welcoming guests with warmth and flavor for nearly six decades. Our passion for Dalmatian and Mediterranean cuisine comes alive in every dish from juicy charcoal-grilled [&hellip;]<\/p>","protected":false},"featured_media":5054,"comment_status":"closed","ping_status":"closed","template":"","meta":{"_acf_changed":false,"_monsterinsights_skip_tracking":false,"_monsterinsights_sitenote_active":false,"_monsterinsights_sitenote_note":"","_monsterinsights_sitenote_category":0,"_uf_show_specific_survey":0,"_uf_disable_surveys":false},"product_brand":[],"product_cat":[22],"product_tag":[52,49],"class_list":{"0":"post-5029","1":"product","2":"type-product","3":"status-publish","4":"has-post-thumbnail","6":"product_cat-food","7":"product_tag-offers","8":"product_tag-service","10":"first","11":"instock","12":"shipping-taxable","13":"product-type-simple"},"acf":[],"aioseo_notices":[],"_links":{"self":[{"href":"https:\/\/omissmartcity.com\/hr\/wp-json\/wp\/v2\/product\/5029","targetHints":{"allow":["GET"]}}],"collection":[{"href":"https:\/\/omissmartcity.com\/hr\/wp-json\/wp\/v2\/product"}],"about":[{"href":"https:\/\/omissmartcity.com\/hr\/wp-json\/wp\/v2\/types\/product"}],"replies":[{"embeddable":true,"href":"https:\/\/omissmartcity.com\/hr\/wp-json\/wp\/v2\/comments?post=5029"}],"wp:featuredmedia":[{"embeddable":true,"href":"https:\/\/omissmartcity.com\/hr\/wp-json\/wp\/v2\/media\/5054"}],"wp:attachment":[{"href":"https:\/\/omissmartcity.com\/hr\/wp-json\/wp\/v2\/media?parent=5029"}],"wp:term":[{"taxonomy":"product_brand","embeddable":true,"href":"https:\/\/omissmartcity.com\/hr\/wp-json\/wp\/v2\/product_brand?post=5029"},{"taxonomy":"product_cat","embeddable":true,"href":"https:\/\/omissmartcity.com\/hr\/wp-json\/wp\/v2\/product_cat?post=5029"},{"taxonomy":"product_tag","embeddable":true,"href":"https:\/\/omissmartcity.com\/hr\/wp-json\/wp\/v2\/product_tag?post=5029"}],"curies":[{"name":"wp","href":"https:\/\/api.w.org\/{rel}","templated":true}]}}