{"id":5120,"date":"2025-10-06T10:42:12","date_gmt":"2025-10-06T08:42:12","guid":{"rendered":"https:\/\/omissmartcity.com\/?post_type=product&#038;p=5120"},"modified":"2025-10-06T14:11:38","modified_gmt":"2025-10-06T12:11:38","slug":"restaurant-kastil-slanica","status":"publish","type":"product","link":"https:\/\/omissmartcity.com\/hr\/proizvod\/restaurant-kastil-slanica\/","title":{"rendered":"RESTORAN KA\u0160TIL SLANICA"},"content":{"rendered":"<h3>\u010cUVARI ZA\u010cINA \u017dIVOTA<\/h3>\n<p>Do\u017eivite izvorne okuse tradicionalne dalmatinske gastronomije, okru\u017eeni \u0161armom pro\u0161losti i ljepotom velebnog kanjona rijeke Cetine<\/p>\n<h3><img decoding=\"async\" class=\"alignnone size-full wp-image-2036\" src=\"https:\/\/omissmartcity.com\/wp-content\/uploads\/2025\/07\/infoo.png\" alt=\"\" width=\"34\" height=\"34\" \/> LJUBAV PREMA TRADICIJI INTERPRETIRANA KROZ STOLJETNE RECEPTURE<\/h3>\n<p>Podignut na zidinama srednjovjekovnog trgovi\u0161ta solju, u zadivljuju\u0107em okru\u017eenju kanjona i s pogledom na rijeku Cetinu, restoran Ka\u0161til Slanica ispunjen je autenti\u010dnom atmosferom. Otvoren prije tri desetlje\u0107a,  restoran nudi tradicionalnu dalmatinsku kuhinju i drevna jela Dalmatinske zagore, a ponudu zaokru\u017euje selekcija ponajboljih vina Dalmacije.<\/p>\n<ul>\n<li><strong>Toliko druga\u010dije, a tako blizu<\/strong><\/li>\n<\/ul>\n<p>Ve\u0107 dok prilazite Ka\u0161til Slanici, ulaze\u0107i sve dublje u cetinsku klisuru, bilo cestom, bilo rijekom, priroda \u0107e neminovno na vas po\u010deti ostavljati dubok dojam. Dolaskom u restoran na samoj rijeci, gdje se patke, gnjurci i \u010daplje mimoilaze izme\u0111u rogoza, bambusa, topola i platana, dok se iznad njih uzdi\u017ee zadivljuju\u0107a planina, preplavit \u0107e vas osje\u0107aj opu\u0161tanja. Gotovo da ne\u0107ete mo\u0107i vjerovati da ste samo 5 minuta od mora i Omi\u0161a te u neposrednoj blizini ve\u0107ih gradova poput Makarske i Splita.<\/p>\n<ul>\n<li><strong>Okusi mora, stine i Cetine<\/strong><\/li>\n<\/ul>\n<p>Na\u0161a kulinarska ponuda temelji se na autenti\u010dnoj dalmatinskoj kuhinji, starim obiteljskim receptima, tradicionalnim na\u010dinima pripreme i lokalnim svje\u017eim, sezonskim namirnicama. Ovdje mo\u017eete ku\u0161ati pravi doma\u0107i kruh ispod peke i tradicionalno jelo soparnik, meso i hobotnicu ispod peke, klasi\u010dan obiteljski blagdanski ru\u010dak - pa\u0161ticadu, dolce garbo i ro\u017eatu koju su nam donijeli stari Mle\u010dani, saur od srdele, brujet od jegulje, \u017eabe, pastrvu, te jo\u0161 mnoge povijesne i lokalne specijalitete. Selekcija vina dalmatinskih sorti odli\u010dno se ljube s ponu\u0111enim jelima, pru\u017eaju\u0107i istinski do\u017eivljaj Dalmacije kroz gurmansko iskustvo.<\/p>\n<h3><img decoding=\"async\" class=\"alignnone size-full wp-image-2230\" src=\"https:\/\/omissmartcity.com\/wp-content\/uploads\/2025\/07\/amen.png\" alt=\"\" width=\"34\" height=\"34\" \/>\u00a0 ZNACI POSTIGNU\u0106A I POKAZATELJ POSVE\u0106ENOSTI SVOM ZANATU<\/h3>\n<p>Ne kuhamo za nagrade, ali na\u0107i se u dru\u0161tvu najboljih je uvijek uzbudljivo. Priznanja koja dodjeljuju kolege posebno nam zna\u010de, jer dolaze od onih koji utje\u010du na sve \u0161to radimo i zbog toga su i sami dio na\u0161eg uspjeha.<\/p>\n<ul>\n<li><strong>GASTRONAUT<\/strong> - 100 vode\u0107ih hrvatskih restorana - Restaurant Croatica<\/li>\n<li><strong>STORIES CROATIA<\/strong> - \u010dlan Stories Experience Premium Croatia<\/li>\n<li><strong>THE BREAD PROJECT<\/strong> - predstavnik Hrvatske s kruhom ispod peke<\/li>\n<li><strong>CULINARY HERITAGE EUROPE<\/strong> - nositelj oznake i prvi \u010dlan mre\u017ee u Splitsko - dalmatinskoj \u017eupaniji<\/li>\n<li><strong>TURISTI\u010cKA PRIZMA<\/strong> - me\u0111unarodna nagrada za nove doprinose u turizmu za Obrt Ka\u0161til Slanica, 2017.<\/li>\n<li><strong>SIMPLY THE BEST<\/strong> - nagrada u kategoriji Ugostiteljski objekti s ponudom tradicijske hrane i pi\u0107a u ruralnom prostoru, 2016.<\/li>\n<li><strong>SUNCOKRET RURALNOG TURIZMA<\/strong> srebrena povelja u kategoriji Tradicionalna ruralna gastronomija, 2015.<\/li>\n<\/ul>\n<h3><img decoding=\"async\" class=\"alignnone size-full wp-image-2229\" src=\"https:\/\/omissmartcity.com\/wp-content\/uploads\/2025\/07\/loc.png\" alt=\"\" width=\"34\" height=\"34\" \/> LOKACIJA &amp; KONTAKT<\/h3>\n<p>Adresa: <a href=\"http:\/\/google.com\/maps\/place\/\/data=!4m2!3m1!1s0x134a98447224603f:0x641c44511cecacee?sa=X&amp;ved=1t:8290&amp;ictx=111\">Franje Josipa 1, Poda\u0161pilje &#8211; Kanjon Cetine &#8211; 21310 Omi\u0161<\/a><\/p>\n<p>Website:<a href=\"https:\/\/kastil-slanica.hr\/\"> http:\/\/kastil-slanica.hr<\/a><\/p>\n<p>Email: <a href=\"mailto:info@kastil-slanica.hr\">info@kastil-slanica.hr<\/a><\/p>\n<p>Kontakt: 021 861 783\u00a0 , +385 99 314 6220<\/p>\n<p>Radno vrijeme: <em>Ponedjeljak - Utorak 11:00 - 18:00\u00a0<\/em><em>Srijeda - Nedjelja <\/em>11:00 - 21:00<\/p>\n<p>Rezervacija stola: <a href=\"https:\/\/kastil-slanica.hr\/kontakt\/\">https:\/\/kastil-slanica.hr\/kontakt\/ , <\/a><a href=\"mailto:info@kastil-slanica.hr\">info@kastil-slanica.hr<\/a>\u00a0 , Whatsapp +385 98 813 680<\/p>\n<hr class=\"border-border-300 my-2\" \/>\n<p><em>Photo credit: Lili Ba\u0161i\u0107, D. Biondi\u0107, Leo Tomi\u0107<\/em><\/p>","protected":false},"excerpt":{"rendered":"<p>KEEPERS OF THE SPICE OF LIFE Discover the original flavours of traditional Dalmatian cuisine in the exceptional ambience of the majestic canyon of the Cetina River where rich natural history and incomparable beauty come together to create a memorable dining experience. OUR TAKE ON CENTURIES &#8211; OLD RECIPES AS AN ODE TO CULINARY HERITAGE OF [&hellip;]<\/p>","protected":false},"featured_media":5204,"comment_status":"closed","ping_status":"closed","template":"","meta":{"_acf_changed":false,"_monsterinsights_skip_tracking":false,"_monsterinsights_sitenote_active":false,"_monsterinsights_sitenote_note":"","_monsterinsights_sitenote_category":0,"_uf_show_specific_survey":0,"_uf_disable_surveys":false},"product_brand":[],"product_cat":[15],"product_tag":[52,49],"class_list":{"0":"post-5120","1":"product","2":"type-product","3":"status-publish","4":"has-post-thumbnail","6":"product_cat-uncategorized","7":"product_tag-offers","8":"product_tag-service","10":"first","11":"instock","12":"shipping-taxable","13":"product-type-simple"},"acf":[],"aioseo_notices":[],"_links":{"self":[{"href":"https:\/\/omissmartcity.com\/hr\/wp-json\/wp\/v2\/product\/5120","targetHints":{"allow":["GET"]}}],"collection":[{"href":"https:\/\/omissmartcity.com\/hr\/wp-json\/wp\/v2\/product"}],"about":[{"href":"https:\/\/omissmartcity.com\/hr\/wp-json\/wp\/v2\/types\/product"}],"replies":[{"embeddable":true,"href":"https:\/\/omissmartcity.com\/hr\/wp-json\/wp\/v2\/comments?post=5120"}],"wp:featuredmedia":[{"embeddable":true,"href":"https:\/\/omissmartcity.com\/hr\/wp-json\/wp\/v2\/media\/5204"}],"wp:attachment":[{"href":"https:\/\/omissmartcity.com\/hr\/wp-json\/wp\/v2\/media?parent=5120"}],"wp:term":[{"taxonomy":"product_brand","embeddable":true,"href":"https:\/\/omissmartcity.com\/hr\/wp-json\/wp\/v2\/product_brand?post=5120"},{"taxonomy":"product_cat","embeddable":true,"href":"https:\/\/omissmartcity.com\/hr\/wp-json\/wp\/v2\/product_cat?post=5120"},{"taxonomy":"product_tag","embeddable":true,"href":"https:\/\/omissmartcity.com\/hr\/wp-json\/wp\/v2\/product_tag?post=5120"}],"curies":[{"name":"wp","href":"https:\/\/api.w.org\/{rel}","templated":true}]}}