{"id":5215,"date":"2025-10-07T09:02:59","date_gmt":"2025-10-07T07:02:59","guid":{"rendered":"https:\/\/omissmartcity.com\/?post_type=product&#038;p=5215"},"modified":"2025-10-08T16:17:26","modified_gmt":"2025-10-08T14:17:26","slug":"mnk-olmissum","status":"publish","type":"product","link":"https:\/\/omissmartcity.com\/hr\/proizvod\/mnk-olmissum\/","title":{"rendered":"MNK OLMISSUM"},"content":{"rendered":"<p class=\"whitespace-normal break-words\">Osnovan: 1. srpnja 2015. godine<\/p>\n<p class=\"whitespace-normal break-words\">Dvorana: Sportska dvorana Ribnjak (kapacitet cca 700)<\/p>\n<p class=\"whitespace-normal break-words\">Navija\u010dka skupina: Gusari<\/p>\n<p class=\"whitespace-normal break-words\">Boje kluba: Zelena &amp; Plava<\/p>\n<p class=\"whitespace-normal break-words\">U 1.HMNL od 2019\/2020.<\/p>\n<p class=\"whitespace-normal break-words\">MNK Olmissum iznimno je uspje\u0161an mladi klub koji je izgradio svoj pobjedni\u010dki put bez ve\u0107ih sponzora.<\/p>\n<h3 class=\"whitespace-normal break-words\"><strong><img decoding=\"async\" class=\"alignnone size-full wp-image-2036\" src=\"https:\/\/omissmartcity.com\/wp-content\/uploads\/2025\/07\/infoo.png\" alt=\"\" width=\"34\" height=\"34\" \/> MISIJA I VIZIJA\u00a0<\/strong><\/h3>\n<p class=\"whitespace-normal break-words\">MNK Olmissum je hrvatski futsal klub \u010dija je misija integriranje sporta u zajednicu, razvoj mladih talenata, promocija zdravog \u017eivota i sportskog duha u zajednici.<\/p>\n<p class=\"whitespace-normal break-words\">Klub ponosno predstavlja grad Omi\u0161 i Hrvatsku na me\u0111unarodnim natjecanjima, ostvaruju\u0107i iznimne sportske rezultate i grade\u0107i pozitivan imid\u017e.<\/p>\n<p class=\"whitespace-normal break-words\"><strong>Omladinska \u0161kola futsala<\/strong><\/p>\n<p class=\"whitespace-normal break-words\">200 + djece<\/p>\n<p class=\"whitespace-normal break-words\">Klub tako\u0111er pridaje veliku va\u017enost radu s mla\u0111im kategorijama, s omladinskom \u0161kolom koja broji oko 200 djece u razli\u010ditim dobnim skupinama. Njihovi kadeti i juniori su sudjelovali u zavr\u0161nicama prvenstva Hrvatske, \u0161to svjedo\u010di o kvalitetnom radu s mladima.<\/p>\n<p class=\"whitespace-normal break-words\">Olmissum je primjer kako predanost, vizija i zajedni\u0161tvo mogu dovesti do izuzetnih rezultata u sportu, ali i u \u0161irem dru\u0161tvenom kontekstu.<\/p>\n<h3 class=\"whitespace-normal break-words\"><strong><img decoding=\"async\" class=\"alignnone size-full wp-image-2230\" src=\"https:\/\/omissmartcity.com\/wp-content\/uploads\/2025\/07\/amen.png\" alt=\"\" width=\"34\" height=\"34\" \/> KRONOLOGIJA USPJEHA KLUBA<\/strong><\/h3>\n<div class=\"timeline-container\">\n<p><!-- Dodajte jo\u0161 stavki ovdje --><\/p>\n<\/div>\n<ul>\n<li class=\"whitespace-normal break-words\"><strong>2015<\/strong> Prva sezona - 3.HMNL, osnivanje kluba, po\u010detak natjecanja u 3.HMNL, doma\u0107e utakmice u Spaladium areni, zavr\u0161etak natjecanja kao drugoplasirani<\/li>\n<li class=\"whitespace-normal break-words\"><strong>2016\/2017<\/strong> Druga sezona - 3. HMNL, prva utakmica u svojoj dvorani Ribnjak u Omi\u0161u, osnutak Omladinske \u0161kole, plasman u 2.HMNL<\/li>\n<li class=\"whitespace-normal break-words\"><strong>2017\/2018<\/strong> Tre\u0107a sezona - 2.HMNL, osnivanje B mom\u010dadi, zavr\u0161etak natjecanja kao drugoplasirani<\/li>\n<li class=\"whitespace-normal break-words\"><strong>2018\/2019<\/strong> \u010cetvrta sezona - plasman u 1.HMNL, trenersku palicu preuzeo Duje Mareti\u0107, do zadnjeg kola prvenstva u 2.HMNL bez upisanog poraza, povijesna promocija Olmissuma kao prvoliga\u0161a<\/li>\n<li class=\"whitespace-normal break-words\"><strong>2019\/2020<\/strong> Peta sezona - pobjeda u 1.HMNL, debitiranje u 1.HMNL, povijesna pobjeda u 1.HMNL<\/li>\n<li class=\"whitespace-normal break-words\"><strong>2020\/2021<\/strong> \u0160esta sezona - trostruki prvaci, osvajanje kuba, osvajanje SuperKupa, Osvajanje 1.HMNL, plasman me\u0111u 16 najboljih mom\u010dadi u Europi (Elite round) - UEFA CHAMPIONS LEAGUE<\/li>\n<li class=\"whitespace-normal break-words\"><strong>2021\/2022<\/strong> Sedma sezona, plasman me\u0111u 16 najboljih mom\u010dadi u Europi (Elite round) - UEFA CHAMPIONS LEAGUE, drugo mjesto u Kupu Hrvatske<\/li>\n<li class=\"whitespace-normal break-words\"><strong>2022\/2023<\/strong> Osma sezona, plasman me\u0111u 16 najboljih mom\u010dadi u Europi (Elite round) - UEFA CHAMPIONS LEAGUE, Finalisti 1.HMNL<\/li>\n<li class=\"whitespace-normal break-words\"><strong>2023\/2024<\/strong> Deveta sezona, finalisti kupa 1.HMNL, plasman me\u0111u 16 najboljih mom\u010dadi u Europi (Elite round) - UEFA CHAMPIONS LEAGUE<\/li>\n<li class=\"whitespace-normal break-words\"><strong>2024\/2025<\/strong> Deseta sezona, osvajanje SuperKupa, plasman me\u0111u 16 najboljih mom\u010dadi u Europi (Elite round) - UEFA CHAMPIONS LEAGUE<\/li>\n<\/ul>\n<p class=\"whitespace-normal break-words\">MNK Olmissum zauzima visoko mjesto na UEFA - inoj ljestvici koeficijenata za futsal klubove. Prema informacijama iz \u0161panjolskih izvora, za sezonu 2024.\/2025. Olmissum je rangiran na 6. mjestu s koeficijentom od 15.500 bodova.<\/p>\n<h3 class=\"whitespace-normal break-words\"><strong><img decoding=\"async\" class=\"alignnone size-full wp-image-2034\" src=\"https:\/\/omissmartcity.com\/wp-content\/uploads\/2025\/07\/included.png\" alt=\"\" width=\"40\" height=\"34\" \/>ZA\u0160TO PODR\u017dATI MNK OLMISSUM?\u00a0<\/strong><\/h3>\n<ul>\n<li class=\"whitespace-normal break-words\"><strong>Brand Awareness<\/strong> Olmissum je jedan od najuspje\u0161nijih\nklubova u regiji s redovitim nastupima u\nnacionalnim i europskim natjecanjima\n(UEFA Champions League - u ve\u0107 \u010detiri\nnavrata klub se plasirao me\u0111u 16 najboljih\nmom\u010dadi u Europi). Sponzori dobivaju vidljivost kroz prijenose\nutakmica (MAXSport), dresove, LED ekrane,\ndru\u0161tvene mre\u017ee i web-stranicu kluba. \nKlub ima jaku lokalnu bazu navija\u010da i veliku\npodr\u0161ku u Dalmaciji \u0161to bi sponzoru\ntako\u0111er omogu\u0107ilo brand awereness i kroz\nnjihovo prisustvo na utakmicama.<\/li>\n<li class=\"whitespace-normal break-words\"><strong>Medijska pokrivenost i digitalni marketing<\/strong> Prisutnost u sportskim medijima (HNTV, Sportske novosti, UEFA kanali, lokalni portali), Prisutnost na dru\u0161tvenim mre\u017eama Olmissuma s velikim brojem pratitelja (Facebook, Instagram, Youtube), sponzori mogu biti uklju\u010deni u digitalne kampanje, video sadr\u017eaje i promotivne objave.<\/li>\n<li class=\"whitespace-normal break-words\"><strong>Aktivacija kroz doga\u0111aje<\/strong> Mogu\u0107nost organizacije sponzorskih\ndoga\u0111anja u dvorani Ribnjak (poslovni\nnetworking), Partnerstvo u humanitarnim akcijama i\n\u0161kolama futsala, organizacija turnira pod sponzorskim imenom.<\/li>\n<li class=\"whitespace-normal break-words\"><strong>Dru\u0161tvena odgovornost i lokalna zajednica<\/strong> Olmissum aktivno radi s djecom i mladima, a sponzori mogu biti prepoznati kao podr\u017eavatelji sporta i edukacije. Klub sudjeluje u dru\u0161tveno korisnim projektima (radionicama za mlade i sporta\u0161e). Promocija zdravog \u017eivota i lokalne zajednice. Aktivno sudjelovanje u humanitarnim i edukativnim inicijativama.<\/li>\n<li class=\"whitespace-normal break-words\"><strong>Va\u0161 korak prema uspjehu<\/strong><\/li>\n<\/ul>\n<p class=\"whitespace-normal break-words\">Podr\u017eavaju\u0107i Olmissium postajete dio uspje\u0161ne sportske pri\u010de koja povezuje ljude, gradi zajednicu i promovira pozitivne vrijednosti i izvrsnost.<\/p>\n<h3><img loading=\"lazy\" decoding=\"async\" class=\"alignnone size-full wp-image-2229\" src=\"https:\/\/omissmartcity.com\/wp-content\/uploads\/2025\/07\/loc.png\" alt=\"\" width=\"34\" height=\"34\" \/> <strong>LOKACIJA &amp; KONTAKT<\/strong><\/h3>\n<p class=\"whitespace-normal break-words\">Adresa: <a href=\"https:\/\/www.google.com\/maps\/place\/\/data=!4m2!3m1!1s0x134a9922780139f1:0x45b510bbcb2c176c?sa=X&amp;ved=1t:8290&amp;ictx=111\">Omi\u0161ke bojne 1, 21310 Omi\u0161 <\/a><\/p>\n<p class=\"whitespace-normal break-words\">Contact: +385 91 523 9651<\/p>\n<p class=\"whitespace-normal break-words\">E-mail: <a class=\"underline\" href=\"mailto:info@mnkolmissum.hr\">info@mnkolmissum.hr<\/a><\/p>\n<p>More info: <a href=\"https:\/\/omissmartcity.com\/wp-content\/uploads\/2025\/10\/brochurev1-.pdf\">brochurev1<\/a> <a href=\"https:\/\/omissmartcity.com\/wp-content\/uploads\/2025\/10\/flyer-2.1.pdf\">flyer 2.1<\/a> <a href=\"https:\/\/omissmartcity.com\/wp-content\/uploads\/2025\/10\/Olmissum-Sponsorship.pdf\">Olmissum Sponsorship<\/a><\/p>","protected":false},"excerpt":{"rendered":"<p>Founded: July 1, 2015 Arena: Ribnjak Sports Hall (capacity approx. 700) Supporters&#8217; group: Gusari (Pirates) Club colors: Green &amp; Blue In the 1st Croatian Futsal League since 2019\/2020 MNK Olmissum is an exceptionally successful young club that has forged its winning path without major sponsors. MISSION AND VISION\u00a0 MNK Olmissum is a Croatian futsal club [&hellip;]<\/p>","protected":false},"featured_media":5216,"comment_status":"closed","ping_status":"closed","template":"","meta":{"_acf_changed":false,"_monsterinsights_skip_tracking":false,"_monsterinsights_sitenote_active":false,"_monsterinsights_sitenote_note":"","_monsterinsights_sitenote_category":0,"_uf_show_specific_survey":0,"_uf_disable_surveys":false},"product_brand":[],"product_cat":[15],"product_tag":[52,49],"class_list":{"0":"post-5215","1":"product","2":"type-product","3":"status-publish","4":"has-post-thumbnail","6":"product_cat-uncategorized","7":"product_tag-offers","8":"product_tag-service","10":"first","11":"instock","12":"shipping-taxable","13":"product-type-simple"},"acf":[],"aioseo_notices":[],"_links":{"self":[{"href":"https:\/\/omissmartcity.com\/hr\/wp-json\/wp\/v2\/product\/5215","targetHints":{"allow":["GET"]}}],"collection":[{"href":"https:\/\/omissmartcity.com\/hr\/wp-json\/wp\/v2\/product"}],"about":[{"href":"https:\/\/omissmartcity.com\/hr\/wp-json\/wp\/v2\/types\/product"}],"replies":[{"embeddable":true,"href":"https:\/\/omissmartcity.com\/hr\/wp-json\/wp\/v2\/comments?post=5215"}],"wp:featuredmedia":[{"embeddable":true,"href":"https:\/\/omissmartcity.com\/hr\/wp-json\/wp\/v2\/media\/5216"}],"wp:attachment":[{"href":"https:\/\/omissmartcity.com\/hr\/wp-json\/wp\/v2\/media?parent=5215"}],"wp:term":[{"taxonomy":"product_brand","embeddable":true,"href":"https:\/\/omissmartcity.com\/hr\/wp-json\/wp\/v2\/product_brand?post=5215"},{"taxonomy":"product_cat","embeddable":true,"href":"https:\/\/omissmartcity.com\/hr\/wp-json\/wp\/v2\/product_cat?post=5215"},{"taxonomy":"product_tag","embeddable":true,"href":"https:\/\/omissmartcity.com\/hr\/wp-json\/wp\/v2\/product_tag?post=5215"}],"curies":[{"name":"wp","href":"https:\/\/api.w.org\/{rel}","templated":true}]}}